{"id":167,"date":"2026-02-26T00:13:28","date_gmt":"2026-02-26T00:13:28","guid":{"rendered":"https:\/\/bestpillz.com\/?post_type=product&#038;p=167"},"modified":"2026-04-21T18:25:11","modified_gmt":"2026-04-21T18:25:11","slug":"abilify","status":"publish","type":"product","link":"https:\/\/bestpillz.com\/da\/product\/abilify\/","title":{"rendered":"Abilify"},"content":{"rendered":"<h2><b>Abilify<\/b><\/h2>\n<h3><b>Almindelig brug<\/b><\/h3>\n<p>Abilify er en till\u00e6gsmedicin, der bruges til behandling af\u00a0<b>sv\u00e6r depressiv episode<\/b>,\u00a0<b>skizofreni<\/b>,\u00a0<b>maniske og blandede episoder associeret med bipolar lidelse<\/b>\u00a0hos voksne, b\u00f8rn og unge, s\u00e5vel som\u00a0<b>irritabilitet forbundet med autistisk forstyrrelse<\/b>\u00a0hos p\u00e6diatriske patienter. Virkningsmekanismen af Abilify er ukendt. Den viser delvis agonisme ved\u00a0<b>D2-receptor<\/b>, ogs\u00e5 en delvis agonist ved\u00a0<b>5-HT1A-receptor<\/b>, og viser en antagonistprofil ved\u00a0<b>5-HT2A-receptor<\/b>. Det har moderat affinitet for\u00a0<b>histamin<\/b>\u00a0og\u00a0<b>alfareceptorer<\/b>, og ingen n\u00e6vnev\u00e6rdig affinitet for\u00a0<b>kolinerge muskarine receptorer<\/b>.<\/p>\n<h3><b>Dosering og brugsanvisning<\/b><\/h3>\n<p>Tag Abilify \u00e9n gang dagligt med eller uden mad. Den s\u00e6dvanlige startdosis er\u00a0<b>10 eller 15 mg<\/b>; senere kan dosis \u00f8ges for at opn\u00e5 den \u00f8nskede effekt.<\/p>\n<h3><b>Forholdsregler<\/b><\/h3>\n<p>Denne medicin blev ikke godkendt til brug i\u00a0<b>\u00e6ldre med psykose relateret til demensrelateret psykose<\/b>\u00a0p\u00e5 grund af d\u00f8dsrisikoen.\u00a0<b>Antidepressiva<\/b>\u00a0kan \u00f8ge selvmordstanker eller -adf\u00e6rd hos nogle unge, is\u00e6r hvis dosis \u00e6ndres, eller i den f\u00f8rste periode af behandlingen. Abilify blev ikke godkendt til brug hos\u00a0<b>b\u00f8rnepatienter med depression<\/b>. Da Abilify kan neds\u00e6tte\u00a0<b>bed\u00f8mmelse<\/b>,\u00a0<b>t\u00e6nker<\/b>, eller\u00a0<b>motoriske f\u00e6rdigheder<\/b>, m\u00e5 du ikke bruge det, mens du betjener farligt maskineri, herunder biler, hvis du ikke er sikker p\u00e5, at Abilify-behandling ikke p\u00e5virker dig negativt. Informer din l\u00e6ge, hvis du er\u00a0<b>gravid<\/b>, planl\u00e6gger at blive gravide, eller er\u00a0<b>amning<\/b>\u00a0f\u00f8r du tager denne medicin. Undg\u00e5 at drikke alkohol under behandlingen. Undg\u00e5\u00a0<b>overophedning og dehydrering<\/b>. Hyperglyk\u00e6mi, eller forh\u00f8jet blodsukker, kan forekomme, n\u00e5r man tager Abilify. Hvis du har\u00a0<b>diabetes mellitus<\/b>, overv\u00e5g dit blodsukkerniveau regelm\u00e6ssigt.<\/p>\n<h3><b>Kontraindikationer<\/b><\/h3>\n<p><b>Amning<\/b>,\u00a0<b>overf\u00f8lsomhed<\/b>.<\/p>\n<h3><b>Mulige bivirkninger<\/b><\/h3>\n<p>De mest almindelige bivirkninger inkluderer\u00a0<b>kvalme<\/b>,\u00a0<b>opkastning<\/b>,\u00a0<b>forstoppelse<\/b>,\u00a0<b>hovedpine<\/b>,\u00a0<b>svimmelhed<\/b>,\u00a0<b>nerv\u00f8sitet<\/b>,\u00a0<b>s\u00f8vnl\u00f8shed<\/b>,\u00a0<b>uro<\/b>,\u00a0<b>rystelser<\/b>,\u00a0<b>hoste<\/b>,\u00a0<b>svimmelhed<\/b>,\u00a0<b>udsl\u00e6t<\/b>,\u00a0<b>l\u00f8bende n\u00e6se<\/b>,\u00a0<b>svaghed<\/b>, og\u00a0<b>v\u00e6gt\u00f8gning<\/b>. Mere alvorlige og sj\u00e6ldne bivirkninger omfatter en \u00f8get risiko for\u00a0<b>slag<\/b>\u00a0og\u00a0<b>mini-slag<\/b>;\u00a0<b>neuroleptisk malignt syndrom (NMS)<\/b>\u00a0med symptomer, der inkluderer\u00a0<b>feber<\/b>,\u00a0<b>stive muskler<\/b>, og\u00a0<b>forvirring<\/b>;\u00a0<b>tardiv dyskinesi (TD)<\/b>\u00a0med symptomer, der inkluderer\u00a0<b>ukontrollerede og unormale bev\u00e6gelser<\/b>\u00a0af kropsdele.<\/p>\n<h3><b>L\u00e6gemiddelinteraktion<\/b><\/h3>\n<p>Informer din l\u00e6ge om alt\u00a0<b>receptpligtig og h\u00e5ndk\u00f8bsmedicin<\/b>\u00a0og\u00a0<b>urted Producter<\/b>\u00a0du tager, is\u00e6r hvis du indtager alkohol,\u00a0<b>blodtryksmedicin<\/b>,\u00a0<b>carbamazepin<\/b>,\u00a0<b>fluoxetin<\/b>,\u00a0<b>ketoconazol<\/b>,\u00a0<b>paroxetin<\/b>, og\u00a0<b>quinidin<\/b>. Carbamazepin (Tegretol) neds\u00e6tter niveauet af Abilify i kroppen ved at stimulere leverenzymer som\u00a0<b>CYP3A4<\/b>. Lignende effekter p\u00e5 Abilify ses af\u00a0<b>phenytoin<\/b>\u00a0(Dilantin),\u00a0<b>rifampicin<\/b>\u00a0(Rifadin, Rimactane, Rifater, Rifamat), og\u00a0<b>fenobarbital<\/b>. Blokering af CYP3A4 ved\u00a0<b>Ketoconazol<\/b>\u00a0(Nizoral) \u00f8ger m\u00e6ngden af Abilify i kroppen. Andre l\u00e6gemidler med lignende virkning inkluderer:\u00a0<b>itraconazol<\/b>\u00a0(Sporanox),\u00a0<b>flukonazol<\/b>\u00a0(Diflucan),\u00a0<b>voriconazol<\/b>\u00a0(Vend),\u00a0<b>cimetidin<\/b>\u00a0(Tagamet),\u00a0<b>verapamil<\/b>\u00a0(Calan, Isoptin),\u00a0<b>diltiazem<\/b>\u00a0(Cardizem, Dilacor),\u00a0<b>erythromycin<\/b>,\u00a0<b>clarithromycin<\/b>\u00a0(Biaxin),\u00a0<b>nefazodon<\/b>\u00a0(Serzone),\u00a0<b>ritonavir<\/b>\u00a0(Norvir),\u00a0<b>saquinavir<\/b>\u00a0(Invirase),\u00a0<b>nelfinavir<\/b>\u00a0(Viracept),\u00a0<b>indinavir<\/b>\u00a0(Crixivan), og\u00a0<b>grapefrugtjuice<\/b>. Deres handling er ikke velunders\u00f8gt.\u00a0<b>Kinidin<\/b>\u00a0(Quinaglute, Quinidex) h\u00e6mmer et andet leverenzym kendt som\u00a0<b>CYP2D6<\/b>\u00a0og kan ogs\u00e5 \u00f8ge Abilify-niveauerne. Andre l\u00e6gemidler med lignende virkning er\u00a0<b>fluoxetin<\/b>\u00a0(Prozac) og\u00a0<b>paroxetin<\/b>\u00a0(Paxil). Abilify kan farligt \u00f8ge\u00a0<b>blodsukkerniveauer<\/b>\u00a0hos patienter med diabetes.<\/p>\n<h3><b>Glemt dosis<\/b><\/h3>\n<p>Abilify tages \u00e9n gang dagligt, s\u00e5 tag den glemte dosis, s\u00e5 snart du kommer i tanke om det. Hvis den n\u00e6ste dosis er inden for\u00a0<b>12 timer<\/b>, spring den glemte dosis over, og forts\u00e6t med dit normale doseringsskema. Dobbel aldrig dosis af dette l\u00e6gemiddel.<\/p>\n<h3><b>Overdosis<\/b><\/h3>\n<p>Almindelige bivirkninger ved overdosering omfatter\u00a0<b>opkastning<\/b>,\u00a0<b>d\u00f8sighed<\/b>, og\u00a0<b>rystelser<\/b>. Andre klinisk vigtige tegn og symptomer observeret inkluderer\u00a0<b>acidose<\/b>,\u00a0<b>aggression<\/b>,\u00a0<b>\u00f8get aspartataminotransferase<\/b>,\u00a0<b>atrieflimren<\/b>,\u00a0<b>Bradykardi<\/b>,\u00a0<b>koma<\/b>,\u00a0<b>forvirringstilstand<\/b>,\u00a0<b>krampeanfald<\/b>,\u00a0<b>forh\u00f8jet blodkreatinphosphatkinase<\/b>,\u00a0<b>nedsat bevidsthedsniveau<\/b>,\u00a0<b>hypertension<\/b>,\u00a0<b>hypokal\u00e6mi<\/b>,\u00a0<b>hypotension<\/b>,\u00a0<b>sl\u00f8vhed<\/b>,\u00a0<b>tab af bevidsthed<\/b>,\u00a0<b>forl\u00e6nget QRS-kompleks<\/b>,\u00a0<b>forl\u00e6nget QT<\/b>,\u00a0<b>lungebet\u00e6ndelse aspiration<\/b>,\u00a0<b>respiratorisk opstandelse<\/b>,\u00a0<b>status epilepticus<\/b>, og\u00a0<b>takykardi<\/b>.<\/p>\n<h3><b>Opbevaring<\/b><\/h3>\n<p>Opbevares ved stuetemperatur i en t\u00e6t, t\u00f8r beholder utilg\u00e6ngeligt for b\u00f8rn og k\u00e6ledyr. M\u00e5 ikke anvendes efter\u00a0<b>udl\u00f8bsdato<\/b>.<\/p>","protected":false},"excerpt":{"rendered":"<p><span style=\"color: #ff0000;\"><strong>buy Abilify without prescription<\/strong><\/span><\/p>\n<p><span style=\"color: #ff0000;\"><a style=\"color: #ff0000;\" href=\"https:\/\/bestpillz.com\/da\/butik\/\">We sell over-the-counter Abilify medicine<\/a>;<\/span><br \/>\n<span style=\"color: #ff0000;\">hurtig, diskret og p\u00e5lidelig levering<\/span><br \/>\n<span style=\"color: #ff0000;\">hurtig og sikker betaling<\/span><br \/>\n<span style=\"color: #ff0000;\">shop diskret uden spor<\/span><\/p>","protected":false},"featured_media":192,"comment_status":"closed","ping_status":"closed","template":"","meta":[],"product_brand":[],"product_cat":[25],"product_tag":[],"class_list":{"0":"post-167","1":"product","2":"type-product","3":"status-publish","4":"has-post-thumbnail","6":"product_cat-depressants","8":"first","9":"instock","10":"shipping-taxable","11":"purchasable","12":"product-type-variable"},"_links":{"self":[{"href":"https:\/\/bestpillz.com\/da\/wp-json\/wp\/v2\/product\/167","targetHints":{"allow":["GET"]}}],"collection":[{"href":"https:\/\/bestpillz.com\/da\/wp-json\/wp\/v2\/product"}],"about":[{"href":"https:\/\/bestpillz.com\/da\/wp-json\/wp\/v2\/types\/product"}],"replies":[{"embeddable":true,"href":"https:\/\/bestpillz.com\/da\/wp-json\/wp\/v2\/comments?post=167"}],"wp:featuredmedia":[{"embeddable":true,"href":"https:\/\/bestpillz.com\/da\/wp-json\/wp\/v2\/media\/192"}],"wp:attachment":[{"href":"https:\/\/bestpillz.com\/da\/wp-json\/wp\/v2\/media?parent=167"}],"wp:term":[{"taxonomy":"product_brand","embeddable":true,"href":"https:\/\/bestpillz.com\/da\/wp-json\/wp\/v2\/product_brand?post=167"},{"taxonomy":"product_cat","embeddable":true,"href":"https:\/\/bestpillz.com\/da\/wp-json\/wp\/v2\/product_cat?post=167"},{"taxonomy":"product_tag","embeddable":true,"href":"https:\/\/bestpillz.com\/da\/wp-json\/wp\/v2\/product_tag?post=167"}],"curies":[{"name":"wp","href":"https:\/\/api.w.org\/{rel}","templated":true}]}}