{"id":172,"date":"2026-02-26T00:13:29","date_gmt":"2026-02-26T00:13:29","guid":{"rendered":"https:\/\/bestpillz.com\/?post_type=product&#038;p=172"},"modified":"2026-02-26T00:13:34","modified_gmt":"2026-02-26T00:13:34","slug":"phentermine","status":"publish","type":"product","link":"https:\/\/bestpillz.com\/da\/vare\/phentermine\/","title":{"rendered":"Fentermin"},"content":{"rendered":"<h2><b>Adipex (Generisk Phentermine)<\/b><\/h2>\n<p>&nbsp;<\/p>\n<h3><b>Indikation<\/b><\/h3>\n<p>&nbsp;<\/p>\n<p><b>Adipex (Generisk Phentermine)<\/b>\u00a0virker som en appetitneds\u00e6tter ved at p\u00e5virke dele af centralnervesystemet, hvilket hj\u00e6lper med at mindske sult. Det \u00f8ger ogs\u00e5 energiniveauet hos patienter, der tager dette l\u00e6gemiddel. Det anbefales at bruge denne medicin i kombination med en sund kost og regelm\u00e6ssig motion.<\/p>\n<p>&nbsp;<\/p>\n<h3><b>S\u00e5dan tager du<\/b><\/h3>\n<p>&nbsp;<\/p>\n<p><b>Adipex (Generisk Phentermine)<\/b>\u00a0b\u00f8r tages \u00e9n gang dagligt f\u00f8r morgenmaden eller inden for 2 timer efter et m\u00e5ltid. Det anbefales at tage medicinen tidligt p\u00e5 dagen for at undg\u00e5 s\u00f8vnl\u00f8shed og for at udnytte dens energigivende effekt. Medicinen skal sluges hel med rigeligt vand. Det anbefales ikke til patienter under 16 \u00e5r eller \u00e6ldre. For mere detaljeret information, se etiketten og konsulter en specialist. Overskrid ikke den dosis, der er angivet p\u00e5 etiketten, uden at konsultere din l\u00e6ge.<\/p>\n<p>&nbsp;<\/p>\n<h3><b>Forholdsregler<\/b><\/h3>\n<p>&nbsp;<\/p>\n<p><b>Adipex (Generisk Phentermine)<\/b>\u00a0er et receptpligtigt l\u00e6gemiddel og kan kun ordineres af en kvalificeret l\u00e6ge. Informer l\u00e6gen, hvis du har allergi over for Adipex eller andre l\u00e6gemidler, du tager. Dette l\u00e6gemiddel anbefales ikke, hvis du har en medicinsk historie med hjertesygdomme, diabetes, glaukom eller stofmisbrug.<\/p>\n<p>&nbsp;<\/p>\n<h3><b>Bivirkninger<\/b><\/h3>\n<p>&nbsp;<\/p>\n<p>Mulige bivirkninger inkluderer:<\/p>\n<ul>\n<li>Kvalme<\/li>\n<li>Kastning<\/li>\n<li>Diarre<\/li>\n<\/ul>\n<p>Bivirkninger i centralnervesystemet kan omfatte:<\/p>\n<ul>\n<li>Hyperaktivitet<\/li>\n<li>S\u00f8vnl\u00f8shed<\/li>\n<li>Svimmelhed<\/li>\n<\/ul>\n<p>Langvarig brug af dette l\u00e6gemiddel kan f\u00f8re til fysisk og psykisk afh\u00e6ngighed.<\/p>","protected":false},"excerpt":{"rendered":"<p>Adipex (Generic Phentermine) &nbsp; Indication &nbsp; Adipex (Generic Phentermine)\u00a0acts as an appetite suppressant by affecting parts of the central nervous system, which helps lessen hunger cravings. It also increases the energy levels of patients taking this drug. It is recommended to use this medication in conjunction with a healthy diet and regular exercise. &nbsp; How [&hellip;]<\/p>\n","protected":false},"featured_media":193,"comment_status":"closed","ping_status":"closed","template":"","meta":[],"product_brand":[],"product_cat":[20],"product_tag":[],"class_list":{"0":"post-172","1":"product","2":"type-product","3":"status-publish","4":"has-post-thumbnail","6":"product_cat-weight-loss","8":"first","9":"instock","10":"shipping-taxable","11":"purchasable","12":"product-type-variable"},"_links":{"self":[{"href":"https:\/\/bestpillz.com\/da\/wp-json\/wp\/v2\/product\/172","targetHints":{"allow":["GET"]}}],"collection":[{"href":"https:\/\/bestpillz.com\/da\/wp-json\/wp\/v2\/product"}],"about":[{"href":"https:\/\/bestpillz.com\/da\/wp-json\/wp\/v2\/types\/product"}],"replies":[{"embeddable":true,"href":"https:\/\/bestpillz.com\/da\/wp-json\/wp\/v2\/comments?post=172"}],"version-history":[{"count":0,"href":"https:\/\/bestpillz.com\/da\/wp-json\/wp\/v2\/product\/172\/revisions"}],"wp:featuredmedia":[{"embeddable":true,"href":"https:\/\/bestpillz.com\/da\/wp-json\/wp\/v2\/media\/193"}],"wp:attachment":[{"href":"https:\/\/bestpillz.com\/da\/wp-json\/wp\/v2\/media?parent=172"}],"wp:term":[{"taxonomy":"product_brand","embeddable":true,"href":"https:\/\/bestpillz.com\/da\/wp-json\/wp\/v2\/product_brand?post=172"},{"taxonomy":"product_cat","embeddable":true,"href":"https:\/\/bestpillz.com\/da\/wp-json\/wp\/v2\/product_cat?post=172"},{"taxonomy":"product_tag","embeddable":true,"href":"https:\/\/bestpillz.com\/da\/wp-json\/wp\/v2\/product_tag?post=172"}],"curies":[{"name":"wp","href":"https:\/\/api.w.org\/{rel}","templated":true}]}}