{"id":368,"date":"2026-02-26T00:14:23","date_gmt":"2026-02-26T00:14:23","guid":{"rendered":"https:\/\/bestpillz.com\/?post_type=product&#038;p=368"},"modified":"2026-04-21T17:57:33","modified_gmt":"2026-04-21T17:57:33","slug":"ciprofloxacin","status":"publish","type":"product","link":"https:\/\/bestpillz.com\/da\/product\/ciprofloxacin\/","title":{"rendered":"Ciprofloxacin"},"content":{"rendered":"<h2>Ciprofloxacin \u2013 Fluorquinolon Antibiotikum (receptpligtigt)<\/h2>\n<p>Ciprofloxacin er et bredspektret fluorokinolonantibiotikum, der bruges til at behandle en bred vifte af bakterielle infektioner. Det virker ved at h\u00e6mme bakterielle DNA-gyrase og topoisomerase IV, enzymer, der er essentielle for DNA-replikation, transskription og reparation, hvilket f\u00f8rer til celled\u00f8d hos bakterier.<\/p>\n<p><span style=\"color: #ff0000;\"><strong>k\u00f8b Ciprofloxacin medicin uden recept<\/strong><\/span><\/p>\n<p><span style=\"color: #ff0000;\"><a style=\"color: #ff0000;\" href=\"https:\/\/bestpillz.com\/da\/butik\/\">Vi s\u00e6lger h\u00e5ndk\u00f8bsmedicin med ciprofloxacin<\/a>;<\/span><br \/>\n<span style=\"color: #ff0000;\">hurtig, diskret og p\u00e5lidelig levering<\/span><br \/>\n<span style=\"color: #ff0000;\">hurtig og sikker betaling<\/span><br \/>\n<span style=\"color: #ff0000;\">shop diskret uden spor<\/span><\/p>\n<p>Det ordineres almindeligvis til infektioner som urinvejsinfektioner (UVI), luftvejsinfektioner, mave-tarm-infektioner, hudinfektioner og visse seksuelt overf\u00f8rte infektioner. Ciprofloxacin er is\u00e6r effektiv mod mange gram-negative bakterier.<\/p>\n<h3>N\u00f8gledetaljer<\/h3>\n<ul>\n<li>Aktivt stof: Ciprofloxacin<\/li>\n<li>L\u00e6gemiddelklasse: Fluoroquinolon-antibiotikum<\/li>\n<li>Indikationer:\n<ul>\n<li>Urinvejsinfektioner (UVI'er)<\/li>\n<li>Luftvejsinfektioner<\/li>\n<li>Gastrointestinale infektioner (f.eks. turistdiarr\u00e9)<\/li>\n<li>Hud- og bl\u00f8ddelsinfektioner<\/li>\n<li>Knogle- og ledinfektioner<\/li>\n<\/ul>\n<\/li>\n<li>Virkningsmekanisme: H\u00e6mmer DNA gyrase &amp; topoisomerase IV \u2192 baktericid effekt<\/li>\n<li>Spektrum: Bredspektret (st\u00e6rk Gram-negativ d\u00e6kning)<\/li>\n<li>Receptstatus: Receptpligtig medicin<\/li>\n<\/ul>\n<h3>Specifikationer<\/h3>\n<ul>\n<li>Doseringstyper\n<ul>\n<li>Tabletter til oral brug<\/li>\n<li>Oral suspension<\/li>\n<li>Intraven\u00f8s (IV) infusion<\/li>\n<li>Oftalmisk og otisk opl\u00f8sning<\/li>\n<\/ul>\n<\/li>\n<li>Almindelige styrker (oral): 250 mg, 500 mg, 750 mg<\/li>\n<li>Administration: Oral eller IV afh\u00e6ngig af sv\u00e6rhedsgrad<\/li>\n<li>Dosering Frekvens: Normalt to gange dagligt (varierer efter infektion)<\/li>\n<li>Inds\u00e6ttende virkning: Inden for timer efter administration<\/li>\n<li>Halveringstid: ~4 timer<\/li>\n<li>Metabolisme: Delvis hepatisk metabolisme<\/li>\n<li>Udskillelse: Prim\u00e6rt renal<\/li>\n<li>Opbevaring ved stuetemperatur<\/li>\n<\/ul>\n<h3>Dosering og administration<\/h3>\n<ul>\n<li>Dosis afh\u00e6nger af infektionens type og sv\u00e6rhedsgrad<\/li>\n<li>Typisk oral dosis til voksne: 250\u2013750 mg hver 12. time<\/li>\n<li>Gennemf\u00f8r hele det foreskrevne kursus for at forebygge resistens<\/li>\n<li>Tag med vand; undg\u00e5 at tage p\u00e5 samme tid med antacida eller calciumholdige produkter (de reducerer absorptionen)<\/li>\n<\/ul>\n<h3>Kompatibilitet \/ Egnet brug<\/h3>\n<ul>\n<li>Voksne med bekr\u00e6ftede eller formodede bakterielle infektioner<\/li>\n<li>Patienter der kr\u00e6ver bredspektret antibiotisk behandling<\/li>\n<li>Egnet til oral eller IV behandling afh\u00e6ngig af sv\u00e6rhedsgrad<\/li>\n<li>Skal anvendes under l\u00e6geligt tilsyn<\/li>\n<\/ul>\n<h3>Kontraindikationer<\/h3>\n<ul>\n<li>Overf\u00f8lsomhed over for ciprofloxacin eller andre fluoroquinoloner<\/li>\n<li>Brug med tizanidin (kontraindiceret interaktion)<\/li>\n<\/ul>\n<p>&nbsp;<\/p>\n<h3>Hvorfor v\u00e6lge Ciprofloxacin?<\/h3>\n<p>Ciprofloxacin er et bredt anvendt bredspektret antibiotikum med st\u00e6rk aktivitet mod gram-negative bakterier. Dets tilg\u00e6ngelighed i flere former (oral og IV) og effektivitet i behandling af diverse infektioner g\u00f8r det til en alsidig mulighed i klinisk praksis.<\/p>\n<p>&nbsp;<\/p>","protected":false},"excerpt":{"rendered":"<p><span style=\"color: #ff0000;\"><strong>k\u00f8b Ciprofloxacin medicin uden recept<\/strong><\/span><\/p>\n<p><span style=\"color: #ff0000;\"><a style=\"color: #ff0000;\" href=\"https:\/\/bestpillz.com\/da\/butik\/\">Vi s\u00e6lger h\u00e5ndk\u00f8bsmedicin med ciprofloxacin<\/a>;<\/span><br \/>\n<span style=\"color: #ff0000;\">hurtig, diskret og p\u00e5lidelig levering<\/span><br \/>\n<span style=\"color: #ff0000;\">hurtig og sikker betaling<\/span><br \/>\n<span style=\"color: #ff0000;\">shop diskret uden spor<\/span><\/p>","protected":false},"featured_media":379,"comment_status":"closed","ping_status":"closed","template":"","meta":[],"product_brand":[],"product_cat":[30],"product_tag":[],"class_list":{"0":"post-368","1":"product","2":"type-product","3":"status-publish","4":"has-post-thumbnail","6":"product_cat-anti-biotics","8":"first","9":"instock","10":"shipping-taxable","11":"purchasable","12":"product-type-variable"},"_links":{"self":[{"href":"https:\/\/bestpillz.com\/da\/wp-json\/wp\/v2\/product\/368","targetHints":{"allow":["GET"]}}],"collection":[{"href":"https:\/\/bestpillz.com\/da\/wp-json\/wp\/v2\/product"}],"about":[{"href":"https:\/\/bestpillz.com\/da\/wp-json\/wp\/v2\/types\/product"}],"replies":[{"embeddable":true,"href":"https:\/\/bestpillz.com\/da\/wp-json\/wp\/v2\/comments?post=368"}],"wp:featuredmedia":[{"embeddable":true,"href":"https:\/\/bestpillz.com\/da\/wp-json\/wp\/v2\/media\/379"}],"wp:attachment":[{"href":"https:\/\/bestpillz.com\/da\/wp-json\/wp\/v2\/media?parent=368"}],"wp:term":[{"taxonomy":"product_brand","embeddable":true,"href":"https:\/\/bestpillz.com\/da\/wp-json\/wp\/v2\/product_brand?post=368"},{"taxonomy":"product_cat","embeddable":true,"href":"https:\/\/bestpillz.com\/da\/wp-json\/wp\/v2\/product_cat?post=368"},{"taxonomy":"product_tag","embeddable":true,"href":"https:\/\/bestpillz.com\/da\/wp-json\/wp\/v2\/product_tag?post=368"}],"curies":[{"name":"wp","href":"https:\/\/api.w.org\/{rel}","templated":true}]}}