{"id":167,"date":"2026-02-26T00:13:28","date_gmt":"2026-02-26T00:13:28","guid":{"rendered":"https:\/\/bestpillz.com\/?post_type=product&#038;p=167"},"modified":"2026-04-21T18:25:11","modified_gmt":"2026-04-21T18:25:11","slug":"abilify","status":"publish","type":"product","link":"https:\/\/bestpillz.com\/de\/product\/abilify\/","title":{"rendered":"Abilify"},"content":{"rendered":"<h2><b>Abilify<\/b><\/h2>\n<h3><b>Gebr\u00e4uchliche Verwendung<\/b><\/h3>\n<p>Abilify ist ein Zusatzmedikament zur Behandlung von\u00a0<b>major depressive disorder<\/b>,\u00a0<b>Schizophrenie<\/b>,\u00a0<b>manische und gemischte Episoden im Zusammenhang mit bipolarer St\u00f6rung<\/b>\u00a0bei Erwachsenen, Kindern und Jugendlichen, sowie\u00a0<b>Reizbarkeit im Zusammenhang mit Autismus-Spektrum-St\u00f6rung<\/b>\u00a0bei p\u00e4diatrischen Patienten. Der Wirkmechanismus von Abilify ist unbekannt. Es zeigt partiellen Agonismus am\u00a0<b>D2-Rezeptor<\/b>, ist auch ein partieller Agonist am\u00a0<b>5-HT1A-Rezeptor<\/b>, und zeigt ein Antagonistenprofil bei\u00a0<b>5-HT2A-Rezeptor<\/b>. Es hat eine moderate Affinit\u00e4t zu\u00a0<b>Histamin<\/b>\u00a0und\u00a0<b>alpha-adrenerge Rezeptoren<\/b>, und keine wesentliche Affinit\u00e4t f\u00fcr\u00a0<b>cholinerge muskarinische Rezeptoren<\/b>.<\/p>\n<h3><b>Dosierung und Anwendung<\/b><\/h3>\n<p>Nehmen Sie Abilify einmal t\u00e4glich mit oder ohne Nahrung ein. Die \u00fcbliche Anfangsdosis betr\u00e4gt\u00a0<b>10 oder 15 mg<\/b>; sp\u00e4ter kann die Dosis erh\u00f6ht werden, um die gew\u00fcnschte Wirkung zu erzielen.<\/p>\n<h3><b>Vorsichtsma\u00dfnahmen<\/b><\/h3>\n<p>Dieses Medikament wurde nicht f\u00fcr die Anwendung in zugelassen\u00a0<b>\u00e4ltere Menschen mit Psychose im Zusammenhang mit demenzbedingter Psychose<\/b>\u00a0wegen der Todesgefahr.\u00a0<b>Antidepressiva<\/b>\u00a0k\u00f6nnen bei einigen Jugendlichen suizidale Gedanken oder Verhaltensweisen verursachen, insbesondere wenn die Dosis ge\u00e4ndert wird oder w\u00e4hrend der ersten Behandlungsphase. Abilify wurde nicht zur Anwendung zugelassen\u00a0<b>p\u00e4diatrische Patienten mit Depression<\/b>. Da Abilify beeintr\u00e4chtigen kann\u00a0<b>Urteil<\/b>,\u00a0<b>Denken<\/b>, oder\u00a0<b>motorische F\u00e4higkeiten<\/b>, benutzen Sie es nicht, w\u00e4hrend Sie gef\u00e4hrliche Maschinen bedienen, einschlie\u00dflich Autos, wenn Sie sich nicht sicher sind, dass die Abilify-Therapie Sie nicht nachteilig beeinflusst. Informieren Sie Ihren Arzt, wenn Sie\u00a0<b>schwanger<\/b>, planen, schwanger zu werden, oder sind\u00a0<b>Stillen<\/b>\u00a0vor der Einnahme dieses Medikaments. Vermeiden Sie w\u00e4hrend der Behandlung den Konsum von alkoholischen Getr\u00e4nken. Vermeiden Sie\u00a0<b>\u00dcberhitzung und Dehydrierung<\/b>. Hyperglyk\u00e4mie, oder auch erh\u00f6hter Blutzucker, kann unter der Einnahme von Abilify auftreten. Wenn Sie\u00a0<b>Diabetes mellitus<\/b>, \u00fcberwachen Sie regelm\u00e4\u00dfig Ihren Blutzuckerspiegel.<\/p>\n<h3><b>Gegenanzeigen<\/b><\/h3>\n<p><b>Stillen<\/b>,\u00a0<b>\u00dcberempfindlichkeit<\/b>.<\/p>\n<h3><b>M\u00f6gliche Nebenwirkungen<\/b><\/h3>\n<p>Die h\u00e4ufigsten Nebenwirkungen sind\u00a0<b>\u00dcbelkeit<\/b>,\u00a0<b>Erbrechen<\/b>,\u00a0<b>Verstopfung<\/b>,\u00a0<b>Kopfschmerzen<\/b>,\u00a0<b>Schwindel<\/b>,\u00a0<b>Nervosit\u00e4t<\/b>,\u00a0<b>Schlaflosigkeit<\/b>,\u00a0<b>Unruhe<\/b>,\u00a0<b>Ersch\u00fctterungen<\/b>,\u00a0<b>husten<\/b>,\u00a0<b>Benommenheit<\/b>,\u00a0<b>Ausschlag<\/b>,\u00a0<b>Schnupfen<\/b>,\u00a0<b>Schw\u00e4che<\/b>, und\u00a0<b>Gewichtszunahme<\/b>. Schwerwiegendere und seltene Nebenwirkungen schlie\u00dfen ein erh\u00f6htes Risiko von ein\u00a0<b>Schlaganfall<\/b>\u00a0und\u00a0<b>Mini-Schlaganfall<\/b>;\u00a0<b>Neuroleptisches malignes Syndrom (NMS)<\/b>\u00a0mit Symptomen, darunter\u00a0<b>Fieber<\/b>,\u00a0<b>steife Muskeln<\/b>, und\u00a0<b>Verwirrung<\/b>;\u00a0<b>Tardive Dyskinesie (TD)<\/b>\u00a0mit Symptomen, darunter\u00a0<b>unkontrollierte und abnorme Bewegungen<\/b>\u00a0K\u00f6rperteile.<\/p>\n<h3><b>Wechselwirkung von Medikamenten<\/b><\/h3>\n<p>Informieren Sie Ihren Arzt \u00fcber alles\u00a0<b>verschreibungspflichtige und rezeptfreie Medikamente<\/b>\u00a0und\u00a0<b>Kr\u00e4uterprodukte<\/b>\u00a0die Sie einnehmen, insbesondere wenn Sie Alkohol konsumieren,\u00a0<b>Blutdruckmedikamente<\/b>,\u00a0<b>Carbamazepin<\/b>,\u00a0<b>Fluoxetin<\/b>,\u00a0<b>Ketoconazol<\/b>,\u00a0<b>Paroxetin<\/b>, und\u00a0<b>Chinin<\/b>. Carbamazepin (Tegretol) senkt den Spiegel von Abilify im K\u00f6rper, indem es Leberenzyme wie\u00a0<b>CYP3A4<\/b>. \u00c4hnliche Effekte auf Abilify werden gezeigt durch\u00a0<b>Phenytoin<\/b>\u00a0(Dilantin),\u00a0<b>Rifampicin<\/b>\u00a0(Rifadin, Rimactane, Rifater, Rifamate) und\u00a0<b>Phenobarbital<\/b>. Blockade von CYP3A4 durch\u00a0<b>Ketoconazol<\/b>\u00a0(Nizoral) erh\u00f6ht die Menge von Abilify im K\u00f6rper. Andere Medikamente mit \u00e4hnlicher Wirkung sind:\u00a0<b>Itraconazol<\/b>\u00a0(Sporanox),\u00a0<b>Fluconazol<\/b>\u00a0(Diflucan),\u00a0<b>Voriconazol<\/b>\u00a0(Vfend),\u00a0<b>Cimetidin<\/b>\u00a0(Tagamet),\u00a0<b>Verapamil<\/b>\u00a0(Calan, Isoptin),\u00a0<b>Diltiazem<\/b>\u00a0(Cardizem, Dilacor),\u00a0<b>Erythromycin<\/b>,\u00a0<b>Clarithromycin<\/b>\u00a0(Biaxin),\u00a0<b>Nefazodon<\/b>\u00a0(Serzone),\u00a0<b>Ritonavir<\/b>\u00a0(Norvir),\u00a0<b>Saquinavir<\/b>\u00a0(Invirase),\u00a0<b>Nelfinavir<\/b>\u00a0Viracept,\u00a0<b>Indinavir<\/b>\u00a0(Crixivan), und\u00a0<b>Grapefruitsaft<\/b>. Ihre Aktion ist nicht gut untersucht.\u00a0<b>Chinin<\/b>\u00a0(Quinaglut, Quinidex) hemmt ein weiteres Leberenzym, das als\u00a0<b>CYP2D6<\/b>\u00a0und kann auch die Abilify-Spiegel erh\u00f6hen. Andere Medikamente mit \u00e4hnlicher Wirkung sind\u00a0<b>Fluoxetin<\/b>\u00a0(Prozac) und\u00a0<b>Paroxetin<\/b>\u00a0(Paxil). Abilify kann gef\u00e4hrlich erh\u00f6hen\u00a0<b>Blutzuckerwerte<\/b>\u00a0bei Patienten mit Diabetes.<\/p>\n<h3><b>Verpasste Dosis<\/b><\/h3>\n<p>Abilify wird einmal t\u00e4glich eingenommen, nehmen Sie also die vergessene Dosis ein, sobald Sie sich daran erinnern. Wenn die n\u00e4chste Dosis innerhalb\u00a0<b>12 Stunden<\/b>, nehmen Sie die verpasste Dosis nicht ein und setzen Sie Ihren normalen Dosierungsplan fort. Verdoppeln Sie niemals die Dosis dieses Medikaments.<\/p>\n<h3><b>\u00dcberdosis<\/b><\/h3>\n<p>H\u00e4ufige unerw\u00fcnschte Reaktionen auf eine \u00dcberdosierung sind\u00a0<b>Erbrechen<\/b>,\u00a0<b>Schl\u00e4frigkeit<\/b>, und\u00a0<b>Zittern<\/b>. Weitere klinisch bedeutsame beobachtete Anzeichen und Symptome sind\u00a0<b>Azidose<\/b>,\u00a0<b>Aggression<\/b>,\u00a0<b>erh\u00f6hte Aspartat-Aminotransferase<\/b>,\u00a0<b>Vorhofflimmern<\/b>,\u00a0<b>Bradykardie<\/b>,\u00a0<b>Koma<\/b>,\u00a0<b>verwirrter Zustand<\/b>,\u00a0<b>Krampfanfall<\/b>,\u00a0<b>erh\u00f6hte Blut-Kreatinkinase<\/b>,\u00a0<b>deprimierter Bewusstseinszustand<\/b>,\u00a0<b>Bluthochdruck<\/b>,\u00a0<b>Hypokali\u00e4mie<\/b>,\u00a0<b>Hypotonie<\/b>,\u00a0<b>Lethargie<\/b>,\u00a0<b>Bewusstlosigkeit<\/b>,\u00a0<b>verl\u00e4ngerter QRS-Komplex<\/b>,\u00a0<b>verl\u00e4ngertes QT<\/b>,\u00a0<b>Lungenentz\u00fcndung durch Aspiration<\/b>,\u00a0<b>Atemstillstand<\/b>,\u00a0<b>Status epilepticus<\/b>, und\u00a0<b>Tachykardie<\/b>.<\/p>\n<h3><b>Speicher<\/b><\/h3>\n<p>Bei Raumtemperatur in einem dicht verschlossenen, trockenen Beh\u00e4lter au\u00dferhalb der Reichweite von Kindern und Haustieren aufbewahren. Nicht verwenden nach dem\u00a0<b>Verfallsdatum<\/b>.<\/p>","protected":false},"excerpt":{"rendered":"<p><span style=\"color: #ff0000;\"><strong>buy Abilify without prescription<\/strong><\/span><\/p>\n<p><span style=\"color: #ff0000;\"><a style=\"color: #ff0000;\" href=\"https:\/\/bestpillz.com\/de\/shop\/\">We sell over-the-counter Abilify medicine<\/a>;<\/span><br \/>\n<span style=\"color: #ff0000;\">schnelle, diskrete und vertrauensw\u00fcrdige Lieferung<\/span><br \/>\n<span style=\"color: #ff0000;\">schnelle und sichere Zahlung<\/span><br \/>\n<span style=\"color: #ff0000;\">diskret ohne Spuren einkaufen<\/span><\/p>","protected":false},"featured_media":192,"comment_status":"closed","ping_status":"closed","template":"","meta":[],"product_brand":[],"product_cat":[25],"product_tag":[],"class_list":{"0":"post-167","1":"product","2":"type-product","3":"status-publish","4":"has-post-thumbnail","6":"product_cat-depressants","8":"first","9":"instock","10":"shipping-taxable","11":"purchasable","12":"product-type-variable"},"_links":{"self":[{"href":"https:\/\/bestpillz.com\/de\/wp-json\/wp\/v2\/product\/167","targetHints":{"allow":["GET"]}}],"collection":[{"href":"https:\/\/bestpillz.com\/de\/wp-json\/wp\/v2\/product"}],"about":[{"href":"https:\/\/bestpillz.com\/de\/wp-json\/wp\/v2\/types\/product"}],"replies":[{"embeddable":true,"href":"https:\/\/bestpillz.com\/de\/wp-json\/wp\/v2\/comments?post=167"}],"wp:featuredmedia":[{"embeddable":true,"href":"https:\/\/bestpillz.com\/de\/wp-json\/wp\/v2\/media\/192"}],"wp:attachment":[{"href":"https:\/\/bestpillz.com\/de\/wp-json\/wp\/v2\/media?parent=167"}],"wp:term":[{"taxonomy":"product_brand","embeddable":true,"href":"https:\/\/bestpillz.com\/de\/wp-json\/wp\/v2\/product_brand?post=167"},{"taxonomy":"product_cat","embeddable":true,"href":"https:\/\/bestpillz.com\/de\/wp-json\/wp\/v2\/product_cat?post=167"},{"taxonomy":"product_tag","embeddable":true,"href":"https:\/\/bestpillz.com\/de\/wp-json\/wp\/v2\/product_tag?post=167"}],"curies":[{"name":"wp","href":"https:\/\/api.w.org\/{rel}","templated":true}]}}