{"id":172,"date":"2026-02-26T00:13:29","date_gmt":"2026-02-26T00:13:29","guid":{"rendered":"https:\/\/bestpillz.com\/?post_type=product&#038;p=172"},"modified":"2026-02-26T00:13:34","modified_gmt":"2026-02-26T00:13:34","slug":"phentermine","status":"publish","type":"product","link":"https:\/\/bestpillz.com\/de\/produkt\/phentermine\/","title":{"rendered":"Phentermin"},"content":{"rendered":"<h2><b>Adipex (Generisches Phentermin)<\/b><\/h2>\n<p>&nbsp;<\/p>\n<h3><b>Indikation<\/b><\/h3>\n<p>&nbsp;<\/p>\n<p><b>Adipex (Generisches Phentermin)<\/b>\u00a0wirkt als Appetitz\u00fcgler, indem es Teile des zentralen Nervensystems beeinflusst, was hilft, Hei\u00dfhungerattacken zu reduzieren. Es erh\u00f6ht auch das Energieniveau von Patienten, die dieses Medikament einnehmen. Es wird empfohlen, dieses Medikament in Verbindung mit einer gesunden Ern\u00e4hrung und regelm\u00e4\u00dfiger Bewegung anzuwenden.<\/p>\n<p>&nbsp;<\/p>\n<h3><b>Wie man nimmt<\/b><\/h3>\n<p>&nbsp;<\/p>\n<p><b>Adipex (Generisches Phentermin)<\/b>\u00a0sollte einmal t\u00e4glich vor dem Fr\u00fchst\u00fcck oder innerhalb von 2 Stunden nach dem Essen eingenommen werden. Es wird empfohlen, das Medikament fr\u00fch am Tag einzunehmen, um Schlaflosigkeit zu vermeiden und die energiespendenden Wirkungen zu nutzen. Das Medikament sollte unzerkaut mit viel Wasser eingenommen werden. Es wird f\u00fcr Patienten unter 16 Jahren oder f\u00fcr \u00e4ltere Menschen nicht empfohlen. F\u00fcr detailliertere Informationen beachten Sie bitte das Etikett und konsultieren Sie einen Spezialisten. \u00dcberschreiten Sie die auf dem Etikett angegebene Dosierung nicht ohne R\u00fccksprache mit Ihrem Arzt.<\/p>\n<p>&nbsp;<\/p>\n<h3><b>Vorsichtsma\u00dfnahmen<\/b><\/h3>\n<p>&nbsp;<\/p>\n<p><b>Adipex (Generisches Phentermin)<\/b>\u00a0ist ein verschreibungspflichtiges Medikament und darf nur von einem qualifizierten Arzt verschrieben werden. Informieren Sie den Arzt, wenn Sie allergisch auf Adipex oder andere Medikamente, die Sie einnehmen, reagieren. Dieses Medikament wird nicht empfohlen, wenn Sie eine Krankengeschichte von Herzerkrankungen, Diabetes, Glaukom oder Drogenmissbrauch haben.<\/p>\n<p>&nbsp;<\/p>\n<h3><b>Nebenwirkungen<\/b><\/h3>\n<p>&nbsp;<\/p>\n<p>M\u00f6gliche Nebenwirkungen sind:<\/p>\n<ul>\n<li>\u00dcbelkeit<\/li>\n<li>Erbrechen<\/li>\n<li>Durchfall<\/li>\n<\/ul>\n<p>Nebenwirkungen des zentralen Nervensystems k\u00f6nnen sein:<\/p>\n<ul>\n<li>Hyperaktivit\u00e4t<\/li>\n<li>Schlaflosigkeit<\/li>\n<li>Schwindel<\/li>\n<\/ul>\n<p>Die langfristige Anwendung dieses Medikaments kann zu k\u00f6rperlicher und psychischer Abh\u00e4ngigkeit f\u00fchren.<\/p>","protected":false},"excerpt":{"rendered":"<p>Adipex (Generic Phentermine) &nbsp; Indication &nbsp; Adipex (Generic Phentermine)\u00a0acts as an appetite suppressant by affecting parts of the central nervous system, which helps lessen hunger cravings. It also increases the energy levels of patients taking this drug. It is recommended to use this medication in conjunction with a healthy diet and regular exercise. &nbsp; How [&hellip;]<\/p>\n","protected":false},"featured_media":193,"comment_status":"closed","ping_status":"closed","template":"","meta":[],"product_brand":[],"product_cat":[20],"product_tag":[],"class_list":{"0":"post-172","1":"product","2":"type-product","3":"status-publish","4":"has-post-thumbnail","6":"product_cat-weight-loss","8":"first","9":"instock","10":"shipping-taxable","11":"purchasable","12":"product-type-variable"},"_links":{"self":[{"href":"https:\/\/bestpillz.com\/de\/wp-json\/wp\/v2\/product\/172","targetHints":{"allow":["GET"]}}],"collection":[{"href":"https:\/\/bestpillz.com\/de\/wp-json\/wp\/v2\/product"}],"about":[{"href":"https:\/\/bestpillz.com\/de\/wp-json\/wp\/v2\/types\/product"}],"replies":[{"embeddable":true,"href":"https:\/\/bestpillz.com\/de\/wp-json\/wp\/v2\/comments?post=172"}],"version-history":[{"count":0,"href":"https:\/\/bestpillz.com\/de\/wp-json\/wp\/v2\/product\/172\/revisions"}],"wp:featuredmedia":[{"embeddable":true,"href":"https:\/\/bestpillz.com\/de\/wp-json\/wp\/v2\/media\/193"}],"wp:attachment":[{"href":"https:\/\/bestpillz.com\/de\/wp-json\/wp\/v2\/media?parent=172"}],"wp:term":[{"taxonomy":"product_brand","embeddable":true,"href":"https:\/\/bestpillz.com\/de\/wp-json\/wp\/v2\/product_brand?post=172"},{"taxonomy":"product_cat","embeddable":true,"href":"https:\/\/bestpillz.com\/de\/wp-json\/wp\/v2\/product_cat?post=172"},{"taxonomy":"product_tag","embeddable":true,"href":"https:\/\/bestpillz.com\/de\/wp-json\/wp\/v2\/product_tag?post=172"}],"curies":[{"name":"wp","href":"https:\/\/api.w.org\/{rel}","templated":true}]}}