{"id":453,"date":"2026-02-26T00:14:56","date_gmt":"2026-02-26T00:14:56","guid":{"rendered":"https:\/\/bestpillz.com\/?post_type=product&#038;p=453"},"modified":"2026-04-20T07:35:20","modified_gmt":"2026-04-20T07:35:20","slug":"asmoken","status":"publish","type":"product","link":"https:\/\/bestpillz.com\/de\/product\/asmoken\/","title":{"rendered":"Als Raucher"},"content":{"rendered":"<div id=\"model-response-message-contentr_80b8e673a5847692\" class=\"markdown markdown-main-panel stronger enable-updated-hr-color\" dir=\"ltr\" aria-live=\"polite\" aria-busy=\"false\">\n<h2 data-path-to-node=\"3\">Asmoken (Cytisin) 1,5 mg \u2013 Fortschrittliche pflanzliche Hilfe zur Raucherentw\u00f6hnung<\/h2>\n<p data-path-to-node=\"4\">Brechen Sie den Kreislauf der Nikotinabh\u00e4ngigkeit mit Asmoken, der klinisch erprobten, pflanzlichen L\u00f6sung f\u00fcr die dauerhafte Raucherentw\u00f6hnung. Asmoken verwendet Cytisin, eine nat\u00fcrliche Substanz aus dem Goldregenbaum, und bietet damit eine nikotinfreie Alternative zu herk\u00f6mmlichen Pflastern und Kaugummis.<\/p>\n<p data-path-to-node=\"5\">Entwickelt f\u00fcr diejenigen, die mit dem Rauchen aufh\u00f6ren m\u00f6chten, ohne Nikotinersatztherapien langfristig anzuwenden, wirkt Asmoken, indem es die Nikotinrezeptoren des Gehirns gezielt anspricht und so Entzugserscheinungen und das Verlangen nach Nikotin erheblich reduziert.<\/p>\n<h3 data-path-to-node=\"7\">So funktioniert's: Der \u201cBlock &amp; Relieve\u201d-Mechanismus<\/h3>\n<p data-path-to-node=\"8\">Asmoken wirkt als Partialagonist an den nikotinischen Acetylcholinrezeptoren. Dies f\u00fchrt w\u00e4hrend Ihrer Entw\u00f6hnung zu einem zweifachen Effekt:<\/p>\n<ul data-path-to-node=\"9\">\n<li>\n<p data-path-to-node=\"9,0,0\">Linderung: Es stimuliert die Rezeptoren ausreichend, um die Schwere der Entzugserscheinungen (Reizbarkeit, Angst und Ruhelosigkeit) zu verringern.<\/p>\n<\/li>\n<li>\n<p data-path-to-node=\"9,1,0\">Blockade: Es verhindert, dass Nikotin an dieselben Rezeptoren bindet. Wenn Sie doch einmal schwach werden und rauchen, werden Sie nicht die damit verbundene \u201cBefriedigung\u201d oder den \u201cKick\u201d erleben, was hilft, den psychologischen Belohnungskreislauf zu durchbrechen.<\/p>\n<\/li>\n<\/ul>\n<h3 data-path-to-node=\"11\">Der Asmoken Vorteil<\/h3>\n<ul data-path-to-node=\"12\">\n<li>\n<p data-path-to-node=\"12,0,0\">Pflanzliche Formel: Eine nat\u00fcrliche Alternative zu synthetischen pharmazeutischen Entw\u00f6hnungshilfen.<\/p>\n<\/li>\n<li>\n<p data-path-to-node=\"12,1,0\">Kurzer Behandlungszyklus: Im Gegensatz zu anderen Programmen, die 3\u20136 Monate dauern, dauert der Standard-Asmoken-Zyklus nur 25 Tage.<\/p>\n<\/li>\n<li>\n<p data-path-to-node=\"12,2,0\">Hohe Erfolgsrate: Klinische Studien haben gezeigt, dass Zytisin besser wirkt als ein Placebo und so effektiv wie Nikotinersatztherapie (NRT) ist, oder sogar besser.<\/p>\n<\/li>\n<li>\n<p data-path-to-node=\"12,3,0\">Nicht nikotinhaltig: Hilft Ihnen, sich vollst\u00e4ndig von Nikotin zu entw\u00f6hnen, anstatt nur die Verabreichungsmethode zu \u00e4ndern.<\/p>\n<\/li>\n<\/ul>\n<h3 data-path-to-node=\"14\">Technische Spezifikationen &amp; Dosierung<\/h3>\n<table data-path-to-node=\"15\">\n<thead>\n<tr>\n<td>Merkmal<\/td>\n<td>Details<\/td>\n<\/tr>\n<\/thead>\n<tbody>\n<tr>\n<td>Wirkstoff<\/td>\n<td>Cytisin (1,5 mg pro Tablette)<\/td>\n<\/tr>\n<tr>\n<td>Arzneimittelklasse<\/td>\n<td>Nikotinischer Acetylcholinrezeptor-Partialagonist<\/td>\n<\/tr>\n<tr>\n<td>Behandlungsdauer<\/td>\n<td>25-Tage-Strukturierter Zyklus<\/td>\n<\/tr>\n<tr>\n<td>Ursprung<\/td>\n<td>Pflanzlich (Goldregen)<\/td>\n<\/tr>\n<tr>\n<td>Format<\/td>\n<td>Tablette<\/td>\n<\/tr>\n<tr>\n<td>Nikotingehalt<\/td>\n<td>0% (100% Nikotinfrei)<\/td>\n<\/tr>\n<\/tbody>\n<\/table>\n<h3 data-path-to-node=\"17\">Der 25-Tage-Ausstiegsfahrplan<\/h3>\n<p data-path-to-node=\"18\">Um maximale Ergebnisse zu erzielen, folgt Asmoken einem spezifischen Reduktionsplan. Sie rauchen w\u00e4hrend der ersten 5 Behandlungstage weiter, da sich das Zytisin in Ihrem K\u00f6rper anreichert. Ab Tag 5 sollten Sie vollst\u00e4ndig mit dem Rauchen aufh\u00f6ren, da das Medikament seine Spitzenwirksamkeit bei der Blockade der Nikotinzufriedenheit erreicht.<\/p>\n<h3 data-path-to-node=\"23\">Sicherheit &amp; Kompatibilit\u00e4t<\/h3>\n<p data-path-to-node=\"24\">Asmoken wird im Allgemeinen gut vertragen. Die h\u00e4ufigsten Nebenwirkungen sind mild und umfassen \u00c4nderungen des Appetits oder des Schlafverhaltens w\u00e4hrend der ersten Tage der Entgiftung.<\/p>\n<ul data-path-to-node=\"25\">\n<li>\n<p data-path-to-node=\"25,0,0\">Kontraindikationen: Nicht empfohlen f\u00fcr Personen mit Bluthochdruck (unkontrolliert), fortgeschrittener Atherosklerose oder w\u00e4hrend Schwangerschaft\/Stillzeit.<\/p>\n<\/li>\n<li>\n<p data-path-to-node=\"25,1,0\">Beratung: Wie bei jedem medizinischen Umstellungsprojekt sollten Sie einen Arzt konsultieren, um sicherzustellen, dass Asmoken mit Ihrem aktuellen Gesundheitsprofil vereinbar ist.<\/p>\n<\/li>\n<\/ul>\n<p data-path-to-node=\"27\">\n<\/div>","protected":false},"excerpt":{"rendered":"<p><span style=\"color: #ff0000;\"><a style=\"color: #ff0000;\" href=\"https:\/\/bestpillz.com\/de\/shop\/\"><strong>buy Asmoken without prescription<\/strong><\/a><\/span><\/p>\n<p><span style=\"color: #ff0000;\">We sell over-the-counter Asmoken; buy medicines with no prescription<\/span><br \/>\n<span style=\"color: #ff0000;\">schnelle, diskrete und vertrauensw\u00fcrdige Lieferung<\/span><br \/>\n<span style=\"color: #ff0000;\">schnelle und sichere Zahlung<\/span><br \/>\n<span style=\"color: #ff0000;\">diskret ohne Spuren einkaufen<\/span><\/p>","protected":false},"featured_media":462,"comment_status":"closed","ping_status":"closed","template":"","meta":[],"product_brand":[],"product_cat":[32],"product_tag":[],"class_list":{"0":"post-453","1":"product","2":"type-product","3":"status-publish","4":"has-post-thumbnail","6":"product_cat-smoking-cessation","8":"first","9":"instock","10":"shipping-taxable","11":"purchasable","12":"product-type-variable"},"_links":{"self":[{"href":"https:\/\/bestpillz.com\/de\/wp-json\/wp\/v2\/product\/453","targetHints":{"allow":["GET"]}}],"collection":[{"href":"https:\/\/bestpillz.com\/de\/wp-json\/wp\/v2\/product"}],"about":[{"href":"https:\/\/bestpillz.com\/de\/wp-json\/wp\/v2\/types\/product"}],"replies":[{"embeddable":true,"href":"https:\/\/bestpillz.com\/de\/wp-json\/wp\/v2\/comments?post=453"}],"wp:featuredmedia":[{"embeddable":true,"href":"https:\/\/bestpillz.com\/de\/wp-json\/wp\/v2\/media\/462"}],"wp:attachment":[{"href":"https:\/\/bestpillz.com\/de\/wp-json\/wp\/v2\/media?parent=453"}],"wp:term":[{"taxonomy":"product_brand","embeddable":true,"href":"https:\/\/bestpillz.com\/de\/wp-json\/wp\/v2\/product_brand?post=453"},{"taxonomy":"product_cat","embeddable":true,"href":"https:\/\/bestpillz.com\/de\/wp-json\/wp\/v2\/product_cat?post=453"},{"taxonomy":"product_tag","embeddable":true,"href":"https:\/\/bestpillz.com\/de\/wp-json\/wp\/v2\/product_tag?post=453"}],"curies":[{"name":"wp","href":"https:\/\/api.w.org\/{rel}","templated":true}]}}