{"id":465,"date":"2026-02-26T00:15:08","date_gmt":"2026-02-26T00:15:08","guid":{"rendered":"https:\/\/bestpillz.com\/?post_type=product&#038;p=465"},"modified":"2026-04-20T07:20:27","modified_gmt":"2026-04-20T07:20:27","slug":"xenical","status":"publish","type":"product","link":"https:\/\/bestpillz.com\/de\/product\/xenical\/","title":{"rendered":"Xenical Komplette 12-Wochen-Packung"},"content":{"rendered":"<h2>Xenical 120mg (Orlistat) \u2013 Kapseln zur Gewichtsreduktion<\/h2>\n<p>Xenical 120 mg (Orlistat) ist ein klinisch erprobtes Medikament zur Gewichtsreduktion, das Menschen mit Fettleibigkeit oder \u00dcbergewicht unterst\u00fctzt. Als f\u00fchrender Inhibitor der Fettaufnahme wirkt Xenical direkt im Verdauungssystem, um die Menge an Nahrungsfett, die vom K\u00f6rper aufgenommen wird, zu reduzieren, was zu einer geringeren Kalorienaufnahme und einer allm\u00e4hlichen, nachhaltigen Gewichtsabnahme beitr\u00e4gt.<\/p>\n<p><a href=\"https:\/\/bestpillz.com\/de\/shop\/\"><span style=\"color: #ff0000;\"><strong>buy medicines with no prescription<\/strong><\/span><\/a><\/p>\n<p><span style=\"color: #ff0000;\">We sell over-the-counter medicines; buy\u00a0medicines with no prescription<br \/>\nschnelle, diskrete und vertrauensw\u00fcrdige Lieferung<br \/>\nschnelle und sichere Zahlung<br \/>\ndiskret ohne Spuren einkaufen<\/span><\/p>\n<p><span class=\"gs_cit_txt\" tabindex=\"-1\" data-sups=\"1,2,3\" data-hover-id=\"1\"><span class=\"gs_tkn show\"><a href=\"https:\/\/bestpillz.com\/de\/\">Xenical<\/a>\u00a0<\/span><span class=\"gs_tkn show\">enth\u00e4lt\u00a0<\/span><span class=\"gs_tkn show\">der\u00a0<\/span><span class=\"gs_tkn show\">aktiv\u00a0<\/span><span class=\"gs_tkn show\">Zutat\u00a0<\/span><span class=\"gs_tkn show\">Orlistat<\/span><span class=\"gs_tkn show\">,\u00a0<\/span><span class=\"gs_tkn show\">welcher\u00a0<\/span><span class=\"gs_tkn show\">Arbeiten\u00a0<\/span><span class=\"gs_tkn show\">als\u00a0<\/span><span class=\"gs_tkn show\">a\u00a0<\/span><span class=\"gs_tkn show\">gastrointestinal\u00a0<\/span><span class=\"gs_tkn show\">Lipase\u00a0<\/span><span class=\"gs_tkn show\">Inhibitor<\/span><span class=\"gs_tkn show\">. Indem Xenical das Enzym Lipase, das Fette im Verdauungssystem abbaut, blockiert, verhindert es, dass ein Teil der Nahrungsfette aufgenommen wird, sodass diese den K\u00f6rper unverdaut passieren k\u00f6nnen.<\/span><span class=\"gs_tkn show\">\u00a0<\/span><span class=\"gs_tkn show\">Dies\u00a0<\/span><span class=\"gs_tkn show\">Mechanismus\u00a0<\/span><span class=\"gs_tkn show\">hilft\u00a0<\/span><span class=\"gs_tkn show\">reduzieren\u00a0<\/span><span class=\"gs_tkn show\">insgesamt\u00a0<\/span><span class=\"gs_tkn show\">Kalorie\u00a0<\/span><span class=\"gs_tkn show\">Ansaugung\u00a0<\/span><span class=\"gs_tkn show\">und\u00a0<\/span><span class=\"gs_tkn show\">Unterst\u00fctzt\u00a0<\/span><span class=\"gs_tkn show\">Gewicht\u00a0<\/span><span class=\"gs_tkn show\">Verlust\u00a0<\/span><span class=\"gs_tkn show\">wann\u00a0<\/span><span class=\"gs_tkn show\">Kombiniert\u00a0<\/span><span class=\"gs_tkn show\">mit\u00a0<\/span><span class=\"gs_tkn show\">a\u00a0<\/span><span class=\"gs_tkn show\">reduziert-kalorien,\u00a0<\/span><span class=\"gs_tkn show\">fettarm\u00a0<\/span><span class=\"gs_tkn show\">Di\u00e4t<\/span><span class=\"gs_tkn show\">\u00a0<\/span><span class=\"gs_tkn show\">und\u00a0<\/span><span class=\"gs_tkn show\">regelm\u00e4\u00dfig\u00a0<\/span><span class=\"gs_tkn show\">\u00dcbung<\/span><\/span><\/p>\n<p>Diese Fettblocker-Di\u00e4tpille ist am wirksamsten in Kombination mit einer kalorienreduzierten, fettarmen Ern\u00e4hrung und regelm\u00e4\u00dfiger k\u00f6rperlicher Aktivit\u00e4t. Sie wird h\u00e4ufig f\u00fcr Personen mit einem BMI \u226530 oder einem BMI \u226528 mit Risikofaktoren wie Bluthochdruck, Diabetes oder hohem Cholesterinspiegel verschrieben.<\/p>\n<p>Im Gegensatz zu Appetitz\u00fcglern wirkt Xenical lokal im Darm, was bedeutet, dass es das Gehirn oder das Zentralnervensystem nicht beeintr\u00e4chtigt \u2013 und somit eine sicherere Alternative f\u00fcr die langfristige Gewichtsverwaltung unter \u00e4rztlicher Aufsicht darstellt.<\/p>\n<h3>Wichtige Vorteile<\/h3>\n<ul>\n<li>Nachgewiesene Medikation zur Unterst\u00fctzung der Gewichtsabnahme<\/li>\n<li>Blockiert die Aufnahme von bis zu 30% Nahrungsfetten<\/li>\n<li>Hilft, die Kalorienaufnahme auf nat\u00fcrliche Weise zu reduzieren<\/li>\n<li>Unterst\u00fctzt langfristiges Gewichtsmanagement<\/li>\n<li>Nicht-stimulierende Formel (keine Auswirkung auf die Gehirnfunktion)<\/li>\n<li>Ideal f\u00fcr die Behandlung von Fettleibigkeit und Gewichtsmanagementprogramme<\/li>\n<\/ul>\n<h3>Spezifikationen<\/h3>\n<ul>\n<li>Wirkstoff: Orlistat 120 mg<\/li>\n<li>Darreichungsform: Kapseln zum Einnehmen<\/li>\n<li>Empfohlene Anwendung: 1 Kapsel zu jeder Hauptmahlzeit (bis zu 3 Mal t\u00e4glich)<\/li>\n<li>Mechanismus: Lipasehemmer (Fettabsorptionshemmer)<\/li>\n<li>Indikation: Adipositas und Gewichtsmanagement<\/li>\n<li>Verschreibungsstatus: Verschreibungspflichtiges Medikament<\/li>\n<li>Lagerung: Unter 30\u00b0C<\/li>\n<li>Behandlungsdauer: Auswertung nach 12 Wochen<\/li>\n<\/ul>\n<h3>Kompatibilit\u00e4t \/ Geeignet f\u00fcr<\/h3>\n<ul>\n<li>Erwachsene mit BMI \u226530 (adip\u00f6s)<\/li>\n<li>Erwachsene mit einem BMI \u226528 mit Gesundheitsrisikofaktoren<\/li>\n<li>Personen, die eine fettarme, kalorienkontrollierte Di\u00e4t einhalten<\/li>\n<li>Geeignet f\u00fcr langfristige Gewichtsmanagementprogramme (\u00e4rztlich \u00fcberwacht)<\/li>\n<li>Kann neben Trainings- und Lebensstil\u00e4nderungspl\u00e4nen verwendet werden<\/li>\n<\/ul>\n<h3>Warum Xenical w\u00e4hlen?<\/h3>\n<p>Xenical ist eine der vertrauensw\u00fcrdigsten medizinischen L\u00f6sungen zur Gewichtsabnahme weltweit. Sein einzigartiger fettblockierender Mechanismus erm\u00f6glicht es den Anwendern, Gewicht zu verlieren, ohne Appetit oder Energieniveau zu beeintr\u00e4chtigen. Egal, ob Sie eine strukturierte Reise zum Gewichtsverlust beginnen oder zus\u00e4tzliche Unterst\u00fctzung ben\u00f6tigen, um Ergebnisse aufrechtzuerhalten, die Orlistat-Kapsel zur Gewichtsabnahme bietet eine wissenschaftlich fundierte L\u00f6sung f\u00fcr ein ges\u00fcnderes Leben.<\/p>\n<h3><\/h3>\n<p>&nbsp;<\/p>","protected":false},"excerpt":{"rendered":"<p><span style=\"color: #ff0000;\"><strong>buy Xenical without a prescription<\/strong><\/span><\/p>\n<p><span style=\"color: #ff0000;\"><a href=\"https:\/\/bestpillz.com\/de\/shop\/\"><span style=\"color: #ff0000;\">We sell over-the-counter Xenical medicine<\/span><\/a>; buy medicines with no prescription requirements<br \/>\nschnelle, diskrete und vertrauensw\u00fcrdige Lieferung<br \/>\nschnelle und sichere Zahlung<br \/>\ndiskret ohne Spuren einkaufen<\/span><\/p>\n<h3>Spezifikationen<\/h3>\n<ul>\n<li>Wirkstoff: Orlistat 120 mg<\/li>\n<li>Darreichungsform: Kapseln zum Einnehmen<\/li>\n<li>Empfohlene Anwendung: 1 Kapsel zu jeder Hauptmahlzeit (bis zu 3 Mal t\u00e4glich)<\/li>\n<li>Mechanismus: Lipasehemmer (Fettabsorptionshemmer)<\/li>\n<li>Indikation: Adipositas und Gewichtsmanagement<\/li>\n<\/ul>","protected":false},"featured_media":469,"comment_status":"closed","ping_status":"closed","template":"","meta":[],"product_brand":[],"product_cat":[20],"product_tag":[],"class_list":{"0":"post-465","1":"product","2":"type-product","3":"status-publish","4":"has-post-thumbnail","6":"product_cat-weight-loss","8":"first","9":"instock","10":"shipping-taxable","11":"purchasable","12":"product-type-simple"},"_links":{"self":[{"href":"https:\/\/bestpillz.com\/de\/wp-json\/wp\/v2\/product\/465","targetHints":{"allow":["GET"]}}],"collection":[{"href":"https:\/\/bestpillz.com\/de\/wp-json\/wp\/v2\/product"}],"about":[{"href":"https:\/\/bestpillz.com\/de\/wp-json\/wp\/v2\/types\/product"}],"replies":[{"embeddable":true,"href":"https:\/\/bestpillz.com\/de\/wp-json\/wp\/v2\/comments?post=465"}],"wp:featuredmedia":[{"embeddable":true,"href":"https:\/\/bestpillz.com\/de\/wp-json\/wp\/v2\/media\/469"}],"wp:attachment":[{"href":"https:\/\/bestpillz.com\/de\/wp-json\/wp\/v2\/media?parent=465"}],"wp:term":[{"taxonomy":"product_brand","embeddable":true,"href":"https:\/\/bestpillz.com\/de\/wp-json\/wp\/v2\/product_brand?post=465"},{"taxonomy":"product_cat","embeddable":true,"href":"https:\/\/bestpillz.com\/de\/wp-json\/wp\/v2\/product_cat?post=465"},{"taxonomy":"product_tag","embeddable":true,"href":"https:\/\/bestpillz.com\/de\/wp-json\/wp\/v2\/product_tag?post=465"}],"curies":[{"name":"wp","href":"https:\/\/api.w.org\/{rel}","templated":true}]}}