{"id":52,"date":"2026-02-26T00:12:56","date_gmt":"2026-02-26T00:12:56","guid":{"rendered":"https:\/\/bestpillz.com\/?post_type=product&#038;p=52"},"modified":"2026-02-26T00:13:02","modified_gmt":"2026-02-26T00:13:02","slug":"ozempic","status":"publish","type":"product","link":"https:\/\/bestpillz.com\/de\/produkt\/ozempic\/","title":{"rendered":"Ozempic"},"content":{"rendered":"<div>Ozempic ist ein Medikament, das nachweislich bei der Gewichtsabnahme hilft. Es kann dazu beitragen, den Appetit zu reduzieren und die Gewichtsabnahme zu f\u00f6rdern. Das Medikament wird einmal w\u00f6chentlich injiziert. Die Injektion wirkt, indem sie Ihren Appetit reduziert und kann in Verbindung mit einer gesunden Ern\u00e4hrung und Bewegung zur Gewichtsreduktion beitragen.<\/div>\n<div><\/div>\n<div>Ozempic Semaglutid ist eine Behandlung f\u00fcr Typ-2-Diabetes, die aber auch sehr hilfreich bei der Gewichtsabnahme ist. Sie k\u00f6nnen Ozempic online in unserem Gesch\u00e4ft kaufen und es sich sicher nach Hause liefern lassen.<\/div>\n<div><\/div>\n<div>Ozempic ist online erh\u00e4ltlich und wird in Form einer subkutanen Injektion mit voreingestelltem Pen verabreicht. Die Dosis wird einmal w\u00f6chentlich injiziert. Die Injektion wirkt, indem sie Ihren Appetit reduziert und kann in Verbindung mit einer gesunden Ern\u00e4hrung und Bewegung zur Gewichtsreduktion beitragen.<\/div>\n<div><\/div>\n<div>Was ist Ozempic Semaglutid?<\/div>\n<div><\/div>\n<div>Ozempic, oder wie es generisch bekannt ist, Semaglutid, ist eine Behandlung zur Gewichtsreduktion. Dies geschieht durch die Reduzierung des Appetits, indem es an GLP-1-Rezeptoren im K\u00f6rper bindet. In Verbindung mit einer ausgewogenen Ern\u00e4hrung und einem Trainingsplan kann es Patienten mit einem BMI (Body-Mass-Index) \u00fcber 30 helfen, Gewicht zu verlieren.<\/div>\n<div><\/div>\n<div><b>Wie funktioniert Ozempic Semaglutid?<\/b><\/div>\n<div><b>\u00a0<\/b><\/div>\n<div>Ozempic ist der Markenname des Medikaments Semaglutid, das auch der Wirkstoff in diesem Medikament ist. Es geh\u00f6rt zu einer Klasse von Medikamenten, die als Glucagon-like Peptide-1 (GLP-1)-Agonisten bezeichnet werden.<\/div>\n<div><\/div>\n<div>GLP-1-Agonisten wirken, indem sie die nat\u00fcrliche Funktion von Hormonen namens Inkretine nachahmen und kopieren. Inkretine sind eine Gruppe von Hormonen, die die Funktionen der Bauchspeicheldr\u00fcse steuern. GLP-1-Agonisten wirken auf die Bauchspeicheldr\u00fcse, indem sie die Insulinproduktion erh\u00f6hen und den Glucagonspiegel im K\u00f6rper senken. Dadurch wird auch die Magenentleerung verlangsamt, was zu einem S\u00e4ttigungsgef\u00fchl f\u00fchrt und letztendlich beim Abnehmen hilft.<\/div>\n<div><\/div>\n<div><b>Ozempic Semaglutid Dosierung<\/b><\/div>\n<div><b>\u00a0<\/b><\/div>\n<div>Es gibt zwei verschiedene Ozempic-Pens. Beide enthalten 2 mg\/1,5 ml (1,34 mg\/ml) des Medikaments, aber die Pens geben unterschiedliche Dosen ab.<\/div>\n<ul>\n<li>Ein Stift liefert 0,25 mg oder 0,5 mg pro Injektion. Wenn Sie mit der Einnahme von Ozempic beginnen, wird Ihnen Ihr Arzt diesen Stift empfehlen. Jeder dieser Stifte kann vier- bis sechsmal verwendet werden.<\/li>\n<li>Der andere Pen liefert 1 mg pro Injektion. Sie werden diesen Pen verwenden, wenn Sie eine h\u00f6here Dosis ben\u00f6tigen, um Ihren Blutzuckerspiegel zu kontrollieren. Jeder dieser Pens kann nur zweimal verwendet werden.<\/li>\n<\/ul>\n<div><\/div>\n<div><b>Vorsichtsma\u00dfnahmen und Nebenwirkungen<\/b><\/div>\n<div><b>\u00a0<\/b><\/div>\n<div>F\u00fcr die richtige Anwendung und um sicherzustellen, dass dieses Medikament f\u00fcr Sie geeignet ist, befolgen Sie alle hier genannten Vorsichtsma\u00dfnahmen:<\/div>\n<div><\/div>\n<ul>\n<li>Bevor Sie dieses Medikament einnehmen, stellen Sie sicher, dass Sie nicht allergisch oder intolerant gegen\u00fcber Semaglutid oder anderen Bestandteilen dieses Medikaments sind.<\/li>\n<li>Wenn Sie verschreibungspflichtige oder nicht verschreibungspflichtige Medikamente einnehmen, informieren Sie Ihren Arzt dar\u00fcber.<\/li>\n<li>Wenn Sie jemals eine Bauchspeicheldr\u00fcsenentz\u00fcndung (Pankreatitis), diabetische Retinopathie oder eine Nierenerkrankung hatten oder haben, stellen Sie sicher, dass Ihr Arzt davon wei\u00df.<\/li>\n<li>Wenn Sie schwanger sind, eine Schwangerschaft planen oder stillen, informieren Sie Ihren Arzt, bevor Sie dieses Medikament einnehmen. Wenn Sie eine Schwangerschaft planen, wird Ihnen Ihr Arzt wahrscheinlich raten, die Einnahme dieses Medikaments zwei Monate vor der Empf\u00e4ngnis zu beenden.<\/li>\n<li>Wenn Sie vergessen, eine Dosis einzunehmen, nehmen Sie diese ein, sobald Sie sich daran erinnern. Wenn seit der Einnahme einer Dosis mehr als f\u00fcnf Tage vergangen sind, \u00fcberspringen Sie die vergessene Dosis und nehmen Sie die n\u00e4chste Dosis wie geplant ein.<\/li>\n<li>Bevor Sie den Ozempic-Pen verwenden, vergewissern Sie sich, dass die Fl\u00fcssigkeit im Pen klar ist. Verwenden Sie diesen Pen nicht, wenn die Fl\u00fcssigkeit gef\u00e4rbt, tr\u00fcb, dickfl\u00fcssig erscheint oder Partikel enth\u00e4lt.<\/li>\n<\/ul>\n<div>Ozempic (Semaglutid) hat einige Nebenwirkungen, aber die meisten Menschen erfahren keine Nebenwirkungen. Wenn Sie jedoch eine dieser Nebenwirkungen bemerken, informieren Sie sofort Ihren Arzt.<\/div>\n<div><\/div>\n<div>Die h\u00e4ufigsten Nebenwirkungen dieses Medikaments sind relativ gut vertr\u00e4glich. Dazu geh\u00f6ren Aufsto\u00dfen, \u00dcbelkeit, Erbrechen, Durchfall, Verstopfung und Bauchschmerzen.<\/div>\n<div><\/div>\n<div>Einige schwerwiegende Nebenwirkungen sind verminderte Harnausscheidung, Wassereinlagerungen.<\/div>\n<div><\/div>\n<div><b>Wie benutze ich Ozempic Semaglutid?<\/b><\/div>\n<div><b>\u00a0<\/b><\/div>\n<div>Nehmen Sie dieses Medikament gem\u00e4\u00df den Anweisungen ein. Wenn Sie unsicher sind, wenden Sie sich an Ihren Arzt oder Apotheker.<\/div>\n<div><\/div>\n<div>Die Ozempic-Injektion wird in einem Fertigpen geliefert. Dieser Pen erm\u00f6glicht es Ihnen, das Medikament selbst zu injizieren. Jeder Ozempic-Pen wird mit mehreren Nadeln geliefert. Sie sollten jedes Mal eine neue Nadel verwenden, wenn Sie sich dieses Medikament injizieren.<\/div>\n<div><\/div>\n<ul>\n<li>Waschen Sie vor jeder Anwendung Ihre H\u00e4nde mit Seife und Wasser.<\/li>\n<li>Machen Sie Ihren Stift bereit. \u00dcberpr\u00fcfen Sie Ihren Stift, um sicherzustellen, dass die fl\u00fcssige Medizin klar, farblos und frei von Partikeln ist. Wenn nicht, verwenden Sie ihn nicht.<\/li>\n<li>Bringen Sie die Nadel an. Ziehen Sie die \u00e4u\u00dfere und innere Nadeldichtung ab und entsorgen Sie diese. Der Ozempic-Pen sollte mit den Einwegnadeln von Novo Nordisk verwendet werden, die mit Ihrem Pen geliefert werden. Verwenden Sie f\u00fcr jede Injektion immer eine neue Nadel.<\/li>\n<li><b>\u00dcberpr\u00fcfen Sie den Ozempic-Fluss vor Ihrer ersten Injektion mit jedem neuen Pen.<\/b><\/li>\n<li>Wenn Sie Ihren Stift fallen lassen oder ein Problem vermuten, setzen Sie eine neue Nadel ein und pr\u00fcfen Sie den Ozempic-Fluss, bevor Sie injizieren.<\/li>\n<\/ul>\n<div><\/div>\n<div><b>W\u00e4hlen Sie und injizieren Sie Ihre Dosis<\/b><\/div>\n<div><\/div>\n<ul>\n<li>Stellen Sie Ihre Dosis ein, indem Sie den Stift auf die vom Arzt verordnete Dosis drehen. Wenn Sie die falsche Dosis w\u00e4hlen, k\u00f6nnen Sie den Dosisw\u00e4hler vorw\u00e4rts oder r\u00fcckw\u00e4rts zur richtigen Dosis drehen.<\/li>\n<li>Wischen Sie die Haut an der Injektionsstelle mit einem Alkoholtupfer ab und lassen Sie sie trocknen. Stechen Sie die Nadel in die Haut am Bauch, Oberschenkel oder Oberarm.<\/li>\n<li>Dr\u00fccken Sie auf die Mitte der Dosis-Taste, um zu injizieren, bis \u201c0 mg\u201d mit dem Zeiger \u00fcbereinstimmt.<\/li>\n<li>Halten Sie die Dosis-Taste gedr\u00fcckt, halten Sie die Nadel unter der Haut und z\u00e4hlen Sie langsam bis 6, um sicherzustellen, dass die volle Dosis injiziert wird. Halten Sie Ihren Daumen auf dem Injektionsknopf, bis Sie die Nadel aus Ihrer Haut entfernen.<\/li>\n<li>Ziehen Sie die Nadel aus der Injektionsstelle. Wenn an der Injektionsstelle Blut erscheint, dr\u00fccken Sie leicht mit einem Tupfer oder Wattebausch darauf. Reiben Sie nicht.<\/li>\n<\/ul>\n<div><b>Verwerfe deine Nadel<\/b><\/div>\n<div><b>\u00a0<\/b><\/div>\n<ul>\n<li>Entfernen Sie die Nadel vorsichtig aus dem Stift und entsorgen Sie sie in einem FDA-zugelassenen Beh\u00e4lter f\u00fcr scharfe Gegenst\u00e4nde. Werfen Sie lose Nadeln und Stifte nicht in Ihren Hausm\u00fcll.<\/li>\n<li>Setzen Sie die Nadelschutzkappen nicht wieder auf die Nadel, um Nadelstichverletzungen zu vermeiden. Bewahren Sie Ihren Pen ohne aufgesetzte Nadel auf. Verwenden Sie Nadeln NICHT wieder und teilen Sie sie NICHT.<\/li>\n<li>Setzen Sie die Kappe nach jedem Gebrauch auf Ihren Stift, um Ozempic vor Licht zu sch\u00fctzen.<\/li>\n<li>Behalten Sie Ihren Stift immer bei sich. Lassen Sie ihn nicht im Auto oder an anderen Orten liegen, wo es zu hei\u00df oder zu kalt werden kann. Bewahren Sie ihn au\u00dferhalb der Reichweite anderer auf, insbesondere von Kindern und Haustieren.<\/li>\n<\/ul>\n<div><b>Um den Fluss zu \u00fcberpr\u00fcfen.<\/b><\/div>\n<div><b>\u00a0<\/b><\/div>\n<ul>\n<li>Wenn Sie einen neuen Ozempic-Pen zum ersten Mal verwenden, drehen Sie ihn immer auf das Tropfensymbol. Dies m\u00fcssen Sie nur einmal mit jedem neuen Pen tun. Drehen Sie den Dosiswahlknopf, bis das Tropfensymbol mit dem Zeiger \u00fcbereinstimmt.<\/li>\n<li>Halten Sie den Pen mit der Nadel nach oben. Halten Sie die Nadel nach oben und dr\u00fccken Sie den Dosisknopf, bis \u201c0 mg\u201d mit dem Zeiger \u00fcbereinstimmt. Ein Tropfen Ozempic erscheint an der Spitze der Nadel.<\/li>\n<li>Wenn kein Tropfen erscheint, wiederholen Sie die Schritte 1 und 2 bis zu 6 Mal, bis ein Tropfen Ozempic an der Nadelspitze sichtbar wird. Wenn immer noch kein Tropfen erscheint, wechseln Sie die Nadel und wiederholen Sie Schritt 1 und 2 noch einmal. Verwenden Sie den Pen nicht, wenn immer noch kein Tropfen Ozempic erscheint.<\/li>\n<\/ul>","protected":false},"excerpt":{"rendered":"<p>Ozempic is a medicine that has been shown to aid in weight loss. It can help to reduce appetite and enhance weight loss. The medicine is injected once weekly. The injection works by reducing your appetite and when used in conjunction with a healthy diet and exercise can help to reduce weight. Ozempic Semaglutide is [&hellip;]<\/p>\n","protected":false},"featured_media":82,"comment_status":"closed","ping_status":"closed","template":"","meta":[],"product_brand":[],"product_cat":[19,20],"product_tag":[],"class_list":{"0":"post-52","1":"product","2":"type-product","3":"status-publish","4":"has-post-thumbnail","6":"product_cat-diabetes","7":"product_cat-weight-loss","9":"first","10":"instock","11":"sale","12":"shipping-taxable","13":"purchasable","14":"product-type-simple"},"_links":{"self":[{"href":"https:\/\/bestpillz.com\/de\/wp-json\/wp\/v2\/product\/52","targetHints":{"allow":["GET"]}}],"collection":[{"href":"https:\/\/bestpillz.com\/de\/wp-json\/wp\/v2\/product"}],"about":[{"href":"https:\/\/bestpillz.com\/de\/wp-json\/wp\/v2\/types\/product"}],"replies":[{"embeddable":true,"href":"https:\/\/bestpillz.com\/de\/wp-json\/wp\/v2\/comments?post=52"}],"version-history":[{"count":0,"href":"https:\/\/bestpillz.com\/de\/wp-json\/wp\/v2\/product\/52\/revisions"}],"wp:featuredmedia":[{"embeddable":true,"href":"https:\/\/bestpillz.com\/de\/wp-json\/wp\/v2\/media\/82"}],"wp:attachment":[{"href":"https:\/\/bestpillz.com\/de\/wp-json\/wp\/v2\/media?parent=52"}],"wp:term":[{"taxonomy":"product_brand","embeddable":true,"href":"https:\/\/bestpillz.com\/de\/wp-json\/wp\/v2\/product_brand?post=52"},{"taxonomy":"product_cat","embeddable":true,"href":"https:\/\/bestpillz.com\/de\/wp-json\/wp\/v2\/product_cat?post=52"},{"taxonomy":"product_tag","embeddable":true,"href":"https:\/\/bestpillz.com\/de\/wp-json\/wp\/v2\/product_tag?post=52"}],"curies":[{"name":"wp","href":"https:\/\/api.w.org\/{rel}","templated":true}]}}