{"id":172,"date":"2026-02-26T00:13:29","date_gmt":"2026-02-26T00:13:29","guid":{"rendered":"https:\/\/bestpillz.com\/?post_type=product&#038;p=172"},"modified":"2026-02-26T00:13:34","modified_gmt":"2026-02-26T00:13:34","slug":"phentermine","status":"publish","type":"product","link":"https:\/\/bestpillz.com\/es\/producto\/phentermine\/","title":{"rendered":"Fentermina"},"content":{"rendered":"<h2><b>Adipex (Fentermina gen\u00e9rica)<\/b><\/h2>\n<p>&nbsp;<\/p>\n<h3><b>Indicaci\u00f3n<\/b><\/h3>\n<p>&nbsp;<\/p>\n<p><b>Adipex (Fentermina gen\u00e9rica)<\/b>\u00a0act\u00faa como un supresor del apetito al afectar partes del sistema nervioso central, lo que ayuda a disminuir los antojos de hambre. Tambi\u00e9n aumenta los niveles de energ\u00eda de los pacientes que toman este medicamento. Se recomienda usar esta medicaci\u00f3n junto con una dieta saludable y ejercicio regular.<\/p>\n<p>&nbsp;<\/p>\n<h3><b>C\u00f3mo Tomar<\/b><\/h3>\n<p>&nbsp;<\/p>\n<p><b>Adipex (Fentermina gen\u00e9rica)<\/b>\u00a0Debe tomarse una vez al d\u00eda antes del desayuno o dentro de las 2 horas despu\u00e9s de comer. Se aconseja tomar el medicamento temprano en el d\u00eda para evitar el insomnio y para adaptarse a sus efectos energizantes. El medicamento debe tragarse entero con abundante agua. No se recomienda para pacientes menores de 16 a\u00f1os o personas mayores. Para obtener informaci\u00f3n m\u00e1s detallada, consulte la etiqueta y consulte a un especialista. No exceda la dosis indicada en la etiqueta sin consultar a su m\u00e9dico.<\/p>\n<p>&nbsp;<\/p>\n<h3><b>Precauciones<\/b><\/h3>\n<p>&nbsp;<\/p>\n<p><b>Adipex (Fentermina gen\u00e9rica)<\/b>\u00a0es un medicamento recetado y solo puede ser prescrito por un m\u00e9dico cualificado. Informe al m\u00e9dico si tiene alergias a Adipex o a cualquier otro medicamento que est\u00e9 tomando. No se recomienda este medicamento si tiene antecedentes m\u00e9dicos de enfermedades card\u00edacas, diabetes, glaucoma o abuso de drogas.<\/p>\n<p>&nbsp;<\/p>\n<h3><b>Efectos secundarios<\/b><\/h3>\n<p>&nbsp;<\/p>\n<p>Los efectos secundarios posibles incluyen:<\/p>\n<ul>\n<li>N\u00e1useas<\/li>\n<li>V\u00f3mito<\/li>\n<li>Diarrea<\/li>\n<\/ul>\n<p>Los efectos secundarios del sistema nervioso central pueden incluir:<\/p>\n<ul>\n<li>Hiperactividad<\/li>\n<li>Insomnio<\/li>\n<li>Mareo<\/li>\n<\/ul>\n<p>El uso prolongado de este medicamento puede provocar dependencia f\u00edsica y psicol\u00f3gica.<\/p>","protected":false},"excerpt":{"rendered":"<p>Adipex (Generic Phentermine) &nbsp; Indication &nbsp; Adipex (Generic Phentermine)\u00a0acts as an appetite suppressant by affecting parts of the central nervous system, which helps lessen hunger cravings. It also increases the energy levels of patients taking this drug. It is recommended to use this medication in conjunction with a healthy diet and regular exercise. &nbsp; How [&hellip;]<\/p>\n","protected":false},"featured_media":193,"comment_status":"closed","ping_status":"closed","template":"","meta":[],"product_brand":[],"product_cat":[20],"product_tag":[],"class_list":{"0":"post-172","1":"product","2":"type-product","3":"status-publish","4":"has-post-thumbnail","6":"product_cat-weight-loss","8":"first","9":"instock","10":"shipping-taxable","11":"purchasable","12":"product-type-variable"},"_links":{"self":[{"href":"https:\/\/bestpillz.com\/es\/wp-json\/wp\/v2\/product\/172","targetHints":{"allow":["GET"]}}],"collection":[{"href":"https:\/\/bestpillz.com\/es\/wp-json\/wp\/v2\/product"}],"about":[{"href":"https:\/\/bestpillz.com\/es\/wp-json\/wp\/v2\/types\/product"}],"replies":[{"embeddable":true,"href":"https:\/\/bestpillz.com\/es\/wp-json\/wp\/v2\/comments?post=172"}],"version-history":[{"count":0,"href":"https:\/\/bestpillz.com\/es\/wp-json\/wp\/v2\/product\/172\/revisions"}],"wp:featuredmedia":[{"embeddable":true,"href":"https:\/\/bestpillz.com\/es\/wp-json\/wp\/v2\/media\/193"}],"wp:attachment":[{"href":"https:\/\/bestpillz.com\/es\/wp-json\/wp\/v2\/media?parent=172"}],"wp:term":[{"taxonomy":"product_brand","embeddable":true,"href":"https:\/\/bestpillz.com\/es\/wp-json\/wp\/v2\/product_brand?post=172"},{"taxonomy":"product_cat","embeddable":true,"href":"https:\/\/bestpillz.com\/es\/wp-json\/wp\/v2\/product_cat?post=172"},{"taxonomy":"product_tag","embeddable":true,"href":"https:\/\/bestpillz.com\/es\/wp-json\/wp\/v2\/product_tag?post=172"}],"curies":[{"name":"wp","href":"https:\/\/api.w.org\/{rel}","templated":true}]}}