{"id":254,"date":"2026-02-26T00:13:47","date_gmt":"2026-02-26T00:13:47","guid":{"rendered":"https:\/\/bestpillz.com\/?post_type=product&#038;p=254"},"modified":"2026-04-21T18:14:01","modified_gmt":"2026-04-21T18:14:01","slug":"ksalol","status":"publish","type":"product","link":"https:\/\/bestpillz.com\/es\/product\/ksalol\/","title":{"rendered":"KSALOL"},"content":{"rendered":"<h2>\u00a0Ksalol (Alprazolam)\u2014Ansiol\u00edtico Benzodiazep\u00ednico (Rx, Medicamento Controlado)<\/h2>\n<h3>Descripci\u00f3n m\u00e9dica<\/h3>\n<p>Ksalol es un nombre comercial del alprazolam, un depresor del sistema nervioso central de la clase de las benzodiazepinas utilizado para el manejo a corto plazo de trastornos de ansiedad y trastorno de p\u00e1nico. Act\u00faa potenciando el efecto del \u00e1cido gamma-aminobut\u00edrico (GABA), el principal neurotransmisor inhibidor del cerebro, produciendo efectos calmantes, sedantes y ansiol\u00edticos.<\/p>\n<p>Debido a su potencia y perfil de riesgo, el alprazolam generalmente se reserva para uso a corto plazo o planes de tratamiento cuidadosamente controlados para reducir el riesgo de dependencia.<\/p>\n<p><span style=\"color: #ff0000;\"><strong>Comprar Ksalol sin receta<\/strong><\/span><\/p>\n<p><span style=\"color: #ff0000;\"><a style=\"color: #ff0000;\" href=\"https:\/\/bestpillz.com\/es\/comprar\/\">Vendemos medicamentos Ksalol de venta libre<\/a>;<\/span><br \/>\n<span style=\"color: #ff0000;\">entrega r\u00e1pida, discreta y confiable<\/span><br \/>\n<span style=\"color: #ff0000;\">pago r\u00e1pido y seguro<\/span><br \/>\n<span style=\"color: #ff0000;\">Comprar discretamente sin dejar rastro<\/span><\/p>\n<h3>Detalles clave<\/h3>\n<ul>\n<li>Ingrediente activo: Alprazolam<\/li>\n<li>Clase de f\u00e1rmaco: Benzodiazepina<\/li>\n<li>Indicaciones:\n<ul>\n<li>Trastorno de ansiedad generalizada (TAG)<\/li>\n<li>Trastorno de p\u00e1nico<\/li>\n<li>Alivio de la ansiedad a corto plazo<\/li>\n<\/ul>\n<\/li>\n<li>Mecanismo de Acci\u00f3n: Mejora la actividad del receptor GABA-A \u2192 Inhibici\u00f3n del SNC<\/li>\n<li>Estado de la prescripci\u00f3n: Medicamento de prescripci\u00f3n controlada<\/li>\n<\/ul>\n<h3>Especificaciones<\/h3>\n<ul>\n<li>Formas Farmac\u00e9uticas: Tabletas orales<\/li>\n<li>Concentraciones comunes: 0,25 mg, 0,5 mg, 1 mg, 2 mg<\/li>\n<li>Inicio de acci\u00f3n: ~15\u201360 minutos<\/li>\n<li>Efecto m\u00e1ximo: ~1-2 horas<\/li>\n<li>Duraci\u00f3n de la acci\u00f3n: ~6\u201312 horas<\/li>\n<li>Vida media: ~11\u201316 horas<\/li>\n<li>Metabolismo: Hep\u00e1tico (CYP3A4)<\/li>\n<li>Excreci\u00f3n: Renal (metabolitos)<\/li>\n<li>Almacenamiento: temperatura ambiente<\/li>\n<\/ul>\n<h3>Dosis y administraci\u00f3n<\/h3>\n<ul>\n<li>Dosis inicial: Dosis baja, ajustada gradualmente seg\u00fan la respuesta<\/li>\n<li>Generalmente se toma 2 o 3 veces al d\u00eda seg\u00fan la condici\u00f3n<\/li>\n<li>Se prefiere el uso a corto plazo<\/li>\n<li>Debe reducirse gradualmente al suspender (evitar interrupci\u00f3n brusca)<\/li>\n<\/ul>\n<h3>Compatibilidad \/ Uso Adecuado<\/h3>\n<ul>\n<li>Pacientes con trastornos de ansiedad o p\u00e1nico diagnosticados<\/li>\n<li>Manejo a corto plazo de los s\u00edntomas de ansiedad aguda<\/li>\n<li>Usar solo bajo estricta supervisi\u00f3n m\u00e9dica<\/li>\n<li>No apto para uso continuo a largo plazo en la mayor\u00eda de los casos<\/li>\n<\/ul>\n<h3>Contraindicaciones<\/h3>\n<ul>\n<li>Insuficiencia respiratoria grave<\/li>\n<li>S\u00edndrome de apnea del sue\u00f1o<\/li>\n<li>Insuficiencia hep\u00e1tica grave<\/li>\n<li>Hipersensibilidad a las benzodiacepinas<\/li>\n<li>Uso concomitante con depresores del sistema nervioso central potentes (en muchos casos)<\/li>\n<\/ul>\n<h3>Por qu\u00e9 se usa Ksalol<\/h3>\n<p>Ksalol (alprazolam) es eficaz para el alivio r\u00e1pido de los s\u00edntomas agudos de ansiedad y p\u00e1nico, pero debido a su potencial de dependencia, se usa t\u00edpicamente en duraciones cortas y planes de tratamiento de cerca monitoreados.<\/p>\n<p>&nbsp;<\/p>","protected":false},"excerpt":{"rendered":"<p><span style=\"color: #ff0000;\"><strong>Comprar Ksalol sin receta<\/strong><\/span><\/p>\n<p><span style=\"color: #ff0000;\"><a style=\"color: #ff0000;\" href=\"https:\/\/bestpillz.com\/es\/comprar\/\">Vendemos medicamentos Ksalol de venta libre<\/a>;<\/span><br \/>\n<span style=\"color: #ff0000;\">entrega r\u00e1pida, discreta y confiable<\/span><br \/>\n<span style=\"color: #ff0000;\">pago r\u00e1pido y seguro<\/span><br \/>\n<span style=\"color: #ff0000;\">Comprar discretamente sin dejar rastro<\/span><\/p>","protected":false},"featured_media":263,"comment_status":"closed","ping_status":"closed","template":"","meta":[],"product_brand":[],"product_cat":[22],"product_tag":[],"class_list":{"0":"post-254","1":"product","2":"type-product","3":"status-publish","4":"has-post-thumbnail","6":"product_cat-anti-anxiety","8":"first","9":"instock","10":"shipping-taxable","11":"purchasable","12":"product-type-variable"},"_links":{"self":[{"href":"https:\/\/bestpillz.com\/es\/wp-json\/wp\/v2\/product\/254","targetHints":{"allow":["GET"]}}],"collection":[{"href":"https:\/\/bestpillz.com\/es\/wp-json\/wp\/v2\/product"}],"about":[{"href":"https:\/\/bestpillz.com\/es\/wp-json\/wp\/v2\/types\/product"}],"replies":[{"embeddable":true,"href":"https:\/\/bestpillz.com\/es\/wp-json\/wp\/v2\/comments?post=254"}],"wp:featuredmedia":[{"embeddable":true,"href":"https:\/\/bestpillz.com\/es\/wp-json\/wp\/v2\/media\/263"}],"wp:attachment":[{"href":"https:\/\/bestpillz.com\/es\/wp-json\/wp\/v2\/media?parent=254"}],"wp:term":[{"taxonomy":"product_brand","embeddable":true,"href":"https:\/\/bestpillz.com\/es\/wp-json\/wp\/v2\/product_brand?post=254"},{"taxonomy":"product_cat","embeddable":true,"href":"https:\/\/bestpillz.com\/es\/wp-json\/wp\/v2\/product_cat?post=254"},{"taxonomy":"product_tag","embeddable":true,"href":"https:\/\/bestpillz.com\/es\/wp-json\/wp\/v2\/product_tag?post=254"}],"curies":[{"name":"wp","href":"https:\/\/api.w.org\/{rel}","templated":true}]}}