{"id":453,"date":"2026-02-26T00:14:56","date_gmt":"2026-02-26T00:14:56","guid":{"rendered":"https:\/\/bestpillz.com\/?post_type=product&#038;p=453"},"modified":"2026-04-20T07:35:20","modified_gmt":"2026-04-20T07:35:20","slug":"fumar","status":"publish","type":"product","link":"https:\/\/bestpillz.com\/es\/product\/asmoken\/","title":{"rendered":"Asmoken"},"content":{"rendered":"<div id=\"model-response-message-contentr_80b8e673a5847692\" class=\"markdown markdown-main-panel stronger enable-updated-hr-color\" dir=\"ltr\" aria-live=\"polite\" aria-busy=\"false\">\n<h2 data-path-to-node=\"3\">Asmoken (Citisina) 1.5mg \u2013 Ayuda Avanzada para Dejar de Fumar a Base de Plantas<\/h2>\n<p data-path-to-node=\"4\">Rompe el ciclo de la dependencia de la nicotina con Asmoken, la soluci\u00f3n natural y cl\u00ednicamente probada para dejar de fumar de forma permanente. Asmoken utiliza citisina, una sustancia natural del \u00e1rbol de acacia, para ofrecer una opci\u00f3n sin nicotina en lugar de los parches y chicles habituales.<\/p>\n<p data-path-to-node=\"5\">Dise\u00f1ado para quienes desean dejar de fumar sin el uso a largo plazo de terapias de reemplazo de nicotina, Asmoken act\u00faa sobre los receptores de nicotina del cerebro, reduciendo significativamente los antojos y los s\u00edntomas f\u00edsicos de la abstinencia.<\/p>\n<h3 data-path-to-node=\"7\">C\u00f3mo funciona: el mecanismo \u201cBloquear y liberar\u201d<\/h3>\n<p data-path-to-node=\"8\">La vareniclina act\u00faa como agonista parcial de los receptores nicot\u00ednicos de acetilcolina. Esto crea un efecto doble durante tu proceso de dejar de fumar:<\/p>\n<ul data-path-to-node=\"9\">\n<li>\n<p data-path-to-node=\"9,0,0\">Alivio: Estimula los receptores lo suficiente como para reducir la gravedad de los s\u00edntomas de abstinencia (irritabilidad, ansiedad e inquietud).<\/p>\n<\/li>\n<li>\n<p data-path-to-node=\"9,1,0\">Bloqueo: Impide que la nicotina se una a esos mismos receptores. Si caes en la tentaci\u00f3n y fumas, no experimentar\u00e1s la \u201csatisfacci\u00f3n\u201d o la \u201ceuforia\u201d que suelen asociarse a ella, lo que ayuda a romper el ciclo de recompensa psicol\u00f3gica.<\/p>\n<\/li>\n<\/ul>\n<h3 data-path-to-node=\"11\">La Ventaja Asmoken<\/h3>\n<ul data-path-to-node=\"12\">\n<li>\n<p data-path-to-node=\"12,0,0\">F\u00f3rmula de origen vegetal: Una alternativa natural a las ayudas sint\u00e9ticas farmac\u00e9uticas para dejar de fumar.<\/p>\n<\/li>\n<li>\n<p data-path-to-node=\"12,1,0\">Ciclo de tratamiento corto: A diferencia de otros programas que duran de 3 a 6 meses, el ciclo est\u00e1ndar de Asmoken es de solo 25 d\u00edas.<\/p>\n<\/li>\n<li>\n<p data-path-to-node=\"12,2,0\">Alta tasa de \u00e9xito: los ensayos cl\u00ednicos han demostrado que la citisina funciona mucho mejor que un placebo y es tan eficaz como, o incluso mejor que, la terapia de reemplazo de nicotina (TRN).<\/p>\n<\/li>\n<li>\n<p data-path-to-node=\"12,3,0\">Sin nicotina: Te ayuda a desintoxicarte completamente de la nicotina en lugar de solo cambiar el m\u00e9todo de administraci\u00f3n.<\/p>\n<\/li>\n<\/ul>\n<h3 data-path-to-node=\"14\">Especificaciones T\u00e9cnicas y Dosificaci\u00f3n<\/h3>\n<table data-path-to-node=\"15\">\n<thead>\n<tr>\n<td>Caracter\u00edstica<\/td>\n<td>Detalles<\/td>\n<\/tr>\n<\/thead>\n<tbody>\n<tr>\n<td>Ingrediente activo<\/td>\n<td>Citisina (1,5 mg por comprimido)<\/td>\n<\/tr>\n<tr>\n<td>Clase de medicamento<\/td>\n<td>Agonista parcial del receptor nicot\u00ednico de acetilcolina<\/td>\n<\/tr>\n<tr>\n<td>Duraci\u00f3n del tratamiento<\/td>\n<td>Ciclo Estructurado de 25 D\u00edas<\/td>\n<\/tr>\n<tr>\n<td>Origen<\/td>\n<td>Vegetal (Laburnum anagyroides)<\/td>\n<\/tr>\n<tr>\n<td>Formato<\/td>\n<td>Tableta oral<\/td>\n<\/tr>\n<tr>\n<td>Contenido de Nicotina<\/td>\n<td>0% (100% Sin Nicotina)<\/td>\n<\/tr>\n<\/tbody>\n<\/table>\n<h3 data-path-to-node=\"17\">El Plan de Eliminaci\u00f3n de 25 D\u00edas<\/h3>\n<p data-path-to-node=\"18\">Para lograr los m\u00e1ximos resultados, Asmoken sigue un programa de reducci\u00f3n espec\u00edfico. Contin\u00faas fumando durante los primeros 5 d\u00edas de tratamiento mientras la citisina se acumula en tu sistema. Para el D\u00eda 5, deber\u00edas dejar de fumar por completo a medida que el medicamento alcanza su m\u00e1xima eficacia para bloquear la satisfacci\u00f3n de la nicotina.<\/p>\n<h3 data-path-to-node=\"23\">Seguridad y compatibilidad<\/h3>\n<p data-path-to-node=\"24\">Asmoken es generalmente bien tolerado. Los efectos secundarios m\u00e1s comunes son leves e incluyen cambios en el apetito o los patrones de sue\u00f1o durante los primeros d\u00edas de la desintoxicaci\u00f3n.<\/p>\n<ul data-path-to-node=\"25\">\n<li>\n<p data-path-to-node=\"25,0,0\">Contraindicaciones: No se recomienda para personas con presi\u00f3n arterial alta (no controlada), aterosclerosis avanzada, o durante el embarazo\/lactancia.<\/p>\n<\/li>\n<li>\n<p data-path-to-node=\"25,1,0\">Consulta: Al igual que con cualquier proyecto de revitalizaci\u00f3n m\u00e9dica, consulte a un profesional de la salud para asegurarse de que Asmoken sea compatible con su perfil de salud actual.<\/p>\n<\/li>\n<\/ul>\n<p data-path-to-node=\"27\">\n<\/div>","protected":false},"excerpt":{"rendered":"<p><span style=\"color: #ff0000;\"><a style=\"color: #ff0000;\" href=\"https:\/\/bestpillz.com\/es\/comprar\/\"><strong>buy Asmoken without prescription<\/strong><\/a><\/span><\/p>\n<p><span style=\"color: #ff0000;\">We sell over-the-counter Asmoken; buy medicines with no prescription<\/span><br \/>\n<span style=\"color: #ff0000;\">entrega r\u00e1pida, discreta y confiable<\/span><br \/>\n<span style=\"color: #ff0000;\">pago r\u00e1pido y seguro<\/span><br \/>\n<span style=\"color: #ff0000;\">Comprar discretamente sin dejar rastro<\/span><\/p>","protected":false},"featured_media":462,"comment_status":"closed","ping_status":"closed","template":"","meta":[],"product_brand":[],"product_cat":[32],"product_tag":[],"class_list":{"0":"post-453","1":"product","2":"type-product","3":"status-publish","4":"has-post-thumbnail","6":"product_cat-smoking-cessation","8":"first","9":"instock","10":"shipping-taxable","11":"purchasable","12":"product-type-variable"},"_links":{"self":[{"href":"https:\/\/bestpillz.com\/es\/wp-json\/wp\/v2\/product\/453","targetHints":{"allow":["GET"]}}],"collection":[{"href":"https:\/\/bestpillz.com\/es\/wp-json\/wp\/v2\/product"}],"about":[{"href":"https:\/\/bestpillz.com\/es\/wp-json\/wp\/v2\/types\/product"}],"replies":[{"embeddable":true,"href":"https:\/\/bestpillz.com\/es\/wp-json\/wp\/v2\/comments?post=453"}],"wp:featuredmedia":[{"embeddable":true,"href":"https:\/\/bestpillz.com\/es\/wp-json\/wp\/v2\/media\/462"}],"wp:attachment":[{"href":"https:\/\/bestpillz.com\/es\/wp-json\/wp\/v2\/media?parent=453"}],"wp:term":[{"taxonomy":"product_brand","embeddable":true,"href":"https:\/\/bestpillz.com\/es\/wp-json\/wp\/v2\/product_brand?post=453"},{"taxonomy":"product_cat","embeddable":true,"href":"https:\/\/bestpillz.com\/es\/wp-json\/wp\/v2\/product_cat?post=453"},{"taxonomy":"product_tag","embeddable":true,"href":"https:\/\/bestpillz.com\/es\/wp-json\/wp\/v2\/product_tag?post=453"}],"curies":[{"name":"wp","href":"https:\/\/api.w.org\/{rel}","templated":true}]}}