{"id":465,"date":"2026-02-26T00:15:08","date_gmt":"2026-02-26T00:15:08","guid":{"rendered":"https:\/\/bestpillz.com\/?post_type=product&#038;p=465"},"modified":"2026-04-14T22:02:47","modified_gmt":"2026-04-14T22:02:47","slug":"xenical","status":"publish","type":"product","link":"https:\/\/bestpillz.com\/es\/producto\/xenical\/","title":{"rendered":"Xenical pack completo 12 semanas"},"content":{"rendered":"<h2>Xenical 120mg (Orlistat) \u2013 C\u00e1psulas para Adelgazar<\/h2>\n<p>Xenical 120 mg (Orlistat) es un medicamento cl\u00ednicamente probado para la p\u00e9rdida de peso dise\u00f1ado para apoyar a personas con obesidad o sobrepeso. Como un bloqueador l\u00edder de la absorci\u00f3n de grasas, Xenical act\u00faa directamente en el sistema digestivo para reducir la cantidad de grasa diet\u00e9tica absorbida por el cuerpo, ayudando a disminuir la ingesta de calor\u00edas y promoviendo una p\u00e9rdida de peso gradual y sostenible.<\/p>\n<p><a href=\"https:\/\/bestpillz.com\/es\/shop\/\"><span style=\"color: #ff0000;\"><strong>comprar medicamentos sin receta<\/strong><\/span><\/a><\/p>\n<p><span style=\"color: #ff0000;\">Vendemos medicamentos de venta libre; compre medicamentos sin receta<br \/>\nentrega r\u00e1pida, discreta y confiable<br \/>\npago r\u00e1pido y seguro<br \/>\nComprar discretamente sin dejar rastro<\/span><\/p>\n<p><span class=\"gs_cit_txt\" tabindex=\"-1\" data-sups=\"1,2,3\" data-hover-id=\"1\"><span class=\"gs_tkn show\"><a href=\"https:\/\/bestpillz.com\/es\/\">Xenical<\/a>\u00a0<\/span><span class=\"gs_tkn show\">contiene\u00a0<\/span><span class=\"gs_tkn show\">el\u00a0<\/span><span class=\"gs_tkn show\">activo\u00a0<\/span><span class=\"gs_tkn show\">ingrediente\u00a0<\/span><span class=\"gs_tkn show\">orlistat<\/span><span class=\"gs_tkn show\">,\u00a0<\/span><span class=\"gs_tkn show\">cu\u00e1l\u00a0<\/span><span class=\"gs_tkn show\">funciona\u00a0<\/span><span class=\"gs_tkn show\">como\u00a0<\/span><span class=\"gs_tkn show\">a\u00a0<\/span><span class=\"gs_tkn show\">gastrointestinal\u00a0<\/span><span class=\"gs_tkn show\">lipasa\u00a0<\/span><span class=\"gs_tkn show\">inhibidor<\/span><span class=\"gs_tkn show\">. Al bloquear la lipasa, la enzima que descompone las grasas en el sistema digestivo, Xenical evita que algunas grasas de la dieta sean absorbidas, por lo que pueden pasar a trav\u00e9s del cuerpo sin ser digeridas.<\/span><span class=\"gs_tkn show\">\u00a0<\/span><span class=\"gs_tkn show\">Esto\u00a0<\/span><span class=\"gs_tkn show\">mecanismo\u00a0<\/span><span class=\"gs_tkn show\">ayuda\u00a0<\/span><span class=\"gs_tkn show\">reducir\u00a0<\/span><span class=\"gs_tkn show\">en general\u00a0<\/span><span class=\"gs_tkn show\">caloria\u00a0<\/span><span class=\"gs_tkn show\">admisi\u00f3n\u00a0<\/span><span class=\"gs_tkn show\">y\u00a0<\/span><span class=\"gs_tkn show\">apoya\u00a0<\/span><span class=\"gs_tkn show\">peso\u00a0<\/span><span class=\"gs_tkn show\">p\u00e9rdida\u00a0<\/span><span class=\"gs_tkn show\">cu\u00e1ndo\u00a0<\/span><span class=\"gs_tkn show\">combinado\u00a0<\/span><span class=\"gs_tkn show\">con\u00a0<\/span><span class=\"gs_tkn show\">a\u00a0<\/span><span class=\"gs_tkn show\">bajo en calor\u00edas,\u00a0<\/span><span class=\"gs_tkn show\">bajo en grasa\u00a0<\/span><span class=\"gs_tkn show\">dieta<\/span><span class=\"gs_tkn show\">\u00a0<\/span><span class=\"gs_tkn show\">y\u00a0<\/span><span class=\"gs_tkn show\">regular\u00a0<\/span><span class=\"gs_tkn show\">ejercicio<\/span><\/span><\/p>\n<p>Esta p\u00edldora adelgazante bloqueadora de grasa es m\u00e1s efectiva cuando se combina con una dieta reducida en calor\u00edas y baja en grasas, y actividad f\u00edsica regular. Se prescribe ampliamente para personas con un IMC \u226530 o un IMC \u226528 con factores de riesgo como hipertensi\u00f3n, diabetes o colesterol alto.<\/p>\n<p>A diferencia de los supresores del apetito, Xenical act\u00faa localmente en el intestino, lo que significa que no afecta al cerebro ni al sistema nervioso central, lo que lo convierte en una alternativa m\u00e1s segura para el control de peso a largo plazo bajo supervisi\u00f3n m\u00e9dica.<\/p>\n<h3>Beneficios clave<\/h3>\n<ul>\n<li>Medicamento probado para apoyar la p\u00e9rdida de peso<\/li>\n<li>Bloquea hasta un 30% de la absorci\u00f3n de grasas diet\u00e9ticas<\/li>\n<li>Ayuda a reducir la ingesta de calor\u00edas de forma natural<\/li>\n<li>Apoya el control de peso a largo plazo<\/li>\n<li>F\u00f3rmula no estimulante (sin efecto en la funci\u00f3n cerebral)<\/li>\n<li>Ideal para programas de tratamiento de la obesidad y control de peso<\/li>\n<\/ul>\n<h3>Especificaciones<\/h3>\n<ul>\n<li>Ingrediente Activo: Orlistat 120mg<\/li>\n<li>Forma de dosificaci\u00f3n: C\u00e1psulas orales<\/li>\n<li>Uso recomendado: 1 c\u00e1psula con cada comida principal (hasta 3 veces al d\u00eda)<\/li>\n<li>Mecanismo: Inhibidor de la lipasa (bloqueador de la absorci\u00f3n de grasas)<\/li>\n<li>Indicaci\u00f3n: Tratamiento de la obesidad y el sobrepeso<\/li>\n<li>Medicamento sujeto a prescripci\u00f3n m\u00e9dica<\/li>\n<li>Almacenamiento: Por debajo de 30 \u00b0C<\/li>\n<li>Duraci\u00f3n del tratamiento: Evaluado despu\u00e9s de 12 semanas<\/li>\n<\/ul>\n<h3>Compatibilidad \/ Adecuado para<\/h3>\n<ul>\n<li>Adultos con IMC \u226530 (obesos)<\/li>\n<li>Adultos con IMC \u226528 y factores de riesgo para la salud<\/li>\n<li>Individuos que siguen una dieta baja en grasas y controlada en calor\u00edas<\/li>\n<li>Adecuado para programas de control de peso a largo plazo (supervisado por un m\u00e9dico)<\/li>\n<li>Se puede usar junto con planes de ejercicio y modificaci\u00f3n del estilo de vida<\/li>\n<\/ul>\n<h3>\u00bfPor qu\u00e9 elegir Xenical?<\/h3>\n<p>Xenical es una de las soluciones m\u00e9dicas para perder peso m\u00e1s confiables a nivel mundial. Su mecanismo \u00fanico de bloqueo de grasas permite a los usuarios perder peso sin afectar el apetito ni los niveles de energ\u00eda. Ya sea que est\u00e9 comenzando un viaje estructurado para perder peso o necesite apoyo adicional para mantener los resultados, la c\u00e1psula para perder peso de orlistat ofrece una soluci\u00f3n cient\u00edficamente respaldada para una vida m\u00e1s saludable.<\/p>\n<h3><\/h3>\n<p>&nbsp;<\/p>","protected":false},"excerpt":{"rendered":"<p><span style=\"color: #ff0000;\"><strong>comprar medicamentos sin receta<\/strong><\/span><\/p>\n<p><span style=\"color: #ff0000;\"><a href=\"https:\/\/bestpillz.com\/es\/shop\/\"><span style=\"color: #ff0000;\">We sell over-the-counter medicines<\/span><\/a>; buy\u00a0medicines with no prescription<br \/>\nentrega r\u00e1pida, discreta y confiable<br \/>\npago r\u00e1pido y seguro<br \/>\nComprar discretamente sin dejar rastro<\/span><\/p>\n<h3>Especificaciones<\/h3>\n<ul>\n<li>Ingrediente Activo: Orlistat 120mg<\/li>\n<li>Forma de dosificaci\u00f3n: C\u00e1psulas orales<\/li>\n<li>Uso recomendado: 1 c\u00e1psula con cada comida principal (hasta 3 veces al d\u00eda)<\/li>\n<li>Mecanismo: Inhibidor de la lipasa (bloqueador de la absorci\u00f3n de grasas)<\/li>\n<li>Indicaci\u00f3n: Tratamiento de la obesidad y el sobrepeso<\/li>\n<\/ul>","protected":false},"featured_media":469,"comment_status":"closed","ping_status":"closed","template":"","meta":[],"product_brand":[],"product_cat":[20],"product_tag":[],"class_list":{"0":"post-465","1":"product","2":"type-product","3":"status-publish","4":"has-post-thumbnail","6":"product_cat-weight-loss","8":"first","9":"instock","10":"shipping-taxable","11":"purchasable","12":"product-type-simple"},"_links":{"self":[{"href":"https:\/\/bestpillz.com\/es\/wp-json\/wp\/v2\/product\/465","targetHints":{"allow":["GET"]}}],"collection":[{"href":"https:\/\/bestpillz.com\/es\/wp-json\/wp\/v2\/product"}],"about":[{"href":"https:\/\/bestpillz.com\/es\/wp-json\/wp\/v2\/types\/product"}],"replies":[{"embeddable":true,"href":"https:\/\/bestpillz.com\/es\/wp-json\/wp\/v2\/comments?post=465"}],"version-history":[{"count":5,"href":"https:\/\/bestpillz.com\/es\/wp-json\/wp\/v2\/product\/465\/revisions"}],"predecessor-version":[{"id":8417,"href":"https:\/\/bestpillz.com\/es\/wp-json\/wp\/v2\/product\/465\/revisions\/8417"}],"wp:featuredmedia":[{"embeddable":true,"href":"https:\/\/bestpillz.com\/es\/wp-json\/wp\/v2\/media\/469"}],"wp:attachment":[{"href":"https:\/\/bestpillz.com\/es\/wp-json\/wp\/v2\/media?parent=465"}],"wp:term":[{"taxonomy":"product_brand","embeddable":true,"href":"https:\/\/bestpillz.com\/es\/wp-json\/wp\/v2\/product_brand?post=465"},{"taxonomy":"product_cat","embeddable":true,"href":"https:\/\/bestpillz.com\/es\/wp-json\/wp\/v2\/product_cat?post=465"},{"taxonomy":"product_tag","embeddable":true,"href":"https:\/\/bestpillz.com\/es\/wp-json\/wp\/v2\/product_tag?post=465"}],"curies":[{"name":"wp","href":"https:\/\/api.w.org\/{rel}","templated":true}]}}