{"id":466,"date":"2026-02-26T00:15:08","date_gmt":"2026-02-26T00:15:08","guid":{"rendered":"https:\/\/bestpillz.com\/?post_type=product&#038;p=466"},"modified":"2026-04-14T22:07:32","modified_gmt":"2026-04-14T22:07:32","slug":"mounjaro-15mg","status":"publish","type":"product","link":"https:\/\/bestpillz.com\/es\/producto\/mounjaro-15mg\/","title":{"rendered":"Mounjaro 15mg"},"content":{"rendered":"<h2>Mounjaro 15 mg (Tirzepatida) Inyecci\u00f3n para P\u00e9rdida de Peso y Diabetes<\/h2>\n<p>Mounjaro 15mg (tirzepatida) es una inyecci\u00f3n de nueva generaci\u00f3n para la p\u00e9rdida de peso y la diabetes dise\u00f1ada para apoyar una reducci\u00f3n significativa de grasa y un mejor control del az\u00facar en sangre. Como agonista dual de los receptores GIP y GLP-1, Mounjaro ayuda a controlar el peso y el az\u00facar en sangre al afectar dos procesos importantes en el cuerpo: el control del apetito, la mejora de<\/p>\n<p><a href=\"https:\/\/bestpillz.com\/es\/shop\/\"><span style=\"color: #ff0000;\"><strong>comprar medicamentos sin receta<\/strong><\/span><\/a><\/p>\n<p><span style=\"color: #ff0000;\">Vendemos medicamentos de venta libre; compre medicamentos sin receta<br \/>\nentrega r\u00e1pida, discreta y confiable<br \/>\npago r\u00e1pido y seguro<br \/>\nComprar discretamente sin dejar rastro<\/span><\/p>\n<p>Este potente bol\u00edgrafo inyectable de administraci\u00f3n semanal es ampliamente reconocido por ofrecer resultados impresionantes tanto en el control del peso como en el control de la diabetes tipo 2. Al ralentizar el vaciado g\u00e1strico y aumentar la sensaci\u00f3n de saciedad, Mounjaro ayuda a reducir el hambre y promueve una p\u00e9rdida de peso sostenible, lo que lo convierte en uno de los medicamentos m\u00e1s avanzados para el control del peso disponibles con receta m\u00e9dica.<\/p>\n<p>La dosis de 15 mg es t\u00edpicamente la dosis de mantenimiento m\u00e1s alta, se prescribe despu\u00e9s de una titulaci\u00f3n gradual de la dosis y est\u00e1 destinada a personas que requieren el m\u00e1ximo efecto terap\u00e9utico bajo supervisi\u00f3n m\u00e9dica.<\/p>\n<h3>Beneficios clave<\/h3>\n<ul>\n<li>Inyecci\u00f3n avanzada de doble acci\u00f3n para la p\u00e9rdida de peso (GIP + GLP-1)<\/li>\n<li>Favorece una p\u00e9rdida de grasa significativa y sostenida<\/li>\n<li>Ayuda a regular los niveles de az\u00facar en sangre de manera efectiva<\/li>\n<li>Reduce el apetito y los antojos de comida<\/li>\n<li>Dosificaci\u00f3n conveniente una vez por semana<\/li>\n<li>Mejora la salud metab\u00f3lica y la respuesta a la insulina<\/li>\n<li>Adecuado para programas de control de peso a largo plazo<\/li>\n<\/ul>\n<h3>Especificaciones<\/h3>\n<ul>\n<li>Ingrediente activo: Tirzepatida<\/li>\n<li>Fuerza: 15 mg por dosis<\/li>\n<li>Forma de dosificaci\u00f3n: Pluma de inyecci\u00f3n precargada<\/li>\n<li>Administraci\u00f3n: Subcut\u00e1nea (una vez por semana)<\/li>\n<li>Clase de medicamento: Agonista dual del receptor GIP y GLP-1<\/li>\n<li>Indicaci\u00f3n: Diabetes tipo 2 y control de peso (uso no indicado en algunas regiones)<\/li>\n<li>Medicamento sujeto a prescripci\u00f3n m\u00e9dica<\/li>\n<li>Almacenamiento: Refrigerado (2\u00b0C \u2013 8\u00b0C antes de usar)<\/li>\n<li>Progresi\u00f3n de la dosis: Titulaci\u00f3n gradual (2.5 mg \u2192 5 mg \u2192 10 mg \u2192 15 mg)<\/li>\n<\/ul>\n<h3>Compatibilidad \/ Adecuado para<\/h3>\n<ul>\n<li>Adultos con diabetes tipo 2<\/li>\n<li>Adultos con IMC \u226530 (obesidad) o IMC \u226527 con comorbilidades<\/li>\n<li>Individuos que buscan soluciones medicas avanzadas para perder peso<\/li>\n<li>Adecuado para tratamiento a largo plazo bajo supervisi\u00f3n m\u00e9dica.<\/li>\n<li>Se puede combinar con dieta, ejercicio y cambios en el estilo de vida<\/li>\n<\/ul>\n<h3>\u00bfPor qu\u00e9 elegir Mounjaro 15 mg?<\/h3>\n<p>Mounjaro 15 mg representa la \u00faltima innovaci\u00f3n en el tratamiento de la obesidad y el metabolismo, combinando la acci\u00f3n de dos hormonas para obtener resultados superiores en comparaci\u00f3n con los medicamentos tradicionales de GLP-1. Su capacidad para proporcionar tanto control del az\u00facar en sangre como p\u00e9rdida de peso sustancial lo convierte en una opci\u00f3n principal para pacientes y profesionales de la salud en todo el mundo. Para aquellos que buscan una alternativa poderosa y moderna a las inyecciones convencionales de p\u00e9rdida de peso, Mounjaro ofrece una eficacia y comodidad inigualables.<\/p>\n<h3><\/h3>\n<p>&nbsp;<\/p>","protected":false},"excerpt":{"rendered":"<p><span style=\"color: #ff0000;\"><a style=\"color: #ff0000;\" href=\"https:\/\/bestpillz.com\/es\/shop\/\"><strong>comprar medicamentos sin receta<\/strong><\/a><\/span><\/p>\n<p><span style=\"color: #ff0000;\">Vendemos medicamentos de venta libre; compre medicamentos sin receta<br \/>\nentrega r\u00e1pida, discreta y confiable<br \/>\npago r\u00e1pido y seguro<br \/>\nComprar discretamente sin dejar rastro<\/span><\/p>\n<h4>Especificaciones<\/h4>\n<ul>\n<li>Ingrediente activo: Tirzepatida<\/li>\n<li>Fuerza: 15 mg por dosis<\/li>\n<li>Forma de dosificaci\u00f3n: Pluma de inyecci\u00f3n precargada<\/li>\n<li>Administraci\u00f3n: Subcut\u00e1nea (una vez por semana)<\/li>\n<li>Clase de medicamento: Agonista dual del receptor GIP y GLP-1<\/li>\n<li>Indicaci\u00f3n: Diabetes tipo 2 y control de peso (uso no indicado en algunas regiones)<\/li>\n<\/ul>","protected":false},"featured_media":8431,"comment_status":"closed","ping_status":"closed","template":"","meta":[],"product_brand":[],"product_cat":[20],"product_tag":[],"class_list":{"0":"post-466","1":"product","2":"type-product","3":"status-publish","4":"has-post-thumbnail","6":"product_cat-weight-loss","8":"first","9":"instock","10":"sale","11":"shipping-taxable","12":"purchasable","13":"product-type-simple"},"_links":{"self":[{"href":"https:\/\/bestpillz.com\/es\/wp-json\/wp\/v2\/product\/466","targetHints":{"allow":["GET"]}}],"collection":[{"href":"https:\/\/bestpillz.com\/es\/wp-json\/wp\/v2\/product"}],"about":[{"href":"https:\/\/bestpillz.com\/es\/wp-json\/wp\/v2\/types\/product"}],"replies":[{"embeddable":true,"href":"https:\/\/bestpillz.com\/es\/wp-json\/wp\/v2\/comments?post=466"}],"version-history":[{"count":3,"href":"https:\/\/bestpillz.com\/es\/wp-json\/wp\/v2\/product\/466\/revisions"}],"predecessor-version":[{"id":8448,"href":"https:\/\/bestpillz.com\/es\/wp-json\/wp\/v2\/product\/466\/revisions\/8448"}],"wp:featuredmedia":[{"embeddable":true,"href":"https:\/\/bestpillz.com\/es\/wp-json\/wp\/v2\/media\/8431"}],"wp:attachment":[{"href":"https:\/\/bestpillz.com\/es\/wp-json\/wp\/v2\/media?parent=466"}],"wp:term":[{"taxonomy":"product_brand","embeddable":true,"href":"https:\/\/bestpillz.com\/es\/wp-json\/wp\/v2\/product_brand?post=466"},{"taxonomy":"product_cat","embeddable":true,"href":"https:\/\/bestpillz.com\/es\/wp-json\/wp\/v2\/product_cat?post=466"},{"taxonomy":"product_tag","embeddable":true,"href":"https:\/\/bestpillz.com\/es\/wp-json\/wp\/v2\/product_tag?post=466"}],"curies":[{"name":"wp","href":"https:\/\/api.w.org\/{rel}","templated":true}]}}