{"id":172,"date":"2026-02-26T00:13:29","date_gmt":"2026-02-26T00:13:29","guid":{"rendered":"https:\/\/bestpillz.com\/?post_type=product&#038;p=172"},"modified":"2026-02-26T00:13:34","modified_gmt":"2026-02-26T00:13:34","slug":"fentermiini","status":"publish","type":"product","link":"https:\/\/bestpillz.com\/fi\/product\/phentermine\/","title":{"rendered":"Fentermiini"},"content":{"rendered":"<h2><b>Adipex (geneerinen Fentermiini)<\/b><\/h2>\n<p>&nbsp;<\/p>\n<h3><b>Indikaatio<\/b><\/h3>\n<p>&nbsp;<\/p>\n<p><b>Adipex (geneerinen Fentermiini)<\/b>\u00a0toimii ruokahalua hillitsev\u00e4n\u00e4 vaikuttamalla keskushermoston osiin, mik\u00e4 auttaa v\u00e4hent\u00e4m\u00e4\u00e4n mielitekoja. Se my\u00f6s lis\u00e4\u00e4 t\u00e4m\u00e4n l\u00e4\u00e4kkeen saavien potilaiden energiatasoja. On suositeltavaa k\u00e4ytt\u00e4\u00e4 t\u00e4t\u00e4 l\u00e4\u00e4kett\u00e4 yhdess\u00e4 terveellisen ruokavalion ja s\u00e4\u00e4nn\u00f6llisen liikunnan kanssa.<\/p>\n<p>&nbsp;<\/p>\n<h3><b>Miten ottaa<\/b><\/h3>\n<p>&nbsp;<\/p>\n<p><b>Adipex (geneerinen Fentermiini)<\/b>\u00a0tulisi ottaa kerran p\u00e4iv\u00e4ss\u00e4 ennen aamiaista tai kahden tunnin sis\u00e4ll\u00e4 sy\u00f6misen j\u00e4lkeen. On suositeltavaa ottaa l\u00e4\u00e4ke p\u00e4iv\u00e4n alussa unen h\u00e4iri\u00f6iden v\u00e4ltt\u00e4miseksi ja sen energiaa lis\u00e4\u00e4vien vaikutusten hy\u00f6dynt\u00e4miseksi. L\u00e4\u00e4ke tulee niell\u00e4 kokonaisena runsaan veden kanssa. Sit\u00e4 ei suositella alle 16-vuotiaille tai i\u00e4kk\u00e4ille potilaille. Katso tarkempia tietoja pakkauksesta ja kysy neuvoa asiantuntijalta. \u00c4l\u00e4 ylit\u00e4 pakkauksessa ilmoitettua annosta neuvottelematta l\u00e4\u00e4k\u00e4risi kanssa.<\/p>\n<p>&nbsp;<\/p>\n<h3><b>Varotoimet<\/b><\/h3>\n<p>&nbsp;<\/p>\n<p><b>Adipex (geneerinen Fentermiini)<\/b>\u00a0on reseptil\u00e4\u00e4ke, jonka voi m\u00e4\u00e4r\u00e4t\u00e4 vain p\u00e4tev\u00e4 l\u00e4\u00e4k\u00e4ri. Kerro l\u00e4\u00e4k\u00e4rille, jos olet allerginen Adipexille tai mille tahansa muulle k\u00e4ytt\u00e4m\u00e4llesi l\u00e4\u00e4kkeelle. T\u00e4t\u00e4 l\u00e4\u00e4kett\u00e4 ei suositella, jos sinulla on syd\u00e4nsairauksia, diabetesta, glaukoomaa tai p\u00e4ihderiippuvuutta sairastamisen historiaa.<\/p>\n<p>&nbsp;<\/p>\n<h3><b>Sivuvaikutukset<\/b><\/h3>\n<p>&nbsp;<\/p>\n<p>Mahdollisia sivuvaikutuksia ovat:<\/p>\n<ul>\n<li>Pahoinvointi<\/li>\n<li>Oksentelu<\/li>\n<li>Ripuli<\/li>\n<\/ul>\n<p>Keskushermoston haittavaikutuksia voivat olla:<\/p>\n<ul>\n<li>Yliaktiivisuus<\/li>\n<li>Unettomuus<\/li>\n<li>Huimaus<\/li>\n<\/ul>\n<p>T\u00e4m\u00e4n l\u00e4\u00e4kkeen pitk\u00e4aikainen k\u00e4ytt\u00f6 voi johtaa fyysiseen ja psyykkiseen riippuvuuteen.<\/p>","protected":false},"excerpt":{"rendered":"<p>Adipex (Generic Phentermine) &nbsp; Indication &nbsp; Adipex (Generic Phentermine)\u00a0acts as an appetite suppressant by affecting parts of the central nervous system, which helps lessen hunger cravings. It also increases the energy levels of patients taking this drug. It is recommended to use this medication in conjunction with a healthy diet and regular exercise. &nbsp; How [&hellip;]<\/p>\n","protected":false},"featured_media":193,"comment_status":"closed","ping_status":"closed","template":"","meta":[],"product_brand":[],"product_cat":[20],"product_tag":[],"class_list":{"0":"post-172","1":"product","2":"type-product","3":"status-publish","4":"has-post-thumbnail","6":"product_cat-weight-loss","8":"first","9":"instock","10":"shipping-taxable","11":"purchasable","12":"product-type-variable"},"_links":{"self":[{"href":"https:\/\/bestpillz.com\/fi\/wp-json\/wp\/v2\/product\/172","targetHints":{"allow":["GET"]}}],"collection":[{"href":"https:\/\/bestpillz.com\/fi\/wp-json\/wp\/v2\/product"}],"about":[{"href":"https:\/\/bestpillz.com\/fi\/wp-json\/wp\/v2\/types\/product"}],"replies":[{"embeddable":true,"href":"https:\/\/bestpillz.com\/fi\/wp-json\/wp\/v2\/comments?post=172"}],"version-history":[{"count":0,"href":"https:\/\/bestpillz.com\/fi\/wp-json\/wp\/v2\/product\/172\/revisions"}],"wp:featuredmedia":[{"embeddable":true,"href":"https:\/\/bestpillz.com\/fi\/wp-json\/wp\/v2\/media\/193"}],"wp:attachment":[{"href":"https:\/\/bestpillz.com\/fi\/wp-json\/wp\/v2\/media?parent=172"}],"wp:term":[{"taxonomy":"product_brand","embeddable":true,"href":"https:\/\/bestpillz.com\/fi\/wp-json\/wp\/v2\/product_brand?post=172"},{"taxonomy":"product_cat","embeddable":true,"href":"https:\/\/bestpillz.com\/fi\/wp-json\/wp\/v2\/product_cat?post=172"},{"taxonomy":"product_tag","embeddable":true,"href":"https:\/\/bestpillz.com\/fi\/wp-json\/wp\/v2\/product_tag?post=172"}],"curies":[{"name":"wp","href":"https:\/\/api.w.org\/{rel}","templated":true}]}}