{"id":466,"date":"2026-02-26T00:15:08","date_gmt":"2026-02-26T00:15:08","guid":{"rendered":"https:\/\/bestpillz.com\/?post_type=product&#038;p=466"},"modified":"2026-04-14T22:07:32","modified_gmt":"2026-04-14T22:07:32","slug":"mounjaro-15-mg","status":"publish","type":"product","link":"https:\/\/bestpillz.com\/fi\/product\/mounjaro-15mg\/","title":{"rendered":"Mounjaro 15mg"},"content":{"rendered":"<h2>Mounjaro 15mg (tirzepatidi) laihdutus- ja diabetesin pistos<\/h2>\n<p>Mounjaro 15mg (tirzepatidi) on uuden sukupolven painonpudotus- ja diabeteksin hoitoon tarkoitettu pistosl\u00e4\u00e4ke, joka on suunniteltu tukemaan merkitt\u00e4v\u00e4\u00e4 rasvan v\u00e4henemist\u00e4 ja parantamaan verensokerin hallintaa. Kaksois-GIP- ja GLP-1-reseptoriagonistina Mounjaro auttaa hallitsemaan painoa ja verensokeria vaikuttamalla kahteen elimist\u00f6n t\u00e4rke\u00e4\u00e4n prosessiin \u2013 ruokahalun s\u00e4\u00e4telyyn, parantaen<\/p>\n<p><a href=\"https:\/\/bestpillz.com\/fi\/kauppa\/\"><span style=\"color: #ff0000;\"><strong>osta l\u00e4\u00e4kkeit\u00e4 ilman resepti\u00e4<\/strong><\/span><\/a><\/p>\n<p><span style=\"color: #ff0000;\">Myymme reseptivapaita l\u00e4\u00e4kkeit\u00e4; osta l\u00e4\u00e4kkeit\u00e4 ilman resepti\u00e4<br \/>\nnopea, huomaamaton ja luotettava toimitus<br \/>\nnopea ja turvallinen maksu<br \/>\nostoksia huomaamattomasti ilman j\u00e4lki\u00e4<\/span><\/p>\n<p>T\u00e4m\u00e4 tehokas kerran viikossa annettava ruisku on laajalti tunnustettu antavan vaikuttavia tuloksia sek\u00e4 painonhallinnassa ett\u00e4 tyypin 2 diabeteksen hoidossa. Hidastamalla mahalaukun tyhjenemist\u00e4 ja lis\u00e4\u00e4m\u00e4ll\u00e4 kyll\u00e4isyyden tunnetta Mounjaro auttaa v\u00e4hent\u00e4m\u00e4\u00e4n n\u00e4lk\u00e4\u00e4 ja edist\u00e4m\u00e4\u00e4n kest\u00e4v\u00e4\u00e4 painonpudotusta, tehden siit\u00e4 yhden edistyneimmist\u00e4 reseptill\u00e4 saatavista painonpudotusl\u00e4\u00e4kkeist\u00e4.<\/p>\n<p>15 mg:n annos on tyypillisesti suurin yll\u00e4pitoannos, se m\u00e4\u00e4r\u00e4t\u00e4\u00e4n asteittaisen annoksen suurentamisen j\u00e4lkeen ja se on tarkoitettu henkil\u00f6ille, jotka tarvitsevat maksimaalista terapeuttista vaikutusta l\u00e4\u00e4ketieteellisen valvonnan alaisena.<\/p>\n<h3>Keskeiset edut<\/h3>\n<ul>\n<li>Edistynyt kaksitoiminen painonpudotusinjektio (GIP + GLP-1)<\/li>\n<li>Tukee merkitt\u00e4v\u00e4\u00e4 ja jatkuvaa rasvanpudotusta<\/li>\n<li>Auttaa s\u00e4\u00e4telem\u00e4\u00e4n verensokeria tehokkaasti<\/li>\n<li>V\u00e4hent\u00e4\u00e4 ruokahalua ja himoa ruokaan<\/li>\n<li>K\u00e4tev\u00e4 kertaannoksinen annostelu viikoittain<\/li>\n<li>Parantaa aineenvaihdunnan terveytt\u00e4 ja insuliinivastetta<\/li>\n<li>Sopii pitk\u00e4aikaisiin painonhallintaohjelmiin<\/li>\n<\/ul>\n<h3>M\u00e4\u00e4rittelyt<\/h3>\n<ul>\n<li>Vaikuttava aine: Tirzepatidi<\/li>\n<li>Vahvuus: 15 mg annosta kohden<\/li>\n<li>Annostusmuoto: Esit\u00e4ytetty injektiokyn\u00e4<\/li>\n<li>Hallinto: Ihonalainen (kerran viikossa)<\/li>\n<li>L\u00e4\u00e4keluokka: GIP- ja GLP-1-reseptoriagonisti<\/li>\n<li>Indikaatio: Tyypin 2 diabetes ja painonhallinta (tietyill\u00e4 alueilla ns. off-label-k\u00e4ytt\u00f6)<\/li>\n<li>Reseptil\u00e4\u00e4ke: Vain l\u00e4\u00e4k\u00e4rinm\u00e4\u00e4r\u00e4yksell\u00e4 saatava l\u00e4\u00e4ke<\/li>\n<li>S\u00e4ilytys: J\u00e4\u00e4kaapissa (2\u00b0C \u2013 8\u00b0C ennen k\u00e4ytt\u00f6\u00e4)<\/li>\n<li>Annostuksen titraus: V\u00e4hitt\u00e4inen nousu (2,5 mg \u2192 5 mg \u2192 10 mg \u2192 15 mg)<\/li>\n<\/ul>\n<h3>Yhteensopivuus \/ Soveltuu<\/h3>\n<ul>\n<li>Aikuiset, joilla on tyypin 2 diabetes<\/li>\n<li>Aikuiset, joiden BMI on \u226530 (lihavuus) tai BMI \u226527 ja joilla on liit\u00e4nn\u00e4issairauksia<\/li>\n<li>Henkil\u00f6t, jotka etsiv\u00e4t edistyneit\u00e4 l\u00e4\u00e4ketieteellisi\u00e4 painonhallintaratkaisuja<\/li>\n<li>Sopii pitk\u00e4aikaiseen hoitoon terveydenhuollon valvonnassa<\/li>\n<li>Voidaan yhdist\u00e4\u00e4 ruokavalioon, liikuntaan ja el\u00e4m\u00e4ntapamuutoksiin<\/li>\n<\/ul>\n<h3>Miksi valita Mounjaro 15 mg?<\/h3>\n<p>Mounjaro 15mg edustaa uusinta innovaatiota painonhallinnan ja metabolian hoidossa, yhdist\u00e4en kaksoishormonivaikutuksen tarjotakseen ylivoimaisia tuloksia perinteisiin GLP-1-l\u00e4\u00e4kkeisiin verrattuna. Sen kyky tarjota sek\u00e4 verensokerin hallintaa ett\u00e4 merkitt\u00e4v\u00e4\u00e4 painonpudotusta tekee siit\u00e4 huippuvalinnan potilaille ja terveydenhuollon ammattilaisille maailmanlaajuisesti. Niille, jotka etsiv\u00e4t tehokasta ja modernia vaihtoehtoa tavanomaisille laihdutusinjektioille, Mounjaro tarjoaa vertaansa vailla olevaa tehokkuutta ja k\u00e4ytt\u00f6mukavuutta.<\/p>\n<h3><\/h3>\n<p>&nbsp;<\/p>","protected":false},"excerpt":{"rendered":"<p><span style=\"color: #ff0000;\"><a style=\"color: #ff0000;\" href=\"https:\/\/bestpillz.com\/fi\/kauppa\/\"><strong>osta l\u00e4\u00e4kkeit\u00e4 ilman resepti\u00e4<\/strong><\/a><\/span><\/p>\n<p><span style=\"color: #ff0000;\">Myymme reseptivapaita l\u00e4\u00e4kkeit\u00e4; osta l\u00e4\u00e4kkeit\u00e4 ilman resepti\u00e4<br \/>\nnopea, huomaamaton ja luotettava toimitus<br \/>\nnopea ja turvallinen maksu<br \/>\nostoksia huomaamattomasti ilman j\u00e4lki\u00e4<\/span><\/p>\n<h4>M\u00e4\u00e4rittelyt<\/h4>\n<ul>\n<li>Vaikuttava aine: Tirzepatidi<\/li>\n<li>Vahvuus: 15 mg annosta kohden<\/li>\n<li>Annostusmuoto: Esit\u00e4ytetty injektiokyn\u00e4<\/li>\n<li>Hallinto: Ihonalainen (kerran viikossa)<\/li>\n<li>L\u00e4\u00e4keluokka: GIP- ja GLP-1-reseptoriagonisti<\/li>\n<li>Indikaatio: Tyypin 2 diabetes ja painonhallinta (tietyill\u00e4 alueilla ns. off-label-k\u00e4ytt\u00f6)<\/li>\n<\/ul>","protected":false},"featured_media":8431,"comment_status":"closed","ping_status":"closed","template":"","meta":[],"product_brand":[],"product_cat":[20],"product_tag":[],"class_list":{"0":"post-466","1":"product","2":"type-product","3":"status-publish","4":"has-post-thumbnail","6":"product_cat-weight-loss","8":"first","9":"instock","10":"sale","11":"shipping-taxable","12":"purchasable","13":"product-type-simple"},"_links":{"self":[{"href":"https:\/\/bestpillz.com\/fi\/wp-json\/wp\/v2\/product\/466","targetHints":{"allow":["GET"]}}],"collection":[{"href":"https:\/\/bestpillz.com\/fi\/wp-json\/wp\/v2\/product"}],"about":[{"href":"https:\/\/bestpillz.com\/fi\/wp-json\/wp\/v2\/types\/product"}],"replies":[{"embeddable":true,"href":"https:\/\/bestpillz.com\/fi\/wp-json\/wp\/v2\/comments?post=466"}],"version-history":[{"count":3,"href":"https:\/\/bestpillz.com\/fi\/wp-json\/wp\/v2\/product\/466\/revisions"}],"predecessor-version":[{"id":8448,"href":"https:\/\/bestpillz.com\/fi\/wp-json\/wp\/v2\/product\/466\/revisions\/8448"}],"wp:featuredmedia":[{"embeddable":true,"href":"https:\/\/bestpillz.com\/fi\/wp-json\/wp\/v2\/media\/8431"}],"wp:attachment":[{"href":"https:\/\/bestpillz.com\/fi\/wp-json\/wp\/v2\/media?parent=466"}],"wp:term":[{"taxonomy":"product_brand","embeddable":true,"href":"https:\/\/bestpillz.com\/fi\/wp-json\/wp\/v2\/product_brand?post=466"},{"taxonomy":"product_cat","embeddable":true,"href":"https:\/\/bestpillz.com\/fi\/wp-json\/wp\/v2\/product_cat?post=466"},{"taxonomy":"product_tag","embeddable":true,"href":"https:\/\/bestpillz.com\/fi\/wp-json\/wp\/v2\/product_tag?post=466"}],"curies":[{"name":"wp","href":"https:\/\/api.w.org\/{rel}","templated":true}]}}