{"id":465,"date":"2026-02-26T00:15:08","date_gmt":"2026-02-26T00:15:08","guid":{"rendered":"https:\/\/bestpillz.com\/?post_type=product&#038;p=465"},"modified":"2026-04-14T22:02:47","modified_gmt":"2026-04-14T22:02:47","slug":"xenical","status":"publish","type":"product","link":"https:\/\/bestpillz.com\/fr\/product\/xenical\/","title":{"rendered":"Xenical pack complet 12 semaines"},"content":{"rendered":"<h2>Xenical 120mg (Orlistat) \u2013 Capsules pour perte de poids<\/h2>\n<p>Xenical 120 mg (Orlistat) est un m\u00e9dicament amaigrissant cliniquement prouv\u00e9, con\u00e7u pour aider les personnes en surpoids ou souffrant d'ob\u00e9sit\u00e9. En tant que bloqueur d'absorption des graisses de premier plan, Xenical agit directement dans le syst\u00e8me digestif pour r\u00e9duire la quantit\u00e9 de graisses alimentaires absorb\u00e9es par le corps, aidant ainsi \u00e0 diminuer l'apport calorique et \u00e0 favoriser une perte de poids progressive et durable.<\/p>\n<p><a href=\"https:\/\/bestpillz.com\/fr\/boutique\/\"><span style=\"color: #ff0000;\"><strong>acheter des m\u00e9dicaments sans ordonnance<\/strong><\/span><\/a><\/p>\n<p><span style=\"color: #ff0000;\">Nous vendons des m\u00e9dicaments sans ordonnance ; achetez des m\u00e9dicaments sans prescription<br \/>\nlivraison rapide, discr\u00e8te et fiable<br \/>\nPaiement rapide et s\u00e9curis\u00e9<br \/>\nfaire des achats en toute discr\u00e9tion sans laisser de traces<\/span><\/p>\n<p><span class=\"gs_cit_txt\" tabindex=\"-1\" data-sups=\"1,2,3\" data-hover-id=\"1\"><span class=\"gs_tkn show\"><a href=\"https:\/\/bestpillz.com\/fr\/\">Xenical<\/a>\u00a0<\/span><span class=\"gs_tkn show\">contient\u00a0<\/span><span class=\"gs_tkn show\">le\u00a0<\/span><span class=\"gs_tkn show\">actif\u00a0<\/span><span class=\"gs_tkn show\">ingr\u00e9dient\u00a0<\/span><span class=\"gs_tkn show\">orlistat<\/span><span class=\"gs_tkn show\">,\u00a0<\/span><span class=\"gs_tkn show\">lequel\u00a0<\/span><span class=\"gs_tkn show\">\u0153uvres\u00a0<\/span><span class=\"gs_tkn show\">comme\u00a0<\/span><span class=\"gs_tkn show\">a\u00a0<\/span><span class=\"gs_tkn show\">gastro-intestinal\u00a0<\/span><span class=\"gs_tkn show\">lipase\u00a0<\/span><span class=\"gs_tkn show\">inhibiteur<\/span><span class=\"gs_tkn show\">. En bloquant la lipase, l'enzyme qui d\u00e9compose les graisses dans le syst\u00e8me digestif, Xenical emp\u00eache l'absorption de certaines graisses alimentaires, qui peuvent ainsi passer dans le corps sans \u00eatre dig\u00e9r\u00e9es.<\/span><span class=\"gs_tkn show\">\u00a0<\/span><span class=\"gs_tkn show\">Ceci\u00a0<\/span><span class=\"gs_tkn show\">m\u00e9canisme\u00a0<\/span><span class=\"gs_tkn show\">aide\u00a0<\/span><span class=\"gs_tkn show\">r\u00e9duire\u00a0<\/span><span class=\"gs_tkn show\">dans l'ensemble\u00a0<\/span><span class=\"gs_tkn show\">calorie\u00a0<\/span><span class=\"gs_tkn show\">prise\u00a0<\/span><span class=\"gs_tkn show\">et\u00a0<\/span><span class=\"gs_tkn show\">prend en charge\u00a0<\/span><span class=\"gs_tkn show\">poids\u00a0<\/span><span class=\"gs_tkn show\">perte\u00a0<\/span><span class=\"gs_tkn show\">quand\u00a0<\/span><span class=\"gs_tkn show\">combin\u00e9\u00a0<\/span><span class=\"gs_tkn show\">avec\u00a0<\/span><span class=\"gs_tkn show\">a\u00a0<\/span><span class=\"gs_tkn show\">r\u00e9duit en calories,\u00a0<\/span><span class=\"gs_tkn show\">all\u00e9g\u00e9\u00a0<\/span><span class=\"gs_tkn show\">r\u00e9gime<\/span><span class=\"gs_tkn show\">\u00a0<\/span><span class=\"gs_tkn show\">et\u00a0<\/span><span class=\"gs_tkn show\">r\u00e9gulier\u00a0<\/span><span class=\"gs_tkn show\">exercice<\/span><\/span><\/p>\n<p>Ce pilule amaigrissante bloqueur de graisse est plus efficace lorsqu'elle est combin\u00e9e \u00e0 un r\u00e9gime hypocalorique et pauvre en graisses, ainsi qu'\u00e0 une activit\u00e9 physique r\u00e9guli\u00e8re. Elle est largement prescrite aux personnes dont l'IMC est \u226530 ou \u226528 avec des facteurs de risque tels que l'hypertension, le diab\u00e8te ou un taux de cholest\u00e9rol \u00e9lev\u00e9.<\/p>\n<p>Contrairement aux coupe-faim, Xenical agit localement dans l'intestin, ce qui signifie qu'il n'affecte pas le cerveau ni le syst\u00e8me nerveux central, ce qui en fait une alternative plus s\u00fbre pour une gestion du poids \u00e0 long terme sous surveillance m\u00e9dicale.<\/p>\n<h3>Avantages cl\u00e9s<\/h3>\n<ul>\n<li>M\u00e9dicament \u00e9prouv\u00e9 pour soutenir la perte de poids<\/li>\n<li>Bloque jusqu'\u00e0 30% de l'absorption des graisses alimentaires<\/li>\n<li>Aide \u00e0 r\u00e9duire l'apport calorique naturellement<\/li>\n<li>Favorise la gestion du poids \u00e0 long terme<\/li>\n<li>Formule non-stimulante (aucun effet sur les fonctions c\u00e9r\u00e9brales)<\/li>\n<li>Id\u00e9al pour les programmes de traitement de l'ob\u00e9sit\u00e9 et de contr\u00f4le du poids<\/li>\n<\/ul>\n<h3>Cahier des charges<\/h3>\n<ul>\n<li>Ingr\u00e9dient Actif : Orlistat 120mg<\/li>\n<li>Forme gal\u00e9nique : G\u00e9lules orales<\/li>\n<li>Utilisation recommand\u00e9e : 1 capsule \u00e0 chaque repas principal (jusqu'\u00e0 3 fois par jour)<\/li>\n<li>M\u00e9canisme : Inhibiteur de lipase (bloqueur d'absorption des graisses)<\/li>\n<li>Indication : Gestion de l'ob\u00e9sit\u00e9 et du surpoids<\/li>\n<li>Statut de la prescription : M\u00e9dicament d\u00e9livr\u00e9 sur ordonnance uniquement<\/li>\n<li>Conservation : en dessous de 30\u00b0C<\/li>\n<li>Dur\u00e9e du traitement : \u00c9valu\u00e9e apr\u00e8s 12 semaines<\/li>\n<\/ul>\n<h3>Compatibilit\u00e9 \/ Convient pour<\/h3>\n<ul>\n<li>Adultes avec un IMC \u226530 (ob\u00e8ses)<\/li>\n<li>Adultes avec un IMC \u226528 pr\u00e9sentant des facteurs de risque pour la sant\u00e9<\/li>\n<li>Les personnes suivant un r\u00e9gime pauvre en graisses et contr\u00f4l\u00e9 en calories<\/li>\n<li>Convient aux programmes de gestion du poids \u00e0 long terme (sous surveillance m\u00e9dicale)<\/li>\n<li>Peut \u00eatre utilis\u00e9 en parall\u00e8le avec des programmes d'exercices et de modification du mode de vie<\/li>\n<\/ul>\n<h3>Pourquoi choisir Xenical ?<\/h3>\n<p>Xenical est l'une des solutions m\u00e9dicales de perte de poids les plus fiables au monde. Son m\u00e9canisme unique de blocage des graisses permet aux utilisateurs de perdre du poids sans affecter leur app\u00e9tit ni leur niveau d'\u00e9nergie. Que vous commenciez un parcours de perte de poids structur\u00e9 ou que vous ayez besoin d'un soutien suppl\u00e9mentaire pour maintenir vos r\u00e9sultats, la capsule de perte de poids \u00e0 base d'orlistat offre une solution scientifiquement \u00e9prouv\u00e9e pour une vie plus saine.<\/p>\n<h3><\/h3>\n<p>&nbsp;<\/p>","protected":false},"excerpt":{"rendered":"<p><span style=\"color: #ff0000;\"><strong>acheter des m\u00e9dicaments sans ordonnance<\/strong><\/span><\/p>\n<p><span style=\"color: #ff0000;\"><a href=\"https:\/\/bestpillz.com\/fr\/boutique\/\"><span style=\"color: #ff0000;\">Nous vendons des m\u00e9dicaments en vente libre<\/span><\/a>; acheter des m\u00e9dicaments sans ordonnance<br \/>\nlivraison rapide, discr\u00e8te et fiable<br \/>\nPaiement rapide et s\u00e9curis\u00e9<br \/>\nfaire des achats en toute discr\u00e9tion sans laisser de traces<\/span><\/p>\n<h3>Cahier des charges<\/h3>\n<ul>\n<li>Ingr\u00e9dient Actif : Orlistat 120mg<\/li>\n<li>Forme gal\u00e9nique : G\u00e9lules orales<\/li>\n<li>Utilisation recommand\u00e9e : 1 capsule \u00e0 chaque repas principal (jusqu'\u00e0 3 fois par jour)<\/li>\n<li>M\u00e9canisme : Inhibiteur de lipase (bloqueur d'absorption des graisses)<\/li>\n<li>Indication : Gestion de l'ob\u00e9sit\u00e9 et du surpoids<\/li>\n<\/ul>","protected":false},"featured_media":469,"comment_status":"closed","ping_status":"closed","template":"","meta":[],"product_brand":[],"product_cat":[20],"product_tag":[],"class_list":{"0":"post-465","1":"product","2":"type-product","3":"status-publish","4":"has-post-thumbnail","6":"product_cat-weight-loss","8":"first","9":"instock","10":"shipping-taxable","11":"purchasable","12":"product-type-simple"},"_links":{"self":[{"href":"https:\/\/bestpillz.com\/fr\/wp-json\/wp\/v2\/product\/465","targetHints":{"allow":["GET"]}}],"collection":[{"href":"https:\/\/bestpillz.com\/fr\/wp-json\/wp\/v2\/product"}],"about":[{"href":"https:\/\/bestpillz.com\/fr\/wp-json\/wp\/v2\/types\/product"}],"replies":[{"embeddable":true,"href":"https:\/\/bestpillz.com\/fr\/wp-json\/wp\/v2\/comments?post=465"}],"version-history":[{"count":5,"href":"https:\/\/bestpillz.com\/fr\/wp-json\/wp\/v2\/product\/465\/revisions"}],"predecessor-version":[{"id":8417,"href":"https:\/\/bestpillz.com\/fr\/wp-json\/wp\/v2\/product\/465\/revisions\/8417"}],"wp:featuredmedia":[{"embeddable":true,"href":"https:\/\/bestpillz.com\/fr\/wp-json\/wp\/v2\/media\/469"}],"wp:attachment":[{"href":"https:\/\/bestpillz.com\/fr\/wp-json\/wp\/v2\/media?parent=465"}],"wp:term":[{"taxonomy":"product_brand","embeddable":true,"href":"https:\/\/bestpillz.com\/fr\/wp-json\/wp\/v2\/product_brand?post=465"},{"taxonomy":"product_cat","embeddable":true,"href":"https:\/\/bestpillz.com\/fr\/wp-json\/wp\/v2\/product_cat?post=465"},{"taxonomy":"product_tag","embeddable":true,"href":"https:\/\/bestpillz.com\/fr\/wp-json\/wp\/v2\/product_tag?post=465"}],"curies":[{"name":"wp","href":"https:\/\/api.w.org\/{rel}","templated":true}]}}