{"id":52,"date":"2026-02-26T00:12:56","date_gmt":"2026-02-26T00:12:56","guid":{"rendered":"https:\/\/bestpillz.com\/?post_type=product&#038;p=52"},"modified":"2026-04-19T22:46:06","modified_gmt":"2026-04-19T22:46:06","slug":"ozempic","status":"publish","type":"product","link":"https:\/\/bestpillz.com\/fr\/product\/ozempic\/","title":{"rendered":"Ozempic"},"content":{"rendered":"<div>\n<h2 data-section-id=\"dmeodv\" data-start=\"0\" data-end=\"75\">Ozempic (S\u00e9maglutide) \u2013 Agoniste du r\u00e9cepteur GLP-1 pour le diab\u00e8te de type 2 (sur ordonnance)<\/h2>\n<\/div>\n<div>Ozempic est un m\u00e9dicament qui a montr\u00e9 son efficacit\u00e9 dans la perte de poids. Il peut aider \u00e0 r\u00e9duire l'app\u00e9tit et \u00e0 am\u00e9liorer la perte de poids. Le m\u00e9dicament est inject\u00e9 une fois par semaine. L'injection agit en r\u00e9duisant votre app\u00e9tit et, lorsqu'elle est utilis\u00e9e en conjonction avec un r\u00e9gime alimentaire sain et de l'exercice, elle peut aider \u00e0 r\u00e9duire le poids.<\/div>\n<div><\/div>\n<div>Ozempic Semaglutide est un traitement utilis\u00e9 pour le diab\u00e8te de type 2 mais aussi tr\u00e8s utile pour la perte de poids. Vous pouvez acheter Ozempic en ligne dans notre magasin et le faire livrer \u00e0 votre domicile en toute s\u00e9curit\u00e9.<\/div>\n<div><\/div>\n<div>Ozempic est disponible en ligne et est administr\u00e9 sous forme d'injection sous-cutan\u00e9e gradu\u00e9e qui se trouve dans un stylo pr\u00e9rempli. La dose est inject\u00e9e une fois par semaine. L'injection agit en r\u00e9duisant votre app\u00e9tit et, lorsqu'elle est utilis\u00e9e en conjonction avec une alimentation saine et de l'exercice, elle peut aider \u00e0 r\u00e9duire le poids.<\/div>\n<div><\/div>\n<h2>Qu'est-ce que Ozempic S\u00e9maglutide ?<\/h2>\n<div><\/div>\n<div>L'Ozempic, ou son nom g\u00e9n\u00e9rique S\u00e9maglutide, est un traitement utilis\u00e9 pour la perte de poids. Il agit en r\u00e9duisant l'app\u00e9tit par liaison aux r\u00e9cepteurs GLP-1 dans le corps. Lorsqu'il est utilis\u00e9 avec un r\u00e9gime alimentaire \u00e9quilibr\u00e9 et un programme d'exercice, il peut aider \u00e0 r\u00e9duire le poids chez les patients dont l'IMC (Indice de Masse Corporelle) est sup\u00e9rieur \u00e0 30.<\/div>\n<div><\/div>\n<h3><b>Comment fonctionne le s\u00e9maglutide Ozempic ?<\/b><\/h3>\n<div><b>\u00a0<\/b><\/div>\n<div>Ozempic est le nom de marque du m\u00e9dicament S\u00e9maglutide, qui est \u00e9galement la substance active de ce m\u00e9dicament. Il appartient \u00e0 une classe de m\u00e9dicaments appel\u00e9s agonistes du glucagon-like peptide-1 (GLP-1).<\/div>\n<div><\/div>\n<div>Les agonistes du GLP-1 agissent en mimant et en reproduisant le travail naturel des hormones appel\u00e9es incr\u00e9tines. Les incr\u00e9tines sont un groupe d'hormones qui contr\u00f4lent les fonctions du pancr\u00e9as. Les agonistes du GLP-1 agissent sur le pancr\u00e9as en augmentant la production d'insuline et en r\u00e9duisant les niveaux de glucagon dans le corps. Ce faisant, ils ralentissent \u00e9galement la vidange gastrique, stimulant une sensation de sati\u00e9t\u00e9 et contribuant finalement \u00e0 la perte de poids.<\/div>\n<div><\/div>\n<h3><b>Dosage de s\u00e9maglutide Ozempic<\/b><\/h3>\n<div><b>\u00a0<\/b><\/div>\n<div>Il existe deux stylos Ozempic diff\u00e9rents. Les deux contiennent 2 mg\/1,5 mL (1,34 mg\/mL) de m\u00e9dicament, mais les stylos d\u00e9livrent des doses diff\u00e9rentes.<\/div>\n<ul>\n<li>Un stylo d\u00e9livre 0,25 mg ou 0,5 mg par injection. Lorsque vous commencez \u00e0 prendre Ozempic, votre m\u00e9decin vous recommandera ce stylo. Chacun de ces stylos peut \u00eatre utilis\u00e9 quatre \u00e0 six fois.<\/li>\n<li>L'autre stylo d\u00e9livre 1 mg par injection. Vous utiliserez ce stylo si vous avez besoin d'une dose plus \u00e9lev\u00e9e pour contr\u00f4ler votre glyc\u00e9mie. Chacun de ces stylos ne peut \u00eatre utilis\u00e9 que deux fois.<\/li>\n<\/ul>\n<div><\/div>\n<h3><b>Pr\u00e9cautions et effets secondaires<\/b><\/h3>\n<div><b>\u00a0<\/b><\/div>\n<div>Pour une administration ad\u00e9quate et pour vous assurer que ce m\u00e9dicament vous convient, suivez toutes les mesures de pr\u00e9caution mentionn\u00e9es ici :<\/div>\n<div><\/div>\n<ul>\n<li>Avant de prendre ce m\u00e9dicament, assurez-vous de ne pas \u00eatre allergique ou intol\u00e9rant au s\u00e9maglutide ou \u00e0 tout autre ingr\u00e9dient pr\u00e9sent dans ce m\u00e9dicament.<\/li>\n<li>Si vous prenez des m\u00e9dicaments, qu'ils soient sur ordonnance ou en vente libre, informez-en votre m\u00e9decin.<\/li>\n<li>Si vous avez ou avez eu une pancr\u00e9atite (inflammation du pancr\u00e9as), une r\u00e9tinopathie diab\u00e9tique ou toute maladie r\u00e9nale, assurez-vous que votre m\u00e9decin en soit inform\u00e9.<\/li>\n<li>Si vous \u00eates enceinte, pr\u00e9voyez de l'\u00eatre ou si vous allaitez, informez-en votre m\u00e9decin avant d'utiliser ce m\u00e9dicament. Si vous pr\u00e9voyez une grossesse, votre m\u00e9decin vous dira probablement d'arr\u00eater ce m\u00e9dicament deux mois avant la grossesse.<\/li>\n<li>Si vous oubliez de prendre une dose, prenez-la d\u00e8s que vous vous en souvenez. Si plus de cinq jours se sont \u00e9coul\u00e9s depuis la prise d'une dose, sautez la dose oubli\u00e9e et prenez la suivante selon le calendrier.<\/li>\n<li>Avant d'utiliser le stylo Ozempic, assurez-vous que le liquide contenu dans le stylo est limpide. N'utilisez pas ce stylo si le liquide semble color\u00e9, trouble, \u00e9paissi ou s'il contient des particules.<\/li>\n<\/ul>\n<div>Ozempic (S\u00e9maglutide) a certains effets secondaires, mais la majorit\u00e9 du temps, les gens n'en ressentent aucun. Mais si vous remarquez l'un de ces effets secondaires, parlez-en imm\u00e9diatement \u00e0 votre m\u00e9decin.<\/div>\n<div><\/div>\n<div>Les effets secondaires courants de ce m\u00e9dicament sont tout \u00e0 fait tol\u00e9rables, ils comprennent des \u00e9ructations, des naus\u00e9es, des vomissements, de la diarrh\u00e9e, de la constipation et des douleurs abdominales.<\/div>\n<div><\/div>\n<div>Certains effets secondaires graves sont la diminution de la miction, la r\u00e9tention d'eau<\/div>\n<div><\/div>\n<h3><b>Comment utiliser l'Ozempic (s\u00e9maglutide) ?<\/b><\/h3>\n<div><b>\u00a0<\/b><\/div>\n<div>Utilisez ce m\u00e9dicament conform\u00e9ment aux instructions. En cas de doute, demandez conseil \u00e0 votre m\u00e9decin ou \u00e0 votre pharmacien.<\/div>\n<div><\/div>\n<div>L'injection d'Ozempic se pr\u00e9sente sous forme de stylo pr\u00e9rempli. Ce stylo vous permet de vous injecter le m\u00e9dicament vous-m\u00eame. Chaque stylo Ozempic est fourni avec plusieurs aiguilles. Vous devez utiliser une nouvelle aiguille \u00e0 chaque fois que vous vous injectez ce m\u00e9dicament.<\/div>\n<div><\/div>\n<ul>\n<li>Avant chaque utilisation, lavez-vous les mains \u00e0 l'eau et au savon.<\/li>\n<li>Pr\u00e9parez votre stylo. V\u00e9rifiez votre stylo pour vous assurer que le m\u00e9dicament liquide est clair, incolore et exempt de particules. Sinon, ne l'utilisez pas.<\/li>\n<li>Vissez l'aiguille. Retirez les capuchons ext\u00e9rieur et int\u00e9rieur de l'aiguille et jetez-les. Le stylo Ozempic doit \u00eatre utilis\u00e9 avec des aiguilles jetables Novo Nordisk qui sont fournies avec votre stylo. Utilisez toujours une nouvelle aiguille pour chaque injection.<\/li>\n<li><b>V\u00e9rifiez le d\u00e9bit de l'Ozempic avant votre premi\u00e8re injection avec chaque nouveau stylo.<\/b><\/li>\n<li>Si vous laissez tomber votre stylo ou suspectez un probl\u00e8me, attachez une nouvelle aiguille et v\u00e9rifiez le d\u00e9bit de l'Ozempic avant de vous injecter.<\/li>\n<\/ul>\n<div><\/div>\n<h3><b>S\u00e9lectionner et injecter votre dose<\/b><\/h3>\n<div><\/div>\n<ul>\n<li>S\u00e9lectionnez votre dose en tournant le stylo jusqu'\u00e0 la dose prescrite par votre m\u00e9decin. Si vous s\u00e9lectionnez la mauvaise dose, vous pouvez tourner le s\u00e9lecteur de dose dans un sens ou dans l'autre pour atteindre la dose correcte.<\/li>\n<li>Nettoyez votre peau \u00e0 l'endroit o\u00f9 vous allez injecter avec un tampon d'alcool et laissez s\u00e9cher. Ins\u00e9rez l'aiguille dans votre peau au niveau de l'estomac (abdomen), de la cuisse ou du haut du bras.<\/li>\n<li>Appuyez sur le centre du bouton doseur pour injecter jusqu'\u00e0 ce que \u201c 0 mg \u201d soit align\u00e9 avec le pointeur.<\/li>\n<li>Maintenez le bouton de dose enfonc\u00e9, gardez l'aiguille sous la peau et comptez lentement jusqu'\u00e0 6 pour vous assurer que la dose compl\u00e8te est inject\u00e9e. Gardez votre pouce sur le bouton d'injection jusqu'\u00e0 ce que vous retiriez l'aiguille de votre peau.<\/li>\n<li>Retirez l'aiguille du site d'injection. Si du sang appara\u00eet au site d'injection, appuyez l\u00e9g\u00e8rement avec une compresse de gaze ou une boule de coton. Ne frottez pas la zone.<\/li>\n<\/ul>\n<h3><b>Jetez votre aiguille<\/b><\/h3>\n<div><b>\u00a0<\/b><\/div>\n<ul>\n<li>Retirez d\u00e9licatement l'aiguille du stylo et jetez-la dans un r\u00e9cipient pour objets tranchants approuv\u00e9 par la FDA. Ne jetez pas d'aiguilles ou de stylos d\u00e9tach\u00e9s dans vos ordures m\u00e9nag\u00e8res.<\/li>\n<li>Ne remettez pas les capuchons sur les aiguilles pour \u00e9viter les piq\u00fbres d'aiguille. Conservez votre stylo sans l'aiguille fix\u00e9e. NE r\u00e9utilisez PAS et NE partagez PAS les aiguilles.<\/li>\n<li>Remettez le capuchon du stylo apr\u00e8s chaque utilisation pour prot\u00e9ger Ozempic de la lumi\u00e8re.<\/li>\n<li>Gardez toujours votre stylo avec vous. Ne le laissez pas dans une voiture ou un autre endroit o\u00f9 il pourrait faire trop chaud ou trop froid. Tenez-le hors de port\u00e9e des autres, en particulier des enfants et des animaux domestiques.<\/li>\n<\/ul>\n<h3><b>Pour v\u00e9rifier le flux<\/b><\/h3>\n<div><b>\u00a0<\/b><\/div>\n<ul>\n<li>La premi\u00e8re fois que vous utilisez chaque nouveau stylo Ozempic, assurez-vous de s\u00e9lectionner le symbole de v\u00e9rification du d\u00e9bit. Vous ne devez le faire qu'une seule fois avec chaque nouveau stylo. Tournez le s\u00e9lecteur de dose jusqu'\u00e0 ce que le symbole de v\u00e9rification du d\u00e9bit s'aligne avec le pointeur.<\/li>\n<li>Tenez le stylo avec l'aiguille pointant vers le haut. Gardez l'aiguille pointant vers le haut et appuyez sur le bouton de dose jusqu'\u00e0 ce que \u201c 0 mg \u201d s'aligne avec le pointeur. Une goutte d'Ozempic appara\u00eetra \u00e0 la pointe de l'aiguille.<\/li>\n<li>S'il n'y a pas de goutte, r\u00e9p\u00e9tez les \u00e9tapes 1 et 2, jusqu'\u00e0 6 fois, jusqu'\u00e0 ce qu'une goutte d'Ozempic apparaisse \u00e0 la pointe de l'aiguille. S'il n'y a toujours pas de goutte, changez l'aiguille et r\u00e9p\u00e9tez les \u00e9tapes 1 et 2 une fois de plus. N'utilisez pas le stylo si une goutte d'Ozempic n'appara\u00eet toujours pas.<\/li>\n<\/ul>","protected":false},"excerpt":{"rendered":"<p><span style=\"color: #ff0000;\"><strong>buy ozempic with no prescription<\/strong><\/span><\/p>\n<p><span style=\"color: #ff0000;\"><a style=\"color: #ff0000;\" href=\"https:\/\/bestpillz.com\/fr\/boutique\/\">We sell over-the-counter ozempic medicine<\/a>;<\/span><br \/>\n<span style=\"color: #ff0000;\">livraison rapide, discr\u00e8te et fiable<\/span><br \/>\n<span style=\"color: #ff0000;\">Paiement rapide et s\u00e9curis\u00e9<\/span><br \/>\n<span style=\"color: #ff0000;\">faire des achats en toute discr\u00e9tion sans laisser de traces<\/span><\/p>","protected":false},"featured_media":82,"comment_status":"closed","ping_status":"closed","template":"","meta":[],"product_brand":[],"product_cat":[19,20],"product_tag":[],"class_list":{"0":"post-52","1":"product","2":"type-product","3":"status-publish","4":"has-post-thumbnail","6":"product_cat-diabetes","7":"product_cat-weight-loss","9":"first","10":"instock","11":"sale","12":"shipping-taxable","13":"purchasable","14":"product-type-simple"},"_links":{"self":[{"href":"https:\/\/bestpillz.com\/fr\/wp-json\/wp\/v2\/product\/52","targetHints":{"allow":["GET"]}}],"collection":[{"href":"https:\/\/bestpillz.com\/fr\/wp-json\/wp\/v2\/product"}],"about":[{"href":"https:\/\/bestpillz.com\/fr\/wp-json\/wp\/v2\/types\/product"}],"replies":[{"embeddable":true,"href":"https:\/\/bestpillz.com\/fr\/wp-json\/wp\/v2\/comments?post=52"}],"wp:featuredmedia":[{"embeddable":true,"href":"https:\/\/bestpillz.com\/fr\/wp-json\/wp\/v2\/media\/82"}],"wp:attachment":[{"href":"https:\/\/bestpillz.com\/fr\/wp-json\/wp\/v2\/media?parent=52"}],"wp:term":[{"taxonomy":"product_brand","embeddable":true,"href":"https:\/\/bestpillz.com\/fr\/wp-json\/wp\/v2\/product_brand?post=52"},{"taxonomy":"product_cat","embeddable":true,"href":"https:\/\/bestpillz.com\/fr\/wp-json\/wp\/v2\/product_cat?post=52"},{"taxonomy":"product_tag","embeddable":true,"href":"https:\/\/bestpillz.com\/fr\/wp-json\/wp\/v2\/product_tag?post=52"}],"curies":[{"name":"wp","href":"https:\/\/api.w.org\/{rel}","templated":true}]}}