{"id":465,"date":"2026-02-26T00:15:08","date_gmt":"2026-02-26T00:15:08","guid":{"rendered":"https:\/\/bestpillz.com\/?post_type=product&#038;p=465"},"modified":"2026-04-14T22:02:47","modified_gmt":"2026-04-14T22:02:47","slug":"xenical","status":"publish","type":"product","link":"https:\/\/bestpillz.com\/it\/product\/xenical\/","title":{"rendered":"Xenical confezione completa da 12 settimane"},"content":{"rendered":"<h2>Xenical 120mg (Orlistat) \u2013 Capsule per la perdita di peso<\/h2>\n<p>Xenical 120 mg (Orlistat) \u00e8 un farmaco clinicamente testato per la perdita di peso, progettato per supportare le persone che lottano con l'obesit\u00e0 o il sovrappeso. Essendo un bloccante primario dell'assorbimento dei grassi, Xenical agisce direttamente nel sistema digestivo per ridurre la quantit\u00e0 di grassi alimentari assorbiti dal corpo, aiutando a diminuire l'apporto calorico e promuovendo una perdita di peso graduale e sostenibile.<\/p>\n<p><a href=\"https:\/\/bestpillz.com\/it\/negozio\/\"><span style=\"color: #ff0000;\"><strong>comprare medicinali senza ricetta<\/strong><\/span><\/a><\/p>\n<p><span style=\"color: #ff0000;\">Vendiamo farmaci da banco; acquista farmaci senza prescrizione medica<br \/>\nconsegna veloce, discreta e affidabile<br \/>\npagamento rapido e sicuro<br \/>\nacquista discretamente senza lasciare tracce<\/span><\/p>\n<p><span class=\"gs_cit_txt\" tabindex=\"-1\" data-sups=\"1,2,3\" data-hover-id=\"1\"><span class=\"gs_tkn show\"><a href=\"https:\/\/bestpillz.com\/it\/\">Xenical<\/a>\u00a0<\/span><span class=\"gs_tkn show\">contiene\u00a0<\/span><span class=\"gs_tkn show\">il\u00a0<\/span><span class=\"gs_tkn show\">attivo\u00a0<\/span><span class=\"gs_tkn show\">ingrediente\u00a0<\/span><span class=\"gs_tkn show\">orlistat<\/span><span class=\"gs_tkn show\">,\u00a0<\/span><span class=\"gs_tkn show\">quale\u00a0<\/span><span class=\"gs_tkn show\">lavori\u00a0<\/span><span class=\"gs_tkn show\">come\u00a0<\/span><span class=\"gs_tkn show\">a\u00a0<\/span><span class=\"gs_tkn show\">gastrointestinale\u00a0<\/span><span class=\"gs_tkn show\">lipasi\u00a0<\/span><span class=\"gs_tkn show\">inibitore<\/span><span class=\"gs_tkn show\">. Bloccando la lipasi, l'enzima che scompone i grassi nel sistema digestivo, Xenical impedisce che alcuni grassi alimentari vengano assorbiti, in modo che possano passare attraverso il corpo senza essere digeriti.<\/span><span class=\"gs_tkn show\">\u00a0<\/span><span class=\"gs_tkn show\">Questo\u00a0<\/span><span class=\"gs_tkn show\">meccanismo\u00a0<\/span><span class=\"gs_tkn show\">aiuta\u00a0<\/span><span class=\"gs_tkn show\">ridurre\u00a0<\/span><span class=\"gs_tkn show\">nel complesso\u00a0<\/span><span class=\"gs_tkn show\">calorie\u00a0<\/span><span class=\"gs_tkn show\">assunzione\u00a0<\/span><span class=\"gs_tkn show\">e\u00a0<\/span><span class=\"gs_tkn show\">supporti\u00a0<\/span><span class=\"gs_tkn show\">peso\u00a0<\/span><span class=\"gs_tkn show\">perdita\u00a0<\/span><span class=\"gs_tkn show\">quando\u00a0<\/span><span class=\"gs_tkn show\">combinato\u00a0<\/span><span class=\"gs_tkn show\">con\u00a0<\/span><span class=\"gs_tkn show\">a\u00a0<\/span><span class=\"gs_tkn show\">a basso contenuto calorico,\u00a0<\/span><span class=\"gs_tkn show\">a basso contenuto di grassi\u00a0<\/span><span class=\"gs_tkn show\">dieta<\/span><span class=\"gs_tkn show\">\u00a0<\/span><span class=\"gs_tkn show\">e\u00a0<\/span><span class=\"gs_tkn show\">regolare\u00a0<\/span><span class=\"gs_tkn show\">esercizio<\/span><\/span><\/p>\n<p>Questo farmaco dimagrante bloccante i grassi \u00e8 pi\u00f9 efficace se associato a una dieta ipocalorica, a basso contenuto di grassi e a regolare attivit\u00e0 fisica. \u00c8 ampiamente prescritto a persone con un IMC \u226530 o un IMC \u226528 con fattori di rischio come ipertensione, diabete o colesterolo alto.<\/p>\n<p>A differenza degli anoressizzanti, Xenical agisce localmente nell'intestino, il che significa che non influisce sul cervello o sul sistema nervoso centrale, rendendolo un'alternativa pi\u00f9 sicura per la gestione del peso a lungo termine sotto supervisione medica.<\/p>\n<h3>Vantaggi chiave<\/h3>\n<ul>\n<li>Farmaco di supporto alla perdita di peso comprovato<\/li>\n<li>Blocks up to 30% of dietary fat absorption<\/li>\n<li>Aiuta a ridurre l'apporto calorico in modo naturale<\/li>\n<li>Supporta la gestione del peso a lungo termine<\/li>\n<li>Formula non stimolante (nessun effetto sulle funzioni cerebrali)<\/li>\n<li>Ideale per programmi di trattamento dell'obesit\u00e0 e di controllo del peso<\/li>\n<\/ul>\n<h3>Specifiche<\/h3>\n<ul>\n<li>Principio attivo: Orlistat 120 mg<\/li>\n<li>Forma farmaceutica: capsule orali<\/li>\n<li>Uso consigliato: 1 capsula con ogni pasto principale (fino a 3 volte al giorno)<\/li>\n<li>Meccanismo: Inibitore della lipasi (bloccante dell'assorbimento dei grassi)<\/li>\n<li>Indicazione: Gestione dell'obesit\u00e0 e del sovrappeso<\/li>\n<li>Stato della prescrizione: Medicinal prodotto soggetto a prescrizione medica<\/li>\n<li>Conservare: Sotto i 30\u00b0C<\/li>\n<li>Durata del trattamento: Valutato dopo 12 settimane<\/li>\n<\/ul>\n<h3>Compatibilit\u00e0 \/ Adatto per<\/h3>\n<ul>\n<li>Adulti con BMI \u226530 (obesi)<\/li>\n<li>Adulti con BMI \u226528 con fattori di rischio per la salute<\/li>\n<li>Individui che seguono una dieta a basso contenuto di grassi e controllata in calorie<\/li>\n<li>Adatto per programmi di gestione del peso a lungo termine (sotto supervisione medica)<\/li>\n<li>Pu\u00f2 essere utilizzato in combinazione con piani di esercizio e modifiche dello stile di vita<\/li>\n<\/ul>\n<h3>Perch\u00e9 scegliere Xenical?<\/h3>\n<p>Xenical \u00e8 una delle soluzioni mediche per la perdita di peso pi\u00f9 affidabili a livello globale. Il suo esclusivo meccanismo di blocco dei grassi consente agli utenti di perdere peso senza influenzare l'appetito o i livelli di energia. Sia che tu stia iniziando un percorso strutturato di perdita di peso o necessiti di un supporto aggiuntivo per mantenere i risultati, la capsula dimagrante a base di orlistat offre una soluzione scientificamente provata per una vita pi\u00f9 sana.<\/p>\n<h3><\/h3>\n<p>&nbsp;<\/p>","protected":false},"excerpt":{"rendered":"<p><span style=\"color: #ff0000;\"><strong>comprare medicinali senza ricetta<\/strong><\/span><\/p>\n<p><span style=\"color: #ff0000;\"><a href=\"https:\/\/bestpillz.com\/it\/negozio\/\"><span style=\"color: #ff0000;\">We sell over-the-counter medicines<\/span><\/a>; buy\u00a0medicines with no prescription<br \/>\nconsegna veloce, discreta e affidabile<br \/>\npagamento rapido e sicuro<br \/>\nacquista discretamente senza lasciare tracce<\/span><\/p>\n<h3>Specifiche<\/h3>\n<ul>\n<li>Principio attivo: Orlistat 120 mg<\/li>\n<li>Forma farmaceutica: capsule orali<\/li>\n<li>Uso consigliato: 1 capsula con ogni pasto principale (fino a 3 volte al giorno)<\/li>\n<li>Meccanismo: Inibitore della lipasi (bloccante dell'assorbimento dei grassi)<\/li>\n<li>Indicazione: Gestione dell'obesit\u00e0 e del sovrappeso<\/li>\n<\/ul>","protected":false},"featured_media":469,"comment_status":"closed","ping_status":"closed","template":"","meta":[],"product_brand":[],"product_cat":[20],"product_tag":[],"class_list":{"0":"post-465","1":"product","2":"type-product","3":"status-publish","4":"has-post-thumbnail","6":"product_cat-weight-loss","8":"first","9":"instock","10":"shipping-taxable","11":"purchasable","12":"product-type-simple"},"_links":{"self":[{"href":"https:\/\/bestpillz.com\/it\/wp-json\/wp\/v2\/product\/465","targetHints":{"allow":["GET"]}}],"collection":[{"href":"https:\/\/bestpillz.com\/it\/wp-json\/wp\/v2\/product"}],"about":[{"href":"https:\/\/bestpillz.com\/it\/wp-json\/wp\/v2\/types\/product"}],"replies":[{"embeddable":true,"href":"https:\/\/bestpillz.com\/it\/wp-json\/wp\/v2\/comments?post=465"}],"version-history":[{"count":5,"href":"https:\/\/bestpillz.com\/it\/wp-json\/wp\/v2\/product\/465\/revisions"}],"predecessor-version":[{"id":8417,"href":"https:\/\/bestpillz.com\/it\/wp-json\/wp\/v2\/product\/465\/revisions\/8417"}],"wp:featuredmedia":[{"embeddable":true,"href":"https:\/\/bestpillz.com\/it\/wp-json\/wp\/v2\/media\/469"}],"wp:attachment":[{"href":"https:\/\/bestpillz.com\/it\/wp-json\/wp\/v2\/media?parent=465"}],"wp:term":[{"taxonomy":"product_brand","embeddable":true,"href":"https:\/\/bestpillz.com\/it\/wp-json\/wp\/v2\/product_brand?post=465"},{"taxonomy":"product_cat","embeddable":true,"href":"https:\/\/bestpillz.com\/it\/wp-json\/wp\/v2\/product_cat?post=465"},{"taxonomy":"product_tag","embeddable":true,"href":"https:\/\/bestpillz.com\/it\/wp-json\/wp\/v2\/product_tag?post=465"}],"curies":[{"name":"wp","href":"https:\/\/api.w.org\/{rel}","templated":true}]}}