{"id":52,"date":"2026-02-26T00:12:56","date_gmt":"2026-02-26T00:12:56","guid":{"rendered":"https:\/\/bestpillz.com\/?post_type=product&#038;p=52"},"modified":"2026-02-26T00:13:02","modified_gmt":"2026-02-26T00:13:02","slug":"ozempic","status":"publish","type":"product","link":"https:\/\/bestpillz.com\/pt\/produto\/ozempic\/","title":{"rendered":"Ozempic"},"content":{"rendered":"<div>Ozempic \u00e9 um medicamento que demonstrou ajudar na perda de peso. Pode ajudar a reduzir o apetite e potenciar a perda de peso. O medicamento \u00e9 injetado uma vez por semana. A inje\u00e7\u00e3o funciona reduzindo o seu apetite e quando utilizada em conjunto com uma dieta saud\u00e1vel e exerc\u00edcio f\u00edsico pode ajudar a reduzir o peso.<\/div>\n<div><\/div>\n<div>O Ozempic Semaglutido \u00e9 um tratamento utilizado para a diabetes tipo 2, mas tamb\u00e9m muito \u00fatil para a perda de peso. Pode comprar Ozempic online na nossa loja e receb\u00ea-lo em casa de forma segura.<\/div>\n<div><\/div>\n<div>O Ozempic est\u00e1 dispon\u00edvel online e \u00e9 administrado sob a forma de uma inje\u00e7\u00e3o subcut\u00e2nea com doseador, que se encontra numa caneta pr\u00e9-carregada. A dose \u00e9 injetada uma vez por semana. A inje\u00e7\u00e3o funciona reduzindo o seu apetite e, quando utilizada em conjunto com uma dieta saud\u00e1vel e exerc\u00edcio, pode ajudar a reduzir o peso.<\/div>\n<div><\/div>\n<div>O que \u00e9 Ozempic semaglutida?<\/div>\n<div><\/div>\n<div>Ozempic ou, como \u00e9 genericamente conhecido como Semaglutida, \u00e9 um tratamento utilizado para a perda de peso. Este funciona atrav\u00e9s da redu\u00e7\u00e3o do apetite ao ligar-se aos recetores GLP-1 no corpo. Quando utilizado com uma dieta equilibrada e um regime de exerc\u00edcio, pode ajudar a reduzir o peso em pacientes com um IMC (\u00cdndice de Massa Corporal) superior a 30.<\/div>\n<div><\/div>\n<div><b>Como funciona o Ozempic (semaglutida)?<\/b><\/div>\n<div><b>\u00a0<\/b><\/div>\n<div>Ozempic \u00e9 o nome comercial do medicamento Semaglutida, que \u00e9 tamb\u00e9m o ingrediente ativo deste medicamento. Pertence a uma classe de medicamentos chamados agonistas do recetor do pept\u00eddeo-1 semelhante ao glucagon (GLP-1).<\/div>\n<div><\/div>\n<div>Os agonistas do GLP-1 atuam imitando e copiando o trabalho natural de hormonas chamadas incretinas. As incretinas s\u00e3o um grupo de hormonas que controlam as fun\u00e7\u00f5es do p\u00e2ncreas. Os agonistas do GLP-1 agem no p\u00e2ncreas, aumentando a produ\u00e7\u00e3o de insulina e reduzindo os n\u00edveis de glucagon no organismo. Ao faz\u00ea-lo, tamb\u00e9m faz com que o est\u00f4mago abrande o esvaziamento g\u00e1strico, estimulando uma sensa\u00e7\u00e3o de saciedade e, em \u00faltima an\u00e1lise, ajuda-o a perder peso.<\/div>\n<div><\/div>\n<div><b>Ozempic Semaglutida Dosagem<\/b><\/div>\n<div><b>\u00a0<\/b><\/div>\n<div>Existem duas canetas Ozempic diferentes. Ambas cont\u00eam 2 mg\/1,5 mL (1,34 mg\/mL) de medicamento, mas as canetas fornecem doses diferentes.<\/div>\n<ul>\n<li>Uma caneta dispensa 0,25 mg ou 0,5 mg por inje\u00e7\u00e3o. Quando come\u00e7ar a tomar Ozempic, o seu m\u00e9dico ir\u00e1 recomendar esta caneta. Cada uma destas canetas pode ser utilizada quatro a seis vezes.<\/li>\n<li>A outra caneta administra 1 mg por inje\u00e7\u00e3o. Utilizar\u00e1 esta caneta se necessitar de uma dose mais elevada para controlar os seus n\u00edveis de a\u00e7\u00facar no sangue. Cada uma destas canetas s\u00f3 pode ser utilizada duas vezes.<\/li>\n<\/ul>\n<div><\/div>\n<div><b>Precau\u00e7\u00f5es e Efeitos Secund\u00e1rios<\/b><\/div>\n<div><b>\u00a0<\/b><\/div>\n<div>Para uma administra\u00e7\u00e3o adequada e para garantir que este medicamento \u00e9 adequado para si, siga todas as precau\u00e7\u00f5es mencionadas aqui:<\/div>\n<div><\/div>\n<ul>\n<li>Antes de tomar este medicamento, certifique-se de que n\u00e3o \u00e9 al\u00e9rgico ou intolerante \u00e0 semaglutida ou qualquer outro ingrediente presente neste medicamento.<\/li>\n<li>Se estiver a tomar alguma medica\u00e7\u00e3o sujeita a receita m\u00e9dica ou n\u00e3o, informe o seu m\u00e9dico.<\/li>\n<li>Se tem ou j\u00e1 teve pancreatite (inflama\u00e7\u00e3o do p\u00e2ncreas), retinopatia diab\u00e9tica ou qualquer doen\u00e7a renal, certifique-se de que o seu m\u00e9dico tem conhecimento disso.<\/li>\n<li>Se estiver gr\u00e1vida, a planear engravidar ou a amamentar, informe o seu m\u00e9dico antes de usar este medicamento. Se est\u00e1 a planear engravidar, o seu m\u00e9dico provavelmente ir\u00e1 aconselh\u00e1-la a interromper este medicamento dois meses antes da gravidez.<\/li>\n<li>Se se esquecer de tomar uma dose, tome-a assim que se lembrar. Se tiverem passado mais de cinco dias desde que tomou uma dose, salte essa dose em falta e tome a pr\u00f3xima na hora prevista.<\/li>\n<li>Antes de usar a caneta Ozempic, certifique-se de que o l\u00edquido nela contido \u00e9 l\u00edmpido. N\u00e3o utilize esta caneta se o l\u00edquido parecer colorido, turvo, espesso ou contiver part\u00edculas.<\/li>\n<\/ul>\n<div>Ozempic (Semaglutide) tem alguns efeitos secund\u00e1rios, mas na maioria das vezes as pessoas n\u00e3o sentem quaisquer efeitos secund\u00e1rios. No entanto, se notar algum destes efeitos secund\u00e1rios, fale imediatamente com o seu m\u00e9dico.<\/div>\n<div><\/div>\n<div>Os efeitos secund\u00e1rios comuns desta medica\u00e7\u00e3o s\u00e3o bastante toler\u00e1veis, incluem arrotos, n\u00e1useas, v\u00f3mitos, diarreia, obstipa\u00e7\u00e3o e dor abdominal.<\/div>\n<div><\/div>\n<div>Alguns efeitos secund\u00e1rios graves incluem diminui\u00e7\u00e3o da mic\u00e7\u00e3o e reten\u00e7\u00e3o de l\u00edquidos<\/div>\n<div><\/div>\n<div><b>Como Utilizo Ozempic Semaglutida?<\/b><\/div>\n<div><b>\u00a0<\/b><\/div>\n<div>Use este medicamento de acordo com as instru\u00e7\u00f5es. Se tiver alguma d\u00favida, consulte o seu m\u00e9dico ou farmac\u00eautico.<\/div>\n<div><\/div>\n<div>A inje\u00e7\u00e3o de Ozempic vem numa caneta pr\u00e9-carregada. Esta caneta permite que se administre a medica\u00e7\u00e3o sozinho. Cada caneta de Ozempic vem com v\u00e1rias agulhas. Deve usar uma agulha nova em todas as administra\u00e7\u00f5es desta medica\u00e7\u00e3o.<\/div>\n<div><\/div>\n<ul>\n<li>Antes de cada utiliza\u00e7\u00e3o, lave as m\u00e3os com \u00e1gua e sab\u00e3o.<\/li>\n<li>Prepare a sua caneta. Verifique a sua caneta para ter a certeza de que o medicamento l\u00edquido \u00e9 l\u00edmpido, incolor e isento de part\u00edculas. Se n\u00e3o for, n\u00e3o a utilize.<\/li>\n<li>Fixar a agulha. Retirar as tampas exterior e interior da agulha e deit\u00e1-las fora. O o.pen de Ozempic deve ser utilizado com agulhas descart\u00e1veis da Novo Nordisk que v\u00eam com o seu o.pen. Utilizar sempre uma agulha nova para cada inje\u00e7\u00e3o.<\/li>\n<li><b>Verifique o fluxo do Ozempic antes da sua primeira inje\u00e7\u00e3o com cada nova caneta.<\/b><\/li>\n<li>Se deixar cair a sua caneta ou suspeitar de um problema, coloque uma nova agulha e verifique o fluxo do Ozempic antes de injetar.<\/li>\n<\/ul>\n<div><\/div>\n<div><b>Selecione e injete a sua dose<\/b><\/div>\n<div><\/div>\n<ul>\n<li>Selecione a sua dose rodando a caneta at\u00e9 \u00e0 dose que o m\u00e9dico lhe receitou. Se selecionar a dose errada, pode rodar o seletor de dose para a frente ou para tr\u00e1s at\u00e9 \u00e0 dose correta.<\/li>\n<li>Limpe a pele com uma compressa de \u00e1lcool no local onde vai injetar e deixe secar. Insira a agulha na pele na barriga (abd\u00f3men), coxa ou parte superior do bra\u00e7o.<\/li>\n<li>Prima o centro do bot\u00e3o de dose para injetar at\u00e9 que \u201c0 mg\u201d fique alinhado com a marca.<\/li>\n<li>Mantenha o bot\u00e3o de dosagem pressionado, mantenha a agulha debaixo da pele e conte lentamente at\u00e9 6 para garantir que a dose completa \u00e9 injetada. Mantenha o polegar no bot\u00e3o de inje\u00e7\u00e3o at\u00e9 retirar a agulha da pele.<\/li>\n<li>Retire a agulha do local da inje\u00e7\u00e3o. Se aparecer sangue no local da inje\u00e7\u00e3o, pressione suavemente com uma compressa de gaze ou uma bola de algod\u00e3o. N\u00e3o esfregue a \u00e1rea.<\/li>\n<\/ul>\n<div><b>Descarte a sua agulha<\/b><\/div>\n<div><b>\u00a0<\/b><\/div>\n<ul>\n<li>Remova cuidadosamente a agulha da caneta e elimine-a num recipiente para objetos cortantes aprovado pela FDA. N\u00e3o deite agulhas e canetas soltas no lixo dom\u00e9stico.<\/li>\n<li>N\u00e3o coloque as tampas nas agulhas para evitar picadas. Guarde a sua caneta sem a agulha ligada. N\u00c3O reutilize nem partilhe agulhas.<\/li>\n<li>Coloque a tampa da caneta ap\u00f3s cada utiliza\u00e7\u00e3o para proteger o Ozempic da luz.<\/li>\n<li>Tenha sempre a sua caneta consigo. N\u00e3o a deixe num carro ou noutro local onde possa ficar demasiado quente ou frio. Mantenha-a fora do alcance de terceiros, especialmente crian\u00e7as e animais de estima\u00e7\u00e3o.<\/li>\n<\/ul>\n<div><b>Para verificar o fluxo<\/b><\/div>\n<div><b>\u00a0<\/b><\/div>\n<ul>\n<li>Da primeira vez que utilizar cada caneta nova de Ozempic, certifique-se de rodar para o s\u00edmbolo de verifica\u00e7\u00e3o de fluxo. S\u00f3 precisa de fazer isto uma vez com cada caneta nova. Rode o seletor de dose at\u00e9 que o s\u00edmbolo de verifica\u00e7\u00e3o de fluxo fique alinhado com a ponteira.<\/li>\n<li>Segure a caneta com a agulha virada para cima. Mantenha a agulha virada para cima e prima o bot\u00e3o de dose at\u00e9 que \u201c0 mg\u201d fique alinhado com o ponteiro. Uma gota de Ozempic aparecer\u00e1 na ponta da agulha.<\/li>\n<li>Se n\u00e3o sair nenhuma gota, repita os passos 1 e 2, at\u00e9 6 vezes, at\u00e9 que uma gota de Ozempic apare\u00e7a na ponta da agulha. Se ainda assim n\u00e3o sair nenhuma gota, troque a agulha e repita os passos 1 e 2 mais uma vez. N\u00e3o utilize a caneta se uma gota de Ozempic ainda n\u00e3o aparecer.<\/li>\n<\/ul>","protected":false},"excerpt":{"rendered":"<p>Ozempic is a medicine that has been shown to aid in weight loss. It can help to reduce appetite and enhance weight loss. The medicine is injected once weekly. The injection works by reducing your appetite and when used in conjunction with a healthy diet and exercise can help to reduce weight. Ozempic Semaglutide is [&hellip;]<\/p>\n","protected":false},"featured_media":82,"comment_status":"closed","ping_status":"closed","template":"","meta":[],"product_brand":[],"product_cat":[19,20],"product_tag":[],"class_list":{"0":"post-52","1":"product","2":"type-product","3":"status-publish","4":"has-post-thumbnail","6":"product_cat-diabetes","7":"product_cat-weight-loss","9":"first","10":"instock","11":"sale","12":"shipping-taxable","13":"purchasable","14":"product-type-simple"},"_links":{"self":[{"href":"https:\/\/bestpillz.com\/pt\/wp-json\/wp\/v2\/product\/52","targetHints":{"allow":["GET"]}}],"collection":[{"href":"https:\/\/bestpillz.com\/pt\/wp-json\/wp\/v2\/product"}],"about":[{"href":"https:\/\/bestpillz.com\/pt\/wp-json\/wp\/v2\/types\/product"}],"replies":[{"embeddable":true,"href":"https:\/\/bestpillz.com\/pt\/wp-json\/wp\/v2\/comments?post=52"}],"version-history":[{"count":0,"href":"https:\/\/bestpillz.com\/pt\/wp-json\/wp\/v2\/product\/52\/revisions"}],"wp:featuredmedia":[{"embeddable":true,"href":"https:\/\/bestpillz.com\/pt\/wp-json\/wp\/v2\/media\/82"}],"wp:attachment":[{"href":"https:\/\/bestpillz.com\/pt\/wp-json\/wp\/v2\/media?parent=52"}],"wp:term":[{"taxonomy":"product_brand","embeddable":true,"href":"https:\/\/bestpillz.com\/pt\/wp-json\/wp\/v2\/product_brand?post=52"},{"taxonomy":"product_cat","embeddable":true,"href":"https:\/\/bestpillz.com\/pt\/wp-json\/wp\/v2\/product_cat?post=52"},{"taxonomy":"product_tag","embeddable":true,"href":"https:\/\/bestpillz.com\/pt\/wp-json\/wp\/v2\/product_tag?post=52"}],"curies":[{"name":"wp","href":"https:\/\/api.w.org\/{rel}","templated":true}]}}