{"id":7705,"date":"2026-03-24T11:42:47","date_gmt":"2026-03-24T11:42:47","guid":{"rendered":"https:\/\/bestpillz.com\/?page_id=7705"},"modified":"2026-04-03T09:43:12","modified_gmt":"2026-04-03T09:43:12","slug":"om","status":"publish","type":"page","link":"https:\/\/bestpillz.com\/sv\/about\/","title":{"rendered":"Om"},"content":{"rendered":"<h1>Vilka vi \u00e4r<\/h1>\n<p>Bestpillz finns f\u00f6r att g\u00f6ra det enkelt f\u00f6r individer att f\u00e5 tillg\u00e5ng till verifierade mediciner online. Vi s\u00e4kerst\u00e4ller att din integritet h\u00e5lls hemlig, d\u00e4rf\u00f6r kr\u00e4ver vi inget receptkort f\u00f6r att godk\u00e4nna f\u00f6rs\u00e4ljning till dig.\u00a0<\/p>\n<p>Vi \u00e4r specialiserade p\u00e5 att erbjuda effektiva, vetenskapsbaserade l\u00f6sningar, inklusive receptbelagda l\u00e4kemedel som GLP-1, f\u00f6r att st\u00f6dja din h\u00e4lsoresa utan den byr\u00e5krati som \u00e4r vanlig inom sjukv\u00e5rden. V\u00e5r online-telehealthplattform betonar enkelhet, tillg\u00e4nglighet och personlig service.<\/p>\n<p>\t\t\t\t\t\t\t\t\t\t\t\t\t<img loading=\"lazy\" decoding=\"async\" width=\"71\" height=\"91\" src=\"https:\/\/bestpillz.com\/wp-content\/uploads\/2026\/04\/download-3.png\" alt=\"\" srcset=\"https:\/\/bestpillz.com\/wp-content\/uploads\/2026\/04\/download-3.png 71w, https:\/\/bestpillz.com\/wp-content\/uploads\/2026\/04\/download-3-9x12.png 9w\" sizes=\"auto, (max-width: 71px) 100vw, 71px\" \/>\t\t\t\t\t\t\t\t\t\t\t\t\t\t\t\t<\/p>\n<h4>S\u00e4kra betalningar<br \/>\n<\/h4>\n<p>100% s\u00e4kra betalningar f\u00f6r att ge dig en enkel och trygg upplevelse.<\/p>\n<p>\t\t\t\t\t\t\t\t\t\t\t\t\t<img loading=\"lazy\" decoding=\"async\" width=\"115\" height=\"85\" src=\"https:\/\/bestpillz.com\/wp-content\/uploads\/2026\/04\/download-1.png\" alt=\"\" srcset=\"https:\/\/bestpillz.com\/wp-content\/uploads\/2026\/04\/download-1.png 115w, https:\/\/bestpillz.com\/wp-content\/uploads\/2026\/04\/download-1-16x12.png 16w\" sizes=\"auto, (max-width: 115px) 100vw, 115px\" \/>\t\t\t\t\t\t\t\t\t\t\t\t\t\t\t\t<\/p>\n<h4>Bekv\u00e4m leverans<\/h4>\n<p>Snabb, flexibel och sp\u00e5rad leverans skr\u00e4ddarsydd f\u00f6r din trygghet.<\/p>\n<p>\t\t\t\t\t\t\t\t\t\t\t\t\t<img loading=\"lazy\" decoding=\"async\" width=\"86\" height=\"82\" src=\"https:\/\/bestpillz.com\/wp-content\/uploads\/2026\/04\/download.png\" alt=\"\" srcset=\"https:\/\/bestpillz.com\/wp-content\/uploads\/2026\/04\/download.png 86w, https:\/\/bestpillz.com\/wp-content\/uploads\/2026\/04\/download-13x12.png 13w\" sizes=\"auto, (max-width: 86px) 100vw, 86px\" \/>\t\t\t\t\t\t\t\t\t\t\t\t\t\t\t\t<\/p>\n<h4>Bekv\u00e4m leverans<\/h4>\n<p>Snabb, flexibel och sp\u00e5rad leverans skr\u00e4ddarsydd f\u00f6r din trygghet.<\/p>\n<h2>Kontakta Oss<\/h2>","protected":false},"excerpt":{"rendered":"<p>Who We Are Bestpillz exist to enable individuals have access to verified medications online with ease. We uensure your privacy is kept secret, reason why we don&#8217;t require a prescription card in order to approve sales to you.\u00a0 We specialize in offering effective, science-backed solutions, including prescription medications like GLP-1s, to support your health journey [&hellip;]<\/p>\n","protected":false},"author":1,"featured_media":0,"parent":0,"menu_order":0,"comment_status":"closed","ping_status":"closed","template":"","meta":{"footnotes":""},"class_list":["post-7705","page","type-page","status-publish","hentry"],"_links":{"self":[{"href":"https:\/\/bestpillz.com\/sv\/wp-json\/wp\/v2\/pages\/7705","targetHints":{"allow":["GET"]}}],"collection":[{"href":"https:\/\/bestpillz.com\/sv\/wp-json\/wp\/v2\/pages"}],"about":[{"href":"https:\/\/bestpillz.com\/sv\/wp-json\/wp\/v2\/types\/page"}],"author":[{"embeddable":true,"href":"https:\/\/bestpillz.com\/sv\/wp-json\/wp\/v2\/users\/1"}],"replies":[{"embeddable":true,"href":"https:\/\/bestpillz.com\/sv\/wp-json\/wp\/v2\/comments?post=7705"}],"version-history":[{"count":43,"href":"https:\/\/bestpillz.com\/sv\/wp-json\/wp\/v2\/pages\/7705\/revisions"}],"predecessor-version":[{"id":8196,"href":"https:\/\/bestpillz.com\/sv\/wp-json\/wp\/v2\/pages\/7705\/revisions\/8196"}],"wp:attachment":[{"href":"https:\/\/bestpillz.com\/sv\/wp-json\/wp\/v2\/media?parent=7705"}],"curies":[{"name":"wp","href":"https:\/\/api.w.org\/{rel}","templated":true}]}}