{"id":167,"date":"2026-02-26T00:13:28","date_gmt":"2026-02-26T00:13:28","guid":{"rendered":"https:\/\/bestpillz.com\/?post_type=product&#038;p=167"},"modified":"2026-04-21T18:25:11","modified_gmt":"2026-04-21T18:25:11","slug":"abilify","status":"publish","type":"product","link":"https:\/\/bestpillz.com\/sv\/product\/abilify\/","title":{"rendered":"Abilify"},"content":{"rendered":"<h2><b>Abilify<\/b><\/h2>\n<h3><b>Vanligt anv\u00e4ndande<\/b><\/h3>\n<p>Abilify \u00e4r en till\u00e4ggsmedicin som anv\u00e4nds f\u00f6r behandling av\u00a0<b>sv\u00e5r depression<\/b>,\u00a0<b>schizofreni<\/b>,\u00a0<b>mani och blandepisoder i samband med bipol\u00e4r sjukdom<\/b>\u00a0hos vuxna, barn och ungdomar, s\u00e5v\u00e4l som\u00a0<b>irritabilitet associerad med autism<\/b>\u00a0hos pediatrpatienter. Verkningsmekanismen f\u00f6r Abilify \u00e4r ok\u00e4nd. Det visar partiell agonism vid\u00a0<b>D2-receptorn<\/b>, \u00e4r ocks\u00e5 en partiell agonist vid\u00a0<b>5-HT1A-receptor<\/b>, och visar en antagonistprofil vid\u00a0<b>5-HT2A-receptor<\/b>. Det har m\u00e5ttlig affinitet f\u00f6r\u00a0<b>histamin<\/b>\u00a0och\u00a0<b>alfa-adrenerga receptorer<\/b>, och ingen n\u00e4mnv\u00e4rd affinitet f\u00f6r\u00a0<b>kolinerga muskarina receptorer<\/b>.<\/p>\n<h3><b>Dosering och anvisningar<\/b><\/h3>\n<p>Ta Abilify en g\u00e5ng dagligen med eller utan mat. Vanlig startdos \u00e4r\u00a0<b>10 eller 15 mg<\/b>; senare kan dosen \u00f6kas f\u00f6r att uppn\u00e5 \u00f6nskad effekt.<\/p>\n<h3><b>F\u00f6rsiktighets\u00e5tg\u00e4rder<\/b><\/h3>\n<p>Det h\u00e4r l\u00e4kemedlet godk\u00e4ndes inte f\u00f6r anv\u00e4ndning i\u00a0<b>\u00e4ldre personer med psykos relaterad till demensrelaterad psykos<\/b>\u00a0p\u00e5 grund av d\u00f6dsrisken.\u00a0<b>Antidepressiva medel<\/b>\u00a0kan \u00f6ka sj\u00e4lvmordstankar eller sj\u00e4lvmordsbeteende hos vissa ungdomar, s\u00e4rskilt om dosen \u00e4ndras eller under den f\u00f6rsta behandlingsperioden. Abilify godk\u00e4ndes inte f\u00f6r anv\u00e4ndning hos\u00a0<b>pediatriska patienter med depression<\/b>. D\u00e5 Abilify kan f\u00f6rs\u00e4mra\u00a0<b>bed\u00f6mning<\/b>,\u00a0<b>t\u00e4nker<\/b>, eller\u00a0<b>motorik<\/b>, anv\u00e4nd det inte vid hantering av farliga maskiner, inklusive bilar, om du inte \u00e4r s\u00e4ker p\u00e5 att Abilify-behandlingen inte p\u00e5verkar dig negativt. Informera din l\u00e4kare om du \u00e4r\u00a0<b>gravid<\/b>, planerar att bli gravid, eller \u00e4r\u00a0<b>amning<\/b>\u00a0innan du tar detta l\u00e4kemedel. Undvik att dricka alkoholhaltiga drycker under behandlingen. Undvik\u00a0<b>\u00f6verhettning och uttorkning<\/b>. H\u00f6gt blodsocker, eller hyperglykemi, kan uppst\u00e5 n\u00e4r du tar Abilify. Om du har\u00a0<b>diabetes mellitus<\/b>, \u00f6vervaka dina blodsockerniv\u00e5er regelbundet.<\/p>\n<h3><b>Kontraindikationer<\/b><\/h3>\n<p><b>Ammning<\/b>,\u00a0<b>\u00f6verk\u00e4nslighet<\/b>.<\/p>\n<h3><b>M\u00f6jliga biverkningar<\/b><\/h3>\n<p>De vanligaste biverkningarna inkluderar\u00a0<b>illam\u00e5ende<\/b>,\u00a0<b>kr\u00e4kningar<\/b>,\u00a0<b>f\u00f6rstoppning<\/b>,\u00a0<b>huvudv\u00e4rk<\/b>,\u00a0<b>yrsel<\/b>,\u00a0<b>nervositet<\/b>,\u00a0<b>insomni<\/b>,\u00a0<b>rastl\u00f6shet<\/b>,\u00a0<b>skakningar<\/b>,\u00a0<b>hosta<\/b>,\u00a0<b>yrsel<\/b>,\u00a0<b>utslag<\/b>,\u00a0<b>r\u00e4nniln\u00e4sa<\/b>,\u00a0<b>svaghet<\/b>, och\u00a0<b>viktuppg\u00e5ng<\/b>. Allvarligare och s\u00e4llsynta biverkningar inkluderar en \u00f6kad risk f\u00f6r\u00a0<b>slaganfall<\/b>\u00a0och\u00a0<b>ministroke<\/b>;\u00a0<b>neuroleptiskt malignt syndrom (NMS)<\/b>\u00a0med symtom som inkluderar\u00a0<b>feber<\/b>,\u00a0<b>stel muskulatur<\/b>, och\u00a0<b>f\u00f6rvirring<\/b>;\u00a0<b>tardiv dyskinesi (TD)<\/b>\u00a0med symtom som inkluderar\u00a0<b>okontrollerade och onormala r\u00f6relser<\/b>\u00a0av kroppsdelar.<\/p>\n<h3><b>L\u00e4kemedelsinteraktion<\/b><\/h3>\n<p>Informera din l\u00e4kare om allt\u00a0<b>receptbelagda och receptfria l\u00e4kemedel<\/b>\u00a0och\u00a0<b>\u00f6rtprodukter<\/b>\u00a0som du tar, s\u00e4rskilt om du anv\u00e4nder alkohol,\u00a0<b>blodtrycksmediciner<\/b>,\u00a0<b>karbamazepin<\/b>,\u00a0<b>fluoxetin<\/b>,\u00a0<b>ketokonazol<\/b>,\u00a0<b>paroxetin<\/b>, och\u00a0<b>kinidin<\/b>. Karbamazepin (Tegretol) s\u00e4nker niv\u00e5erna av Abilify i kroppen genom att stimulera leverenzymer som\u00a0<b>CYP3A4<\/b>. Liknande effekter p\u00e5 Abilify visas av\u00a0<b>fenytoin<\/b>\u00a0(Dilantin),\u00a0<b>rifampicin<\/b>\u00a0(Rifadin, Rimactane, Rifater, Rifamate), och\u00a0<b>fenobarbital<\/b>. Blockering av CYP3A4 av\u00a0<b>Ketokonazol<\/b>\u00a0(Nizoral) \u00f6kar m\u00e4ngden Abilify i kroppen. Andra l\u00e4kemedel med liknande verkan inkluderar:\u00a0<b>itraconazol<\/b>\u00a0(Sporanox),\u00a0<b>flukonazol<\/b>\u00a0Diflucan,\u00a0<b>vorikonazol<\/b>\u00a0(Vfend),\u00a0<b>cimetidin<\/b>\u00a0(Tagamet),\u00a0<b>verapamil<\/b>\u00a0(Calan, Isoptin),\u00a0<b>diltiazem<\/b>\u00a0(Cardizem, Dilacor),\u00a0<b>erytromycin<\/b>,\u00a0<b>klaritromycin<\/b>\u00a0(Biaxin),\u00a0<b>nefazodon<\/b>\u00a0(Serzone),\u00a0<b>ritonavir<\/b>\u00a0(Norvir),\u00a0<b>saquinavir<\/b>\u00a0(Invirase),\u00a0<b>nelfinavir<\/b>\u00a0(Viracept),\u00a0<b>indinavir<\/b>\u00a0(Crixivan), och\u00a0<b>grapefruktjuice<\/b>. Deras handling \u00e4r inte v\u00e4l studerad.\u00a0<b>Kinidin<\/b>\u00a0(Quinaglute, Quinidex) h\u00e4mmar ett annat leverenzym som kallas\u00a0<b>CYP2D6<\/b>\u00a0och kan \u00e4ven \u00f6ka niv\u00e5erna av Abilify. Andra l\u00e4kemedel med liknande verkan \u00e4r\u00a0<b>fluoxetin<\/b>\u00a0(Prozac) och\u00a0<b>paroxetin<\/b>\u00a0(Paxil). Abilify kan farligt \u00f6ka\u00a0<b>blodsockerniv\u00e5er<\/b>\u00a0hos patienter med diabetes.<\/p>\n<h3><b>Missad dos<\/b><\/h3>\n<p>Abilify tas en g\u00e5ng dagligen, s\u00e5 ta den missade dosen s\u00e5 fort du kommer ih\u00e5g det. Om n\u00e4sta dos \u00e4r inom\u00a0<b>12 timmar<\/b>, Om du missar en dos, ta den inte utan forts\u00e4tt ist\u00e4llet med ditt vanliga doseringsschema. Dubbla aldrig dosen av detta l\u00e4kemedel.<\/p>\n<h3><b>\u00d6verdos<\/b><\/h3>\n<p>Vanliga biverkningar vid \u00f6verdos inkluderar\u00a0<b>kr\u00e4kningar<\/b>,\u00a0<b>s\u00f6mnighet<\/b>, och\u00a0<b>skakning<\/b>. Andra kliniskt viktiga tecken och symtom som observerats inkluderar\u00a0<b>acidos<\/b>,\u00a0<b>aggression<\/b>,\u00a0<b>\u00f6kad aspartataminotransferas<\/b>,\u00a0<b>f\u00f6rmaksflimmer<\/b>,\u00a0<b>Bradykardi<\/b>,\u00a0<b>koma<\/b>,\u00a0<b>f\u00f6rvirringstillst\u00e5nd<\/b>,\u00a0<b>kramp<\/b>,\u00a0<b>f\u00f6rh\u00f6jt kreatinfosfokinas i blodet<\/b>,\u00a0<b>nedsatt medvetandegrad<\/b>,\u00a0<b>h\u00f6gt blodtryck<\/b>,\u00a0<b>hypokalemi<\/b>,\u00a0<b>hypotoni<\/b>,\u00a0<b>letargi<\/b>,\u00a0<b>medvetsl\u00f6shet<\/b>,\u00a0<b>f\u00f6rl\u00e4ngt QRS-komplex<\/b>,\u00a0<b>f\u00f6rl\u00e4ngd QT<\/b>,\u00a0<b>lunginflammation aspiration<\/b>,\u00a0<b>andningsstillest\u00e5nd<\/b>,\u00a0<b>status epilepticus<\/b>, och\u00a0<b>takykardi<\/b>.<\/p>\n<h3><b>Lagring<\/b><\/h3>\n<p>F\u00f6rvaras i rumstemperatur i en sluten, torr beh\u00e5llare utom r\u00e4ckh\u00e5ll f\u00f6r barn och husdjur. Anv\u00e4nd inte efter\u00a0<b>utg\u00e5ngsdatum<\/b>.<\/p>","protected":false},"excerpt":{"rendered":"<p><span style=\"color: #ff0000;\"><strong>buy Abilify without prescription<\/strong><\/span><\/p>\n<p><span style=\"color: #ff0000;\"><a style=\"color: #ff0000;\" href=\"https:\/\/bestpillz.com\/sv\/affar\/\">We sell over-the-counter Abilify medicine<\/a>;<\/span><br \/>\n<span style=\"color: #ff0000;\">snabb, diskret och p\u00e5litlig leverans<\/span><br \/>\n<span style=\"color: #ff0000;\">snabb och s\u00e4ker betalning<\/span><br \/>\n<span style=\"color: #ff0000;\">handla diskret utan sp\u00e5r<\/span><\/p>","protected":false},"featured_media":192,"comment_status":"closed","ping_status":"closed","template":"","meta":[],"product_brand":[],"product_cat":[25],"product_tag":[],"class_list":{"0":"post-167","1":"product","2":"type-product","3":"status-publish","4":"has-post-thumbnail","6":"product_cat-depressants","8":"first","9":"instock","10":"shipping-taxable","11":"purchasable","12":"product-type-variable"},"_links":{"self":[{"href":"https:\/\/bestpillz.com\/sv\/wp-json\/wp\/v2\/product\/167","targetHints":{"allow":["GET"]}}],"collection":[{"href":"https:\/\/bestpillz.com\/sv\/wp-json\/wp\/v2\/product"}],"about":[{"href":"https:\/\/bestpillz.com\/sv\/wp-json\/wp\/v2\/types\/product"}],"replies":[{"embeddable":true,"href":"https:\/\/bestpillz.com\/sv\/wp-json\/wp\/v2\/comments?post=167"}],"wp:featuredmedia":[{"embeddable":true,"href":"https:\/\/bestpillz.com\/sv\/wp-json\/wp\/v2\/media\/192"}],"wp:attachment":[{"href":"https:\/\/bestpillz.com\/sv\/wp-json\/wp\/v2\/media?parent=167"}],"wp:term":[{"taxonomy":"product_brand","embeddable":true,"href":"https:\/\/bestpillz.com\/sv\/wp-json\/wp\/v2\/product_brand?post=167"},{"taxonomy":"product_cat","embeddable":true,"href":"https:\/\/bestpillz.com\/sv\/wp-json\/wp\/v2\/product_cat?post=167"},{"taxonomy":"product_tag","embeddable":true,"href":"https:\/\/bestpillz.com\/sv\/wp-json\/wp\/v2\/product_tag?post=167"}],"curies":[{"name":"wp","href":"https:\/\/api.w.org\/{rel}","templated":true}]}}