{"id":453,"date":"2026-02-26T00:14:56","date_gmt":"2026-02-26T00:14:56","guid":{"rendered":"https:\/\/bestpillz.com\/?post_type=product&#038;p=453"},"modified":"2026-04-14T22:48:10","modified_gmt":"2026-04-14T22:48:10","slug":"asmoken","status":"publish","type":"product","link":"https:\/\/bestpillz.com\/sv\/produkt\/asmoken\/","title":{"rendered":"Asmoken"},"content":{"rendered":"<div id=\"model-response-message-contentr_80b8e673a5847692\" class=\"markdown markdown-main-panel stronger enable-updated-hr-color\" dir=\"ltr\" aria-live=\"polite\" aria-busy=\"false\">\n<h2 data-path-to-node=\"3\">Asmoken (Cytisin) 1.5 mg \u2013 Avancerat v\u00e4xtbaserat hj\u00e4lpmedel f\u00f6r r\u00f6kavv\u00e4njning<\/h2>\n<p data-path-to-node=\"4\">Bryt nikotinberoendet med Asmoken, den kliniskt bepr\u00f6vade, v\u00e4xtbaserade l\u00f6sningen f\u00f6r permanent r\u00f6kavv\u00e4njning. Asmoken anv\u00e4nder Cytisin, ett naturligt \u00e4mne fr\u00e5n tr\u00e4det Gyllenregn, f\u00f6r att erbjuda ett nikotinfritt alternativ till vanliga pl\u00e5ster och tuggummin.<\/p>\n<p data-path-to-node=\"5\">Utvecklad f\u00f6r dem som vill sluta r\u00f6ka utan l\u00e5ngvarig anv\u00e4ndning av nikotiners\u00e4ttningsterapier, fungerar Asmoken genom att rikta in sig p\u00e5 hj\u00e4rnans nikotinreceptorer, vilket signifikant minskar sug och fysiska abstinenssymtom.<\/p>\n<h3 data-path-to-node=\"7\">Hur det fungerar: Blockerings- och avlastningsmekanismen<\/h3>\n<p data-path-to-node=\"8\">Asmoken fungerar som en partiell agonist till de nikotina acetylkolinreceptorerna. Detta skapar en dubbel effekt under din nikotinavv\u00e4njning:<\/p>\n<ul data-path-to-node=\"9\">\n<li>\n<p data-path-to-node=\"9,0,0\">Lindring: Det stimulerar receptorer tillr\u00e4ckligt f\u00f6r att minska sv\u00e5righetsgraden av abstinenssymtom (irritabilitet, \u00e5ngest och rastl\u00f6shet).<\/p>\n<\/li>\n<li>\n<p data-path-to-node=\"9,1,0\">Blockad: Det f\u00f6rhindrar nikotin fr\u00e5n att binda till samma receptorer. Om du skulle snubbla och r\u00f6ka, kommer du inte att uppleva den \u201ctillfredsst\u00e4llelse\u201d eller \u201crus\u201d som vanligtvis f\u00f6rknippas med det, vilket hj\u00e4lper till att bryta den psykologiska bel\u00f6ningsslingan.<\/p>\n<\/li>\n<\/ul>\n<h3 data-path-to-node=\"11\">Asmoken-f\u00f6rdelen<\/h3>\n<ul data-path-to-node=\"12\">\n<li>\n<p data-path-to-node=\"12,0,0\">V\u00e4xtbaserad Formel: Ett naturligt alternativ till syntetiska farmaceutiska hj\u00e4lpmedel f\u00f6r r\u00f6kavv\u00e4njning.<\/p>\n<\/li>\n<li>\n<p data-path-to-node=\"12,1,0\">Kort behandlingscykel: Till skillnad fr\u00e5n andra program som varar 3-6 m\u00e5nader, \u00e4r den standardiserade Asmoken-cykeln endast 25 dagar.<\/p>\n<\/li>\n<li>\n<p data-path-to-node=\"12,2,0\">H\u00f6g framg\u00e5ngsfrekvens: Kliniska studier har visat att cytisin fungerar mycket b\u00e4ttre \u00e4n placebo och \u00e4r lika effektiv, eller till och med b\u00e4ttre, \u00e4n nikotiners\u00e4ttningsterapi (NRT).<\/p>\n<\/li>\n<li>\n<p data-path-to-node=\"12,3,0\">Nikotinfri: Hj\u00e4lper dig att helt avgifta dig fr\u00e5n nikotin ist\u00e4llet f\u00f6r att bara byta leveransmetod.<\/p>\n<\/li>\n<\/ul>\n<h3 data-path-to-node=\"14\">Tekniska specifikationer och dosering<\/h3>\n<table data-path-to-node=\"15\">\n<thead>\n<tr>\n<td>Funktion<\/td>\n<td>Detaljer<\/td>\n<\/tr>\n<\/thead>\n<tbody>\n<tr>\n<td>Aktiv ingrediens<\/td>\n<td>Cytisin (1,5 mg per tablett)<\/td>\n<\/tr>\n<tr>\n<td>L\u00e4kemedelsklass<\/td>\n<td>Nikotinerga acetylkolinreceptor-partiell agonisten<\/td>\n<\/tr>\n<tr>\n<td>Behandlingstid<\/td>\n<td>25-dagars strukturerad cykel<\/td>\n<\/tr>\n<tr>\n<td>Ursprung<\/td>\n<td>V\u00e4xtbaserad (Gullregn)<\/td>\n<\/tr>\n<tr>\n<td>Format<\/td>\n<td>Oral tablett<\/td>\n<\/tr>\n<tr>\n<td>Nikotininneh\u00e5ll<\/td>\n<td>0% (100% Nikotinfri)<\/td>\n<\/tr>\n<\/tbody>\n<\/table>\n<h3 data-path-to-node=\"17\">25-dagars v\u00e4gledning f\u00f6r att sluta<\/h3>\n<p data-path-to-node=\"18\">F\u00f6r att uppn\u00e5 maximala resultat f\u00f6ljer Asmoken ett specifikt nedtrappningsschema. Du forts\u00e4tter att r\u00f6ka under de f\u00f6rsta 5 dagarna av behandlingen eftersom cytisinet byggs upp i ditt system. Vid dag 5 b\u00f6r du sluta r\u00f6ka helt eftersom l\u00e4kemedlet n\u00e5r maximal effekt f\u00f6r att blockera nikotintillfredsst\u00e4llelse.<\/p>\n<h3 data-path-to-node=\"23\">S\u00e4kerhet och kompatibilitet<\/h3>\n<p data-path-to-node=\"24\">Asmoken tolereras generellt v\u00e4l. De vanligaste biverkningarna \u00e4r milda och inkluderar f\u00f6r\u00e4ndringar i aptit eller s\u00f6mnm\u00f6nster under de f\u00f6rsta dagarna av avv\u00e4njningen.<\/p>\n<ul data-path-to-node=\"25\">\n<li>\n<p data-path-to-node=\"25,0,0\">Kontraindikationer: Rekommenderas ej f\u00f6r personer med h\u00f6gt blodtryck (okontrollerat), avancerad \u00e5derf\u00f6rkalkning eller under graviditet\/amning.<\/p>\n<\/li>\n<li>\n<p data-path-to-node=\"25,1,0\">Konsultation: Som med alla medicinska omstartsprojekt, r\u00e5dg\u00f6r med en sjukv\u00e5rdspersonal f\u00f6r att s\u00e4kerst\u00e4lla att Asmoken \u00e4r kompatibel med din nuvarande h\u00e4lsoprofil.<\/p>\n<\/li>\n<\/ul>\n<p data-path-to-node=\"27\">\n<\/div>","protected":false},"excerpt":{"rendered":"<p><span style=\"color: #ff0000;\"><a style=\"color: #ff0000;\" href=\"https:\/\/bestpillz.com\/sv\/shop\/\"><strong>k\u00f6pa mediciner utan recept<\/strong><\/a><\/span><\/p>\n<p><span style=\"color: #ff0000;\">Vi s\u00e4ljer receptfria l\u00e4kemedel; k\u00f6p l\u00e4kemedel utan recept<\/span><br \/>\n<span style=\"color: #ff0000;\">snabb, diskret och p\u00e5litlig leverans<\/span><br \/>\n<span style=\"color: #ff0000;\">snabb och s\u00e4ker betalning<\/span><br \/>\n<span style=\"color: #ff0000;\">handla diskret utan sp\u00e5r<\/span><\/p>","protected":false},"featured_media":462,"comment_status":"closed","ping_status":"closed","template":"","meta":[],"product_brand":[],"product_cat":[32],"product_tag":[],"class_list":{"0":"post-453","1":"product","2":"type-product","3":"status-publish","4":"has-post-thumbnail","6":"product_cat-smoking-cessation","8":"first","9":"instock","10":"shipping-taxable","11":"purchasable","12":"product-type-variable"},"_links":{"self":[{"href":"https:\/\/bestpillz.com\/sv\/wp-json\/wp\/v2\/product\/453","targetHints":{"allow":["GET"]}}],"collection":[{"href":"https:\/\/bestpillz.com\/sv\/wp-json\/wp\/v2\/product"}],"about":[{"href":"https:\/\/bestpillz.com\/sv\/wp-json\/wp\/v2\/types\/product"}],"replies":[{"embeddable":true,"href":"https:\/\/bestpillz.com\/sv\/wp-json\/wp\/v2\/comments?post=453"}],"version-history":[{"count":3,"href":"https:\/\/bestpillz.com\/sv\/wp-json\/wp\/v2\/product\/453\/revisions"}],"predecessor-version":[{"id":8456,"href":"https:\/\/bestpillz.com\/sv\/wp-json\/wp\/v2\/product\/453\/revisions\/8456"}],"wp:featuredmedia":[{"embeddable":true,"href":"https:\/\/bestpillz.com\/sv\/wp-json\/wp\/v2\/media\/462"}],"wp:attachment":[{"href":"https:\/\/bestpillz.com\/sv\/wp-json\/wp\/v2\/media?parent=453"}],"wp:term":[{"taxonomy":"product_brand","embeddable":true,"href":"https:\/\/bestpillz.com\/sv\/wp-json\/wp\/v2\/product_brand?post=453"},{"taxonomy":"product_cat","embeddable":true,"href":"https:\/\/bestpillz.com\/sv\/wp-json\/wp\/v2\/product_cat?post=453"},{"taxonomy":"product_tag","embeddable":true,"href":"https:\/\/bestpillz.com\/sv\/wp-json\/wp\/v2\/product_tag?post=453"}],"curies":[{"name":"wp","href":"https:\/\/api.w.org\/{rel}","templated":true}]}}