{"id":465,"date":"2026-02-26T00:15:08","date_gmt":"2026-02-26T00:15:08","guid":{"rendered":"https:\/\/bestpillz.com\/?post_type=product&#038;p=465"},"modified":"2026-04-14T22:02:47","modified_gmt":"2026-04-14T22:02:47","slug":"xenical","status":"publish","type":"product","link":"https:\/\/bestpillz.com\/sv\/produkt\/xenical\/","title":{"rendered":"Xenical komplett 12 veckors f\u00f6rpackning"},"content":{"rendered":"<h2>Xenical 120mg (Orlistat) \u2013 Bantningskapslar<\/h2>\n<p>Xenical 120 mg (Orlistat) \u00e4r ett kliniskt bevisat viktminskningsl\u00e4kemedel som \u00e4r utformat f\u00f6r att st\u00f6dja personer som k\u00e4mpar med fetma eller \u00f6vervikt. Som en ledande fetabsorptionsblockerare verkar Xenical direkt i matsm\u00e4ltningssystemet f\u00f6r att minska m\u00e4ngden fett fr\u00e5n kosten som kroppen absorberar, vilket hj\u00e4lper till att s\u00e4nka kaloriintaget och fr\u00e4mja gradvis, h\u00e5llbar viktminskning.<\/p>\n<p><a href=\"https:\/\/bestpillz.com\/sv\/shop\/\"><span style=\"color: #ff0000;\"><strong>k\u00f6pa mediciner utan recept<\/strong><\/span><\/a><\/p>\n<p><span style=\"color: #ff0000;\">Vi s\u00e4ljer receptfria l\u00e4kemedel; k\u00f6p l\u00e4kemedel utan recept<br \/>\nsnabb, diskret och p\u00e5litlig leverans<br \/>\nsnabb och s\u00e4ker betalning<br \/>\nhandla diskret utan sp\u00e5r<\/span><\/p>\n<p><span class=\"gs_cit_txt\" tabindex=\"-1\" data-sups=\"1,2,3\" data-hover-id=\"1\"><span class=\"gs_tkn show\"><a href=\"https:\/\/bestpillz.com\/sv\/\">Xenical<\/a>\u00a0<\/span><span class=\"gs_tkn show\">inneh\u00e5ller\u00a0<\/span><span class=\"gs_tkn show\">den\u00a0<\/span><span class=\"gs_tkn show\">aktiv\u00a0<\/span><span class=\"gs_tkn show\">ingrediens\u00a0<\/span><span class=\"gs_tkn show\">orlistat<\/span><span class=\"gs_tkn show\">,\u00a0<\/span><span class=\"gs_tkn show\">vilken\u00a0<\/span><span class=\"gs_tkn show\">fungerar\u00a0<\/span><span class=\"gs_tkn show\">som\u00a0<\/span><span class=\"gs_tkn show\">a\u00a0<\/span><span class=\"gs_tkn show\">gastrointestinal\u00a0<\/span><span class=\"gs_tkn show\">lipas\u00a0<\/span><span class=\"gs_tkn show\">h\u00e4mmare<\/span><span class=\"gs_tkn show\">. Genom att blockera lipas, enzymet som bryter ner fetter i matsm\u00e4ltningssystemet, f\u00f6rhindrar Xenical att en del av kostfettet tas upp, s\u00e5 att det kan passera genom kroppen utan att sm\u00e4ltas.<\/span><span class=\"gs_tkn show\">\u00a0<\/span><span class=\"gs_tkn show\">Det h\u00e4r\u00a0<\/span><span class=\"gs_tkn show\">mekanism\u00a0<\/span><span class=\"gs_tkn show\">hj\u00e4lper\u00a0<\/span><span class=\"gs_tkn show\">minska\u00a0<\/span><span class=\"gs_tkn show\">overall\u00a0<\/span><span class=\"gs_tkn show\">kalori\u00a0<\/span><span class=\"gs_tkn show\">intag\u00a0<\/span><span class=\"gs_tkn show\">och\u00a0<\/span><span class=\"gs_tkn show\">st\u00f6djer\u00a0<\/span><span class=\"gs_tkn show\">vikt\u00a0<\/span><span class=\"gs_tkn show\">f\u00f6rlust\u00a0<\/span><span class=\"gs_tkn show\">n\u00e4r\u00a0<\/span><span class=\"gs_tkn show\">kombinerad\u00a0<\/span><span class=\"gs_tkn show\">med\u00a0<\/span><span class=\"gs_tkn show\">a\u00a0<\/span><span class=\"gs_tkn show\">kalorisn\u00e5l,\u00a0<\/span><span class=\"gs_tkn show\">l\u00e4ttmj\u00f6lk\u00a0<\/span><span class=\"gs_tkn show\">diet<\/span><span class=\"gs_tkn show\">\u00a0<\/span><span class=\"gs_tkn show\">och\u00a0<\/span><span class=\"gs_tkn show\">regelbunden\u00a0<\/span><span class=\"gs_tkn show\">tr\u00e4ning<\/span><\/span><\/p>\n<p>Detta fettblockerande kosttillskott \u00e4r mest effektivt n\u00e4r det kombineras med en kalorireducerad, fettfattig kost och regelbunden fysisk aktivitet. Det \u00e4r allm\u00e4nt ordinerat till personer med ett BMI \u226530 eller BMI \u226528 med riskfaktorer som h\u00f6gt blodtryck, diabetes eller h\u00f6gt kolesterol.<\/p>\n<p>Till skillnad fr\u00e5n aptitd\u00e4mpande medel verkar Xenical lokalt i tarmen, vilket inneb\u00e4r att det inte p\u00e5verkar hj\u00e4rnan eller centrala nervsystemet \u2013 vilket g\u00f6r det till ett s\u00e4krare alternativ f\u00f6r l\u00e5ngsiktig vikthantering under medicinsk \u00f6vervakning.<\/p>\n<h3>Viktiga f\u00f6rdelar<\/h3>\n<ul>\n<li>Bevisad viktminskningsst\u00f6djande medicin<\/li>\n<li>Blockerar upp till 30% av fettabsorption fr\u00e5n kosten<\/li>\n<li>Hj\u00e4lper till att minska kaloriintaget naturligt<\/li>\n<li>St\u00f6djer l\u00e5ngsiktig viktkontroll<\/li>\n<li>Icke-stimulerande formula (ingen effekt p\u00e5 hj\u00e4rnans funktion)<\/li>\n<li>Ideal f\u00f6r behandling av fetma och vikthanteringsprogram<\/li>\n<\/ul>\n<h3>Specifikationer<\/h3>\n<ul>\n<li>Aktiv ingrediens: Orlistat 120 mg<\/li>\n<li>Administreringsform: Kapslar f\u00f6r oral anv\u00e4ndning<\/li>\n<li>Rekommenderad anv\u00e4ndning: 1 kapsel till varje huvudm\u00e5l (upp till 3 g\u00e5nger dagligen)<\/li>\n<li>Mekanism: Lipash\u00e4mmare (blockerar fettupptag)<\/li>\n<li>Indikation: Hantering av fetma och \u00f6vervikt<\/li>\n<li>Receptstatus: Receptbelagt l\u00e4kemedel<\/li>\n<li>F\u00f6rvaring: Under 30\u00b0C<\/li>\n<li>Behandlingstid: Utv\u00e4rderas efter 12 veckor<\/li>\n<\/ul>\n<h3>Kompatibilitet \/ L\u00e4mplig f\u00f6r<\/h3>\n<ul>\n<li>Vuxna med BMI \u226530 (fetma)<\/li>\n<li>Vuxna med BMI \u226528 och h\u00e4lsorisker<\/li>\n<li>Individer som f\u00f6ljer en fettsn\u00e5l, kalorikontrollerad diet<\/li>\n<li>L\u00e4mplig f\u00f6r program f\u00f6r l\u00e5ngsiktig viktkontroll (under l\u00e4kar\u00f6vervakning)<\/li>\n<li>Kan anv\u00e4ndas tillsammans med tr\u00e4nings- och livsstilsf\u00f6r\u00e4ndringsplaner<\/li>\n<\/ul>\n<h3>Varf\u00f6r v\u00e4lja Xenical?<\/h3>\n<p>Xenical \u00e4r en av de mest betrodda medicinska l\u00f6sningarna f\u00f6r viktnedg\u00e5ng globalt. Dess unika fettblockerande mekanism g\u00f6r att anv\u00e4ndare kan g\u00e5 ner i vikt utan att p\u00e5verka aptiten eller energiniv\u00e5erna. Oavsett om du p\u00e5b\u00f6rjar en strukturerad viktresa eller beh\u00f6ver extra st\u00f6d f\u00f6r att bibeh\u00e5lla resultat, erbjuder orlistat-viktnedg\u00e5ngskapseln en vetenskapligt bevisad l\u00f6sning f\u00f6r ett h\u00e4lsosammare liv.<\/p>\n<h3><\/h3>\n<p>&nbsp;<\/p>","protected":false},"excerpt":{"rendered":"<p><span style=\"color: #ff0000;\"><strong>k\u00f6pa mediciner utan recept<\/strong><\/span><\/p>\n<p><span style=\"color: #ff0000;\"><a href=\"https:\/\/bestpillz.com\/sv\/shop\/\"><span style=\"color: #ff0000;\">We sell over-the-counter medicines<\/span><\/a>; buy\u00a0medicines with no prescription<br \/>\nsnabb, diskret och p\u00e5litlig leverans<br \/>\nsnabb och s\u00e4ker betalning<br \/>\nhandla diskret utan sp\u00e5r<\/span><\/p>\n<h3>Specifikationer<\/h3>\n<ul>\n<li>Aktiv ingrediens: Orlistat 120 mg<\/li>\n<li>Administreringsform: Kapslar f\u00f6r oral anv\u00e4ndning<\/li>\n<li>Rekommenderad anv\u00e4ndning: 1 kapsel till varje huvudm\u00e5l (upp till 3 g\u00e5nger dagligen)<\/li>\n<li>Mekanism: Lipash\u00e4mmare (blockerar fettupptag)<\/li>\n<li>Indikation: Hantering av fetma och \u00f6vervikt<\/li>\n<\/ul>","protected":false},"featured_media":469,"comment_status":"closed","ping_status":"closed","template":"","meta":[],"product_brand":[],"product_cat":[20],"product_tag":[],"class_list":{"0":"post-465","1":"product","2":"type-product","3":"status-publish","4":"has-post-thumbnail","6":"product_cat-weight-loss","8":"first","9":"instock","10":"shipping-taxable","11":"purchasable","12":"product-type-simple"},"_links":{"self":[{"href":"https:\/\/bestpillz.com\/sv\/wp-json\/wp\/v2\/product\/465","targetHints":{"allow":["GET"]}}],"collection":[{"href":"https:\/\/bestpillz.com\/sv\/wp-json\/wp\/v2\/product"}],"about":[{"href":"https:\/\/bestpillz.com\/sv\/wp-json\/wp\/v2\/types\/product"}],"replies":[{"embeddable":true,"href":"https:\/\/bestpillz.com\/sv\/wp-json\/wp\/v2\/comments?post=465"}],"version-history":[{"count":5,"href":"https:\/\/bestpillz.com\/sv\/wp-json\/wp\/v2\/product\/465\/revisions"}],"predecessor-version":[{"id":8417,"href":"https:\/\/bestpillz.com\/sv\/wp-json\/wp\/v2\/product\/465\/revisions\/8417"}],"wp:featuredmedia":[{"embeddable":true,"href":"https:\/\/bestpillz.com\/sv\/wp-json\/wp\/v2\/media\/469"}],"wp:attachment":[{"href":"https:\/\/bestpillz.com\/sv\/wp-json\/wp\/v2\/media?parent=465"}],"wp:term":[{"taxonomy":"product_brand","embeddable":true,"href":"https:\/\/bestpillz.com\/sv\/wp-json\/wp\/v2\/product_brand?post=465"},{"taxonomy":"product_cat","embeddable":true,"href":"https:\/\/bestpillz.com\/sv\/wp-json\/wp\/v2\/product_cat?post=465"},{"taxonomy":"product_tag","embeddable":true,"href":"https:\/\/bestpillz.com\/sv\/wp-json\/wp\/v2\/product_tag?post=465"}],"curies":[{"name":"wp","href":"https:\/\/api.w.org\/{rel}","templated":true}]}}