{"id":52,"date":"2026-02-26T00:12:56","date_gmt":"2026-02-26T00:12:56","guid":{"rendered":"https:\/\/bestpillz.com\/?post_type=product&#038;p=52"},"modified":"2026-04-19T22:46:06","modified_gmt":"2026-04-19T22:46:06","slug":"ozempic","status":"publish","type":"product","link":"https:\/\/bestpillz.com\/sv\/produkt\/ozempic\/","title":{"rendered":"Ozempic"},"content":{"rendered":"<div>\n<h2 data-section-id=\"dmeodv\" data-start=\"0\" data-end=\"75\">Ozempic (Semaglutide) \u2013 GLP-1 Receptor Agonist for Type 2 Diabetes (Rx)<\/h2>\n<\/div>\n<div>Ozempic \u00e4r ett l\u00e4kemedel som har visat sig underl\u00e4tta viktminskning. Det kan hj\u00e4lpa till att minska aptiten och f\u00f6rb\u00e4ttra viktminskningen. L\u00e4kemedlet injiceras en g\u00e5ng i veckan. Injektionen fungerar genom att minska din aptit och n\u00e4r den anv\u00e4nds i kombination med en h\u00e4lsosam kost och tr\u00e4ning kan den hj\u00e4lpa till att minska vikten.<\/div>\n<div><\/div>\n<div>Ozempic Semaglutid \u00e4r en behandling som anv\u00e4nds f\u00f6r typ 2-diabetes men \u00e4ven \u00e4r mycket hj\u00e4lpsam vid viktnedg\u00e5ng. Du kan k\u00f6pa Ozempic online i v\u00e5r butik och f\u00e5 det levererat s\u00e4kert till din d\u00f6rr.<\/div>\n<div><\/div>\n<div>Ozempic \u00e4r tillg\u00e4ngligt online och ges i form av en doserad subkutan injektion som finns i en f\u00e4rdigfylld penna. Dosen injiceras en g\u00e5ng i veckan. Injektionen fungerar genom att minska din aptit och kan, i kombination med en h\u00e4lsosam kost och motion, hj\u00e4lpa till att minska vikten.<\/div>\n<div><\/div>\n<h2>Vad \u00e4r Ozempic Semaglutid?<\/h2>\n<div><\/div>\n<div>Ozempic, eller som det generiskt \u00e4r k\u00e4nt som semaglutid, \u00e4r en behandling som anv\u00e4nds f\u00f6r bantning. Detta fungerar genom att minska aptiten genom att binda till GLP-1-receptorer i kroppen. N\u00e4r det anv\u00e4nds tillsammans med en balanserad kost och tr\u00e4ningsprogram kan det hj\u00e4lpa till att minska vikt hos patienter vars BMI (Body Mass Index) \u00e4r \u00f6ver 30.<\/div>\n<div><\/div>\n<h3><b>Hur fungerar Ozempic Semaglutid?<\/b><\/h3>\n<div><b>\u00a0<\/b><\/div>\n<div>Ozempic \u00e4r varum\u00e4rket f\u00f6r l\u00e4kemedlet semaglutid, som ocks\u00e5 \u00e4r den aktiva substansen i detta l\u00e4kemedel. Det tillh\u00f6r en l\u00e4kemedelsklass som kallas glukagonlik peptid-1 (GLP-1) agonister.<\/div>\n<div><\/div>\n<div>GLP-1-agonister fungerar genom att efterlikna och kopiera det naturliga arbetet av hormoner som kallas inkretiner. Inkretiner \u00e4r en grupp hormoner som styr bukspottk\u00f6rtelns funktioner. GLP-1-agonister verkar p\u00e5 bukspottk\u00f6rteln genom att \u00f6ka insulinproduktionen och minska glukagonniv\u00e5erna i kroppen. Genom att g\u00f6ra detta orsakar det ocks\u00e5 att mags\u00e4cken saktar ner mags\u00e4ckst\u00f6mningen, stimulerar en m\u00e4ttnadsk\u00e4nsla och hj\u00e4lper dig slutligen att g\u00e5 ner i vikt.<\/div>\n<div><\/div>\n<h3><b>Ozempic Semaglutid Dosering<\/b><\/h3>\n<div><b>\u00a0<\/b><\/div>\n<div>Det finns tv\u00e5 olika Ozempic-pennor. B\u00e5da inneh\u00e5ller 2 mg\/1,5 mL (1,34 mg\/mL) av l\u00e4kemedlet, men pennorna ger olika doser.<\/div>\n<ul>\n<li>En penna levererar 0,25 mg eller 0,5 mg per injektion. N\u00e4r du f\u00f6rst b\u00f6rjar ta Ozempic kommer din l\u00e4kare att rekommendera denna penna. Var och en av dessa pennor kan anv\u00e4ndas fyra till sex g\u00e5nger.<\/li>\n<li>Den andra pennan levererar 1 mg per injektion. Du kommer att anv\u00e4nda den h\u00e4r pennan om du beh\u00f6ver en h\u00f6gre dos f\u00f6r att kontrollera dina blodsockerniv\u00e5er. Var och en av dessa pennor kan endast anv\u00e4ndas tv\u00e5 g\u00e5nger.<\/li>\n<\/ul>\n<div><\/div>\n<h3><b>F\u00f6rsiktighets\u00e5tg\u00e4rder och biverkningar<\/b><\/h3>\n<div><b>\u00a0<\/b><\/div>\n<div>F\u00f6r korrekt administrering och f\u00f6r att s\u00e4kerst\u00e4lla att denna medicin \u00e4r l\u00e4mplig f\u00f6r dig, f\u00f6lj alla f\u00f6rsiktighets\u00e5tg\u00e4rder som n\u00e4mns h\u00e4r:<\/div>\n<div><\/div>\n<ul>\n<li>Innan du tar denna medicin, se till att du inte \u00e4r allergisk eller intolerant mot semaglutid eller n\u00e5got annat inneh\u00e5lls\u00e4mne i denna medicin.<\/li>\n<li>Om du anv\u00e4nder receptbelagda eller receptfria l\u00e4kemedel, ber\u00e4tta f\u00f6r din l\u00e4kare om det.<\/li>\n<li>Om du har eller n\u00e5gonsin har haft pankreatit (inflammation i bukspottk\u00f6rteln), diabetisk retinopati eller n\u00e5gon njursjukdom, se till att din l\u00e4kare k\u00e4nner till det.<\/li>\n<li>Om du \u00e4r gravid, planerar att bli gravid eller ammar, tala om detta f\u00f6r din l\u00e4kare innan du anv\u00e4nder detta l\u00e4kemedel. Om du planerar graviditet kommer din l\u00e4kare troligen att r\u00e5da dig att sluta med detta l\u00e4kemedel tv\u00e5 m\u00e5nader f\u00f6re graviditeten.<\/li>\n<li>Om du gl\u00f6mmer att ta en dos, ta den s\u00e5 snart du kommer ih\u00e5g. Om mer \u00e4n fem dagar har g\u00e5tt sedan du tog en dos, hoppa \u00f6ver den missade dosen och ta n\u00e4sta dos enligt schemat.<\/li>\n<li>Innan du anv\u00e4nder Ozempic-pennan, se till att v\u00e4tskan i pennan \u00e4r klar. Anv\u00e4nd inte pennan om v\u00e4tskan verkar f\u00e4rgad, grumlig, tjock eller inneh\u00e5ller partiklar.<\/li>\n<\/ul>\n<div>Ozempic (Semaglutid) har vissa biverkningar, men oftast upplever folk inga biverkningar. Men om du m\u00e4rker n\u00e5gra av dessa biverkningar, kontakta din l\u00e4kare omedelbart.<\/div>\n<div><\/div>\n<div>Vanliga biverkningar av detta l\u00e4kemedel \u00e4r ganska tolererbara, de inkluderar rapningar, illam\u00e5ende, kr\u00e4kningar, diarr\u00e9, f\u00f6rstoppning och magsm\u00e4rta.<\/div>\n<div><\/div>\n<div>N\u00e5gra allvarliga biverkningar \u00e4r minskad urinering, v\u00e4tskeretention<\/div>\n<div><\/div>\n<h3><b>Hur anv\u00e4nder jag Ozempic semaglutid?<\/b><\/h3>\n<div><b>\u00a0<\/b><\/div>\n<div>Anv\u00e4nd detta l\u00e4kemedel enligt anvisningarna. Om du \u00e4r os\u00e4ker p\u00e5 n\u00e5got, r\u00e5dg\u00f6r med din l\u00e4kare eller apotekspersonal.<\/div>\n<div><\/div>\n<div>Ozempic-injektionen kommer i en f\u00e4rdigfylld penna. Denna penna g\u00f6r att du kan injicera medicinen sj\u00e4lv. Varje Ozempic-penna levereras med flera n\u00e5lar. Du b\u00f6r anv\u00e4nda en ny n\u00e5l varje g\u00e5ng n\u00e4r du injicerar dig sj\u00e4lv med denna medicin.<\/div>\n<div><\/div>\n<ul>\n<li>Tv\u00e4tta h\u00e4nderna med tv\u00e5l och vatten f\u00f6re varje anv\u00e4ndning.<\/li>\n<li>F\u00f6rbered din penna. Kontrollera din penna f\u00f6r att vara s\u00e4ker p\u00e5 att den flytande medicinen \u00e4r klar, f\u00e4rgl\u00f6s och utan partiklar. Om s\u00e5 inte \u00e4r fallet, anv\u00e4nd den inte.<\/li>\n<li>F\u00e4st n\u00e5len. Dra av de yttre och inre n\u00e5lskydden och kasta dem. Ozempic-penna ska anv\u00e4ndas med Novo Nordisks eng\u00e5ngsn\u00e5lar som f\u00f6ljer med din penna. Anv\u00e4nd alltid en ny n\u00e5l f\u00f6r varje injektion.<\/li>\n<li><b>Kontrollera Ozempic-fl\u00f6det innan din f\u00f6rsta injektion med varje ny penna.<\/b><\/li>\n<li>Om du tappar pennan eller misst\u00e4nker ett problem, f\u00e4st en ny n\u00e5l och kontrollera Ozempics fl\u00f6de innan du injicerar.<\/li>\n<\/ul>\n<div><\/div>\n<h3><b>V\u00e4lj och injicera din dos<\/b><\/h3>\n<div><\/div>\n<ul>\n<li>V\u00e4lj din dos genom att vrida pennan till den dos som l\u00e4karen har ordinerat dig. Om du v\u00e4ljer fel dos kan du vrida dosv\u00e4ljaren fram\u00e5t eller bak\u00e5t till r\u00e4tt dos.<\/li>\n<li>Torka av din hud med en spritsudd d\u00e4r du t\u00e4nker injicera och l\u00e5t det torka. Stick in n\u00e5len i huden p\u00e5 magen, l\u00e5ret eller \u00f6verarmen.<\/li>\n<li>Tryck ner mitten av doseringsknappen f\u00f6r att injicera tills \u201c0 mg\u201d linjerar med pekaren.<\/li>\n<li>H\u00e5ll doseringsknappen nedtryckt, h\u00e5ll n\u00e5len under huden och r\u00e4kna l\u00e5ngsamt till 6 f\u00f6r att s\u00e4kerst\u00e4lla att hela dosen injiceras. H\u00e5ll tummen p\u00e5 injektionsknappen tills du tar bort n\u00e5len fr\u00e5n huden.<\/li>\n<li>Dra ut n\u00e5len fr\u00e5n injektionsst\u00e4llet. Om blod syns vid injektionsst\u00e4llet, tryck l\u00e4tt med en kompress eller bomullstuss. Gnugga inte p\u00e5 omr\u00e5det.<\/li>\n<\/ul>\n<h3><b>Kasta din n\u00e5l<\/b><\/h3>\n<div><b>\u00a0<\/b><\/div>\n<ul>\n<li>Ta f\u00f6rsiktigt bort n\u00e5len fr\u00e5n pennan och kassera den i en FDA-godk\u00e4nd beh\u00e5llare f\u00f6r vasst avfall. Sl\u00e4ng inte l\u00f6sa n\u00e5lar och pennor i hush\u00e5llssoporna.<\/li>\n<li>S\u00e4tt inte tillbaka n\u00e5lskydden p\u00e5 n\u00e5len f\u00f6r att undvika n\u00e5lstick. F\u00f6rvara din penna utan fastsatt n\u00e5l. \u00c5teranv\u00e4nd eller dela INTE n\u00e5lar.<\/li>\n<li>S\u00e4tt tillbaka pennans kork efter varje anv\u00e4ndning f\u00f6r att skydda Ozempic fr\u00e5n ljus.<\/li>\n<li>Ha alltid din penna med dig. L\u00e4mna den inte i en bil eller p\u00e5 annan plats d\u00e4r den kan bli f\u00f6r varm eller kall. F\u00f6rvara den utom r\u00e4ckh\u00e5ll f\u00f6r andra, s\u00e4rskilt barn och husdjur.<\/li>\n<\/ul>\n<h3><b>F\u00f6r att kontrollera fl\u00f6det<\/b><\/h3>\n<div><b>\u00a0<\/b><\/div>\n<ul>\n<li>F\u00f6rsta g\u00e5ngen du anv\u00e4nder varje ny Ozempic-penna, se till att du st\u00e4ller in den p\u00e5 fl\u00f6deskontrollsymbolen. Du beh\u00f6ver bara g\u00f6ra detta en g\u00e5ng med varje ny penna. Vrid dosv\u00e4ljaren tills fl\u00f6deskontrollsymbolen st\u00e5r i linje med pekaren.<\/li>\n<li>H\u00e5ll pennan med n\u00e5len pekande upp\u00e5t. H\u00e5ll n\u00e5len pekande upp\u00e5t och tryck p\u00e5 doseringsknappen tills \u201c0 mg\u201d hamnar i linje med pekaren. En droppe Ozempic kommer att synas p\u00e5 spetsen av n\u00e5len.<\/li>\n<li>Om ingen droppe syns, upprepa steg 1 och 2 upp till 6 g\u00e5nger tills en droppe Ozempic syns vid n\u00e5lspetsen. Om det fortfarande inte syns n\u00e5gon droppe, byt n\u00e5l och upprepa steg 1 och 2 en g\u00e5ng till. Anv\u00e4nd inte pennan om ingen droppe Ozempic fortfarande syns.<\/li>\n<\/ul>","protected":false},"excerpt":{"rendered":"<p><span style=\"color: #ff0000;\"><strong>buy ozempic with no prescription<\/strong><\/span><\/p>\n<p><span style=\"color: #ff0000;\"><a style=\"color: #ff0000;\" href=\"https:\/\/bestpillz.com\/sv\/shop\/\">We sell over-the-counter ozempic medicine<\/a>;<\/span><br \/>\n<span style=\"color: #ff0000;\">snabb, diskret och p\u00e5litlig leverans<\/span><br \/>\n<span style=\"color: #ff0000;\">snabb och s\u00e4ker betalning<\/span><br \/>\n<span style=\"color: #ff0000;\">handla diskret utan sp\u00e5r<\/span><\/p>","protected":false},"featured_media":82,"comment_status":"closed","ping_status":"closed","template":"","meta":[],"product_brand":[],"product_cat":[19,20],"product_tag":[],"class_list":{"0":"post-52","1":"product","2":"type-product","3":"status-publish","4":"has-post-thumbnail","6":"product_cat-diabetes","7":"product_cat-weight-loss","9":"first","10":"instock","11":"sale","12":"shipping-taxable","13":"purchasable","14":"product-type-simple"},"_links":{"self":[{"href":"https:\/\/bestpillz.com\/sv\/wp-json\/wp\/v2\/product\/52","targetHints":{"allow":["GET"]}}],"collection":[{"href":"https:\/\/bestpillz.com\/sv\/wp-json\/wp\/v2\/product"}],"about":[{"href":"https:\/\/bestpillz.com\/sv\/wp-json\/wp\/v2\/types\/product"}],"replies":[{"embeddable":true,"href":"https:\/\/bestpillz.com\/sv\/wp-json\/wp\/v2\/comments?post=52"}],"version-history":[{"count":2,"href":"https:\/\/bestpillz.com\/sv\/wp-json\/wp\/v2\/product\/52\/revisions"}],"predecessor-version":[{"id":8655,"href":"https:\/\/bestpillz.com\/sv\/wp-json\/wp\/v2\/product\/52\/revisions\/8655"}],"wp:featuredmedia":[{"embeddable":true,"href":"https:\/\/bestpillz.com\/sv\/wp-json\/wp\/v2\/media\/82"}],"wp:attachment":[{"href":"https:\/\/bestpillz.com\/sv\/wp-json\/wp\/v2\/media?parent=52"}],"wp:term":[{"taxonomy":"product_brand","embeddable":true,"href":"https:\/\/bestpillz.com\/sv\/wp-json\/wp\/v2\/product_brand?post=52"},{"taxonomy":"product_cat","embeddable":true,"href":"https:\/\/bestpillz.com\/sv\/wp-json\/wp\/v2\/product_cat?post=52"},{"taxonomy":"product_tag","embeddable":true,"href":"https:\/\/bestpillz.com\/sv\/wp-json\/wp\/v2\/product_tag?post=52"}],"curies":[{"name":"wp","href":"https:\/\/api.w.org\/{rel}","templated":true}]}}